{"id":609,"date":"2026-05-03T10:13:59","date_gmt":"2026-05-03T10:13:59","guid":{"rendered":"https:\/\/ch.amilo.earth\/?post_type=product&#038;p=609"},"modified":"2026-05-03T16:29:33","modified_gmt":"2026-05-03T16:29:33","slug":"fiaschetta-filtro-vitalizzante-per-acqua-off-grid","status":"publish","type":"product","link":"https:\/\/ch.amilo.earth\/it\/produit\/gourde-filtrante-vitalisante-eau-hors-reseau\/","title":{"rendered":"Pallone con filtro vitalizzante per l'acqua fuori rete"},"content":{"rendered":"<h2>Pallone filtrante vitalizzante per acqua off-grid: acqua potabile ovunque, in modo completamente autonomo<\/h2>\n<p>Accesso all'acqua pi\u00f9 sicura, anche quando si \u00e8 lontani dall'impianto. Il <strong>bottiglia filtrante vitalizzante per l'acqua non potabile<\/strong> \u00e8 stato appositamente studiato per aiutarvi a <strong>escursioni, campeggio, trekking o viaggi<\/strong>. Permette di trasformare l'acqua prelevata dalla natura in acqua potabile pi\u00f9 affidabile, beneficiando della vitalizzazione naturale.<\/p>\n<h2>Una soluzione ideale per le vostre attivit\u00e0 all'aperto<\/h2>\n<p>Che siate amanti della natura o esperti avventurieri, questa borraccia sta diventando un must:<\/p>\n<ul>\n<li><strong>Escursioni e trekking<\/strong> ridurre il peso della borsa evitando di portare con s\u00e9 grandi quantit\u00e0 di acqua<\/li>\n<li><strong>Campeggio<\/strong> Utilizzare una sorgente, un fiume o una fonte d'acqua naturale.<\/li>\n<li><strong>Viaggi<\/strong> Idratazione: assicurarsi l'idratazione in zone dove l'acqua potabile \u00e8 incerta.<\/li>\n<li><strong>Attivit\u00e0 sportive all'aperto<\/strong> Rimanere idratati con acqua pi\u00f9 sicura quando si \u00e8 in giro<\/li>\n<\/ul>\n<p>Offre <strong>autonomia preziosa<\/strong> limitando al contempo l'impatto ambientale.<\/p>\n<h2>Filtrazione ad alte prestazioni per le acque naturali<\/h2>\n<p>Dotata di una cartuccia adatta al trattamento dell'acqua potabile, questa bottiglia riduce efficacemente il numero di contaminanti presenti nell'acqua non trattata:<\/p>\n<ul>\n<li>Particelle sospese<\/li>\n<li>Batteri e microrganismi<\/li>\n<li>Residui organici<\/li>\n<li>Alcune sostanze chimiche, a seconda della loro natura<\/li>\n<\/ul>\n<p>Il risultato \u00e8 un'acqua pi\u00f9 limpida, gradevole e sicura da bere in viaggio.<\/p>\n<h2>Vitalit\u00e0 naturale anche all'aria aperta<\/h2>\n<p>Oltre al filtraggio, la borraccia incorpora un sistema di <strong>vitalizzazione naturale<\/strong> associando <strong>Silice informata<\/strong> e <strong>Ceramica EM<\/strong>. Questo processo agisce sulla struttura dell'acqua per migliorarne l'equilibrio e la qualit\u00e0 complessiva.<\/p>\n<p>In questo modo si ottiene acqua non solo filtrata, ma anche energizzata, anche quando si \u00e8 lontani da qualsiasi infrastruttura.<\/p>\n<h2>Un design pratico e robusto progettato per l'avventura<\/h2>\n<p>La <strong>bottiglia filtrante vitalizzante per l'acqua non potabile<\/strong> \u00e8 stato progettato per un uso intensivo all'aperto:<\/p>\n<ul>\n<li>Struttura in <strong>ABS per uso alimentare senza BPA o BPB<\/strong><\/li>\n<li><strong>Apertura rapida<\/strong> per un facile utilizzo in movimento<\/li>\n<li><strong>Cinghia di trasporto<\/strong> da appendere alla borsa<\/li>\n<li>Design compatto ed ergonomico<\/li>\n<\/ul>\n<p>Si infila facilmente nell'attrezzatura senza appesantire.<\/p>\n<h2>Specifiche tecniche<\/h2>\n<ul>\n<li>Altezza: 26 cm<\/li>\n<li>Diametro: 8 cm<\/li>\n<li>Capacit\u00e0: 750 ml<\/li>\n<li>Peso: 340 g<\/li>\n<li>Durata della cartuccia: circa. <strong>300 litri<\/strong> a seconda della qualit\u00e0 dell'acqua<\/li>\n<\/ul>\n<h2>Quale cartuccia devo usare per l'acqua non collegata alla rete?<\/h2>\n<p>Per l'utilizzo in ambienti naturali, si consiglia di utilizzare un <strong>Cartuccia di tipo Disruptor<\/strong>, appositamente progettato per il trattamento dell'acqua potabile.<\/p>\n<p>Questa cartuccia pu\u00f2 essere utilizzata per il trattamento di acque non controllate, ma richiede una maggiore aspirazione rispetto a una cartuccia a carbone tradizionale.<\/p>\n<p>La cartuccia di carbone \u00e8 adatta solo per l'acqua di rete e non \u00e8 consigliata per il campionamento in ambiente naturale.<\/p>\n<h2>Informazioni importanti e precauzioni d'uso<\/h2>\n<ul>\n<li>Questa bottiglia pu\u00f2 essere utilizzata per filtrare alcuni tipi di acqua naturale, ma non sostituisce un'analisi completa della qualit\u00e0 dell'acqua.<\/li>\n<li><strong>Non filtra l'acqua di mare<\/strong><\/li>\n<li><strong>Non deve essere utilizzato con acqua proveniente da aree industriali o fortemente inquinate.<\/strong><\/li>\n<li><strong>Non lavabile in lavastoviglie<\/strong><\/li>\n<\/ul>\n<h2>Un'autonomia preziosa per le vostre avventure<\/h2>\n<p>Con il <strong>bottiglia filtrante vitalizzante per l'acqua non potabile<\/strong>, Vi offre maggiore libert\u00e0 e sicurezza quando siete in viaggio. Vi permette di bere acqua pi\u00f9 affidabile, ovunque vi troviate, adottando un approccio pratico e responsabile.<\/p>","protected":false},"excerpt":{"rendered":"<p>La borraccia con filtro vitalizzante Amilo per l'acqua fuori rete \u00e8 il compagno ideale per le vostre escursioni, i trekking, il campeggio, le attivit\u00e0 all'aperto, la pesca, ecc. <strong>Disruptor\u00ae<\/strong> \u00e8 un prodigio di tecnologia che garantisce un'acqua priva di batteri, virus, cisti e altri inquinanti comuni presenti nell'acqua di rete. Se non si prevede di utilizzare la borraccia in un ambiente naturale, scegliere la borraccia con filtro vitalising per l'acqua di rete, perch\u00e9 \u00e8 pi\u00f9 facile prelevare l'acqua.<br \/>\nCapacit\u00e0 di filtrazione della cartuccia: 300L<br \/>\nCapacit\u00e0: 750 ml<\/p>","protected":false},"featured_media":610,"template":"","meta":{"_acf_changed":false},"product_brand":[],"product_cat":[19],"product_tag":[],"class_list":{"0":"post-609","1":"product","2":"type-product","3":"status-publish","4":"has-post-thumbnail","6":"product_cat-gourdes-filtrantes","7":"product_shipping_class-gourde","9":"first","10":"instock","11":"taxable","12":"shipping-taxable","13":"purchasable","14":"product-type-simple"},"acf":[],"_links":{"self":[{"href":"https:\/\/ch.amilo.earth\/it\/wp-json\/wp\/v2\/product\/609","targetHints":{"allow":["GET"]}}],"collection":[{"href":"https:\/\/ch.amilo.earth\/it\/wp-json\/wp\/v2\/product"}],"about":[{"href":"https:\/\/ch.amilo.earth\/it\/wp-json\/wp\/v2\/types\/product"}],"wp:featuredmedia":[{"embeddable":true,"href":"https:\/\/ch.amilo.earth\/it\/wp-json\/wp\/v2\/media\/610"}],"wp:attachment":[{"href":"https:\/\/ch.amilo.earth\/it\/wp-json\/wp\/v2\/media?parent=609"}],"wp:term":[{"taxonomy":"product_brand","embeddable":true,"href":"https:\/\/ch.amilo.earth\/it\/wp-json\/wp\/v2\/product_brand?post=609"},{"taxonomy":"product_cat","embeddable":true,"href":"https:\/\/ch.amilo.earth\/it\/wp-json\/wp\/v2\/product_cat?post=609"},{"taxonomy":"product_tag","embeddable":true,"href":"https:\/\/ch.amilo.earth\/it\/wp-json\/wp\/v2\/product_tag?post=609"}],"curies":[{"name":"wp","href":"https:\/\/api.w.org\/{rel}","templated":true}]}}