{"id":607,"date":"2026-05-03T10:13:25","date_gmt":"2026-05-03T10:13:25","guid":{"rendered":"https:\/\/ch.amilo.earth\/?post_type=product&#038;p=607"},"modified":"2026-05-03T16:29:25","modified_gmt":"2026-05-03T16:29:25","slug":"bottiglia-filtro-di-rete-vitalizzante","status":"publish","type":"product","link":"https:\/\/ch.amilo.earth\/it\/produit\/gourde-filtrante-vitalisante-reseau\/","title":{"rendered":"Bottiglia filtro vitalizzante per acqua di rete"},"content":{"rendered":"<h2>Borraccia con filtro vitalizzante: portate con voi l'acqua pura ed energizzata, ovunque andiate.<\/h2>\n<p>Accesso all'acqua di qualit\u00e0, ovunque vi troviate. Visitare <strong>flacone filtro vitalizzante<\/strong> \u00e8 stato progettato per consentirvi di <strong>filtraggio dell'acqua di rete su richiesta<\/strong> in modo da poterlo portare con s\u00e9 ovunque si vada. Compatto, leggero e potente, trasforma l'acqua del rubinetto in un'acqua pi\u00f9 gradevole, pi\u00f9 sana e naturalmente energizzata.<\/p>\n<h2>Filtrazione efficiente per un'acqua pi\u00f9 sana<\/h2>\n<p>Grazie a un sistema che combina <strong>prefiltrazione fine<\/strong> e <strong>carbone attivo<\/strong>, Questa bottiglia elimina gran parte delle sostanze indesiderate presenti nell'acqua di rete:<\/p>\n<ul>\n<li>Cloro e sottoprodotti del cloro<\/li>\n<li>Pesticidi ed erbicidi<\/li>\n<li>Residui di farmaci<\/li>\n<li>Metalli pesanti<\/li>\n<li>Particelle fini<\/li>\n<\/ul>\n<p>Il risultato \u00e8 un'acqua pi\u00f9 morbida al palato, senza sapori o odori sgradevoli, ideale per il consumo quotidiano.<\/p>\n<h2>Vitalizzazione naturale per un'acqua pi\u00f9 equilibrata<\/h2>\n<p>Oltre alla filtrazione, questa bottiglia d'acqua incorpora un processo di <strong>vitalizzazione naturale<\/strong> grazie all'associazione di <strong>Silice informata<\/strong> (frequenze ispirate al calcare marino) e <strong>Ceramica EM<\/strong>.<\/p>\n<p>Questo processo agisce sulla struttura dell'acqua per ripristinare i minerali essenziali, favorendo una migliore assimilazione da parte dell'organismo e un migliore equilibrio generale.<\/p>\n<h2>Per l'uso quotidiano in ufficio, a scuola e in viaggio<\/h2>\n<p>La <strong>flacone filtro vitalizzante<\/strong> si adatta perfettamente a ogni momento della giornata:<\/p>\n<ul>\n<li><strong>In ufficio<\/strong> evitate le bottiglie di plastica e godetevi l'acqua filtrata direttamente dal rubinetto<\/li>\n<li><strong>A scuola<\/strong> Ideale per i bambini, permette loro di bere acqua pi\u00f9 sana durante la giornata.<\/li>\n<li><strong>Nello sport<\/strong> idratarsi con acqua di migliore qualit\u00e0 durante le sessioni<\/li>\n<li><strong>In movimento<\/strong> Riempite la vostra borraccia ovunque ci sia acqua di rete: in treno, in auto, in aereo...<\/li>\n<li><strong>A casa<\/strong> Una pratica alternativa tra due bicchieri di acqua filtrata o per completare la vostra attrezzatura.<\/li>\n<\/ul>\n<p>Diventa rapidamente un modo semplice ed ecologico per migliorare l'idratazione quotidiana.<\/p>\n<h2>Design ergonomico e di facile utilizzo<\/h2>\n<p>Progettata per un uso pratico e piacevole, questa borraccia offre :<\/p>\n<ul>\n<li>A <strong>apertura rapida<\/strong> per bere facilmente<\/li>\n<li>A <strong>cinghia di trasporto<\/strong> in modo da poterlo portare ovunque<\/li>\n<li>A <strong>design moderno ed ergonomico<\/strong> si tiene bene in mano<\/li>\n<li>A <strong>manutenzione semplice<\/strong> su base giornaliera<\/li>\n<\/ul>\n<p>Prodotto in <strong>ABS per uso alimentare senza BPA o BPB<\/strong>, \u00c8 sicuro per tutta la famiglia.<\/p>\n<h2>Specifiche tecniche<\/h2>\n<ul>\n<li>Altezza: 26 cm<\/li>\n<li>Diametro: 8 cm<\/li>\n<li>Capacit\u00e0: 750 ml<\/li>\n<li>Peso: 340 g<\/li>\n<li>Durata della cartuccia: circa. <strong>500 litri<\/strong> (quasi 700 otturazioni)<\/li>\n<\/ul>\n<h2>Quale cartuccia scegliere per la vostra bottiglia d'acqua vitalizzante?<\/h2>\n<p>Due tipi di cartucce sono compatibili con la bottiglia d'acqua:<\/p>\n<ul>\n<li><strong>Cartuccia di carbone attivo<\/strong> \u00c8 ideale per l'uso quotidiano con l'acqua di rete. \u00c8 pi\u00f9 facile da aspirare e perfettamente adatto ai bambini.<\/li>\n<li><strong>Cartuccia Disruptor<\/strong> Depuratore d'acqua: progettato per depurare l'acqua prelevata dall'ambiente naturale. Pu\u00f2 essere utilizzato anche con l'acqua di rete, ma richiede una maggiore potenza di aspirazione.<\/li>\n<\/ul>\n<p>Se si utilizza solo acqua di rubinetto, la cartuccia di carbone \u00e8 generalmente consigliata per la sua facilit\u00e0 d'uso.<\/p>\n<h2>Informazioni importanti<\/h2>\n<ul>\n<li>Questa borraccia \u00e8 progettata per <strong>filtrare solo l'acqua di rete<\/strong><\/li>\n<li>Non pu\u00f2 essere utilizzato per trattare l'acqua di mare o l'acqua prelevata dall'ambiente naturale (ad eccezione delle cartucce adatte).<\/li>\n<li><strong>Non lavabile in lavastoviglie<\/strong><\/li>\n<\/ul>\n<h2>Una soluzione ideale per tutta la famiglia<\/h2>\n<p>Particolarmente indicato per i bambini, il <strong>flacone filtro vitalizzante<\/strong> consente di adottare facilmente buone abitudini di idratazione con un'acqua pi\u00f9 sana e piacevole. \u00c8 una soluzione semplice, ecologica ed economica per migliorare la vostra vita quotidiana, ovunque vi troviate.<\/p>","protected":false},"excerpt":{"rendered":"<p>La borraccia con filtro vitalizzante Amilo viene portata ovunque: in ufficio, a scuola, nello sport, durante le passeggiate... \u00e8 progettata per filtrare l'acqua di rete grazie alla sua cartuccia di carbone di lunga durata. Non utilizzare con l'acqua del rubinetto. Per le vostre escursioni e i vostri trekking, scegliete la borraccia con filtro vitalizzante per l'acqua di rete.<br \/>\nCapacit\u00e0 di filtrazione della cartuccia: 500L<br \/>\nCapacit\u00e0: 750 ml<\/p>","protected":false},"featured_media":608,"template":"","meta":{"_acf_changed":false},"product_brand":[],"product_cat":[19],"product_tag":[],"class_list":{"0":"post-607","1":"product","2":"type-product","3":"status-publish","4":"has-post-thumbnail","6":"product_cat-gourdes-filtrantes","7":"product_shipping_class-gourde","9":"first","10":"instock","11":"taxable","12":"shipping-taxable","13":"purchasable","14":"product-type-simple"},"acf":[],"_links":{"self":[{"href":"https:\/\/ch.amilo.earth\/it\/wp-json\/wp\/v2\/product\/607","targetHints":{"allow":["GET"]}}],"collection":[{"href":"https:\/\/ch.amilo.earth\/it\/wp-json\/wp\/v2\/product"}],"about":[{"href":"https:\/\/ch.amilo.earth\/it\/wp-json\/wp\/v2\/types\/product"}],"wp:featuredmedia":[{"embeddable":true,"href":"https:\/\/ch.amilo.earth\/it\/wp-json\/wp\/v2\/media\/608"}],"wp:attachment":[{"href":"https:\/\/ch.amilo.earth\/it\/wp-json\/wp\/v2\/media?parent=607"}],"wp:term":[{"taxonomy":"product_brand","embeddable":true,"href":"https:\/\/ch.amilo.earth\/it\/wp-json\/wp\/v2\/product_brand?post=607"},{"taxonomy":"product_cat","embeddable":true,"href":"https:\/\/ch.amilo.earth\/it\/wp-json\/wp\/v2\/product_cat?post=607"},{"taxonomy":"product_tag","embeddable":true,"href":"https:\/\/ch.amilo.earth\/it\/wp-json\/wp\/v2\/product_tag?post=607"}],"curies":[{"name":"wp","href":"https:\/\/api.w.org\/{rel}","templated":true}]}}