{"id":408,"date":"2026-05-02T17:04:10","date_gmt":"2026-05-02T17:04:10","guid":{"rendered":"https:\/\/ch.amilo.earth\/?post_type=product&#038;p=408"},"modified":"2026-05-03T16:28:35","modified_gmt":"2026-05-03T16:28:35","slug":"cartuccia-di-filtrazione-per-filtro-domestico-compatto","status":"publish","type":"product","link":"https:\/\/ch.amilo.earth\/it\/produit\/cartouche-filtration-pour-filtre-habitation-compact\/","title":{"rendered":"Cartuccia di filtrazione per filtro domestico compatto"},"content":{"rendered":"<h2>Cartuccia filtrante compatta Amilo: una soluzione ad alte prestazioni per portate ridotte<\/h2>\n<p>La <strong>Cartuccia filtrante compatta Amilo<\/strong> \u00e8 stato appositamente progettato per rimuovere efficacemente le molecole chimiche indesiderate dall'acqua di rete. Integrato nei sistemi Amilo Habitation, combina una finezza di filtrazione di <strong>0,5 micron<\/strong> con un'elevata capacit\u00e0 di assorbimento e di adsorbimento, per garantire ogni giorno un'acqua di alta qualit\u00e0.<\/p>\n<h2>Trattenimento efficace degli inquinanti pi\u00f9 comuni<\/h2>\n<p>Grazie alla sua tecnologia avanzata, questa cartuccia cattura un'ampia gamma di sostanze indesiderate:<\/p>\n<ul>\n<li>Cloro e suoi derivati<\/li>\n<li>Pesticidi ed erbicidi<\/li>\n<li>Residui di farmaci e ormoni<\/li>\n<li>Metalli pesanti<\/li>\n<li>Idrocarburi<\/li>\n<li>Detergenti e residui di cosmetici<\/li>\n<\/ul>\n<p>Migliora significativamente il sapore, l'odore e la qualit\u00e0 complessiva dell'acqua.<\/p>\n<h2>Un formato compatto per esigenze moderate<\/h2>\n<p>Con il suo <strong>10 pollici<\/strong>, il <strong>Cartuccia filtrante compatta Amilo<\/strong> \u00e8 ideale per le installazioni a basso consumo. \u00c8 particolarmente adatto a situazioni in cui un massimo di <strong>due punti d'acqua<\/strong> vengono utilizzati contemporaneamente.<\/p>\n<p>Questo formato offre una filtrazione ad alte prestazioni in un pacchetto compatto.<\/p>\n<h2>Tecnologia avanzata a carbone attivo compresso<\/h2>\n<p>Questa cartuccia \u00e8 basata su una tecnologia innovativa che incorpora <strong>fibre impregnate di carbone attivo in polvere<\/strong>. Lo stampaggio a umido produce un carbone compresso che combina diversi vantaggi:<\/p>\n<ul>\n<li>Filtrazione fine paragonabile al carbone a blocchi<\/li>\n<li>Eccellente capacit\u00e0 di ritenzione delle molecole chimiche<\/li>\n<li>Produttivit\u00e0 ottimizzata fino a <strong>0,9 m\u00b3\/h<\/strong>, superiore a quella di una cartuccia convenzionale a blocco di carbonio<\/li>\n<\/ul>\n<h2>Eccezionale potere di adsorbimento<\/h2>\n<p>Il carbone attivo \u00e8 noto per la sua elevatissima capacit\u00e0 di adsorbimento. La sua superficie specifica pu\u00f2 superare <strong>1000 m\u00b2 per grammo<\/strong>, Offre una notevole efficienza nella cattura dei contaminanti.<\/p>\n<p>Ad esempio, solo 3 grammi di carbone attivo coprono un'area grande come un campo da calcio, a dimostrazione del suo incredibile potere di filtrazione.<\/p>\n<h2>Acqua pronta per essere vitalizzata<\/h2>\n<p>Una volta eliminate le molecole indesiderate, l'acqua ritorna a una base sana. Pu\u00f2 quindi essere dinamizzata nelle fasi successive del sistema Amilo, per ripristinare il suo essenziale \u0917\u0941\u0923 ed equilibrio naturale.<\/p>\n<h2>Durata e manutenzione<\/h2>\n<p>Per garantire prestazioni ottimali, si consiglia di sostituire il <strong>Cartuccia filtrante compatta Amilo<\/strong> tutti <strong>12 mesi<\/strong> o dopo il trattamento di circa <strong>100 m\u00b3 di acqua<\/strong>.<\/p>\n<p>Questo tempo pu\u00f2 essere ridotto se l'acqua \u00e8 molto torbida, anche in una rete domestica. Il monitoraggio regolare dell'impianto assicura che la qualit\u00e0 della filtrazione rimanga costante.<\/p>","protected":false},"excerpt":{"rendered":"<p>Cartuccia filtrante di ricambio ai carboni attivi per il vostro filtro <strong>Amilo global habitation compact<\/strong>. Questa cartuccia \u00e8 progettata per trattare 100 m3 di acqua o il consumo medio di un anno di una famiglia di 4 persone.<\/p>","protected":false},"featured_media":409,"template":"","meta":{"_acf_changed":false},"product_brand":[],"product_cat":[30],"product_tag":[],"class_list":{"0":"post-408","1":"product","2":"type-product","3":"status-publish","4":"has-post-thumbnail","6":"product_cat-cartouches-pour-filtres-habitation","7":"product_shipping_class-cartouches","9":"first","10":"instock","11":"taxable","12":"shipping-taxable","13":"purchasable","14":"product-type-simple"},"acf":[],"_links":{"self":[{"href":"https:\/\/ch.amilo.earth\/it\/wp-json\/wp\/v2\/product\/408","targetHints":{"allow":["GET"]}}],"collection":[{"href":"https:\/\/ch.amilo.earth\/it\/wp-json\/wp\/v2\/product"}],"about":[{"href":"https:\/\/ch.amilo.earth\/it\/wp-json\/wp\/v2\/types\/product"}],"wp:featuredmedia":[{"embeddable":true,"href":"https:\/\/ch.amilo.earth\/it\/wp-json\/wp\/v2\/media\/409"}],"wp:attachment":[{"href":"https:\/\/ch.amilo.earth\/it\/wp-json\/wp\/v2\/media?parent=408"}],"wp:term":[{"taxonomy":"product_brand","embeddable":true,"href":"https:\/\/ch.amilo.earth\/it\/wp-json\/wp\/v2\/product_brand?post=408"},{"taxonomy":"product_cat","embeddable":true,"href":"https:\/\/ch.amilo.earth\/it\/wp-json\/wp\/v2\/product_cat?post=408"},{"taxonomy":"product_tag","embeddable":true,"href":"https:\/\/ch.amilo.earth\/it\/wp-json\/wp\/v2\/product_tag?post=408"}],"curies":[{"name":"wp","href":"https:\/\/api.w.org\/{rel}","templated":true}]}}