{"id":406,"date":"2026-05-02T16:59:11","date_gmt":"2026-05-02T16:59:11","guid":{"rendered":"https:\/\/ch.amilo.earth\/?post_type=product&#038;p=406"},"modified":"2026-05-02T17:15:36","modified_gmt":"2026-05-02T17:15:36","slug":"cartuccia-di-filtrazione-per-filtro-domestico-standard","status":"publish","type":"product","link":"https:\/\/ch.amilo.earth\/it\/produit\/cartouche-filtration-pour-filtre-habitation-standard\/","title":{"rendered":"Cartuccia di filtrazione per filtro domestico standard"},"content":{"rendered":"<h2>Cartuccia di filtraggio dell'acqua di rete: prestazioni e purezza per la vostra installazione Amilo<\/h2>\n<p>Questo <strong>cartuccia di filtrazione dedicata alle molecole chimiche<\/strong> \u00e8 utilizzato come standard nei sistemi Amilo Habitation. Progettato per migliorare in modo significativo la qualit\u00e0 dell'acqua, combina una finezza di filtrazione di <strong>0,5 micron<\/strong> elevata capacit\u00e0 di adsorbimento e assorbimento.<\/p>\n<p>In questo modo, contribuisce a fornire un'acqua pi\u00f9 sana e piacevole, adatta alle esigenze quotidiane.<\/p>\n<h2>Trattenimento efficace dei principali inquinanti<\/h2>\n<p>Grazie al suo design avanzato, questa cartuccia cattura un'ampia gamma di sostanze indesiderate presenti nell'acqua di rete:<\/p>\n<ul>\n<li>Cloro e sottoprodotti del cloro<\/li>\n<li>Pesticidi, erbicidi e PFAS<\/li>\n<li>Residui di farmaci e ormoni<\/li>\n<li>Metalli pesanti<\/li>\n<li>Idrocarburi<\/li>\n<li>Detergenti e residui di cosmetici<\/li>\n<\/ul>\n<p>L'acqua \u00e8 pi\u00f9 pura, priva di elementi che potrebbero alterarne il sapore, l'odore o la qualit\u00e0 complessiva.<\/p>\n<h2>Tecnologia avanzata a carbone attivo compresso<\/h2>\n<p>Questa cartuccia incorpora una tecnologia innovativa basata su <strong>fibre impregnate di carbone attivo in polvere<\/strong>. Stampato allo stato umido, forma un carbone compresso che offre un eccellente compromesso tra filtrazione fine ed elevata capacit\u00e0 di ritenzione.<\/p>\n<p>Questo processo combina :<\/p>\n<ul>\n<li>Filtrazione precisa paragonabile al carbone a blocchi<\/li>\n<li>Elevata capacit\u00e0 di catturare molecole chimiche<\/li>\n<li>Portate d'acqua elevate, fino a <strong>1,8 m\u00b3\/h<\/strong><\/li>\n<\/ul>\n<h2>L'eccezionale potere del carbone attivo<\/h2>\n<p>Il carbone attivo \u00e8 riconosciuto come uno dei materiali pi\u00f9 efficaci per l'adsorbimento. La sua superficie specifica pu\u00f2 superare <strong>1000 m\u00b2 per grammo<\/strong>, che offre un potere di cattura estremamente elevato.<\/p>\n<p>A titolo indicativo, solo 3 grammi di carbone attivo coprono un'area grande come un campo da calcio, il che ne illustra perfettamente l'efficacia.<\/p>\n<h2>Acqua pronta per essere vitalizzata<\/h2>\n<p>Una volta eliminate le sostanze indesiderate, l'acqua riacquista una base sana, ideale per le fasi successive del trattamento, in particolare la vitalizzazione. Questo processo ripristina le propriet\u00e0 e l'equilibrio naturali dell'acqua.<\/p>\n<h2>Durata e sostituzione della cartuccia<\/h2>\n<p>La cartuccia deve essere sostituita ogni <strong>2 anni<\/strong> o dopo il trattamento di circa <strong>200 m\u00b3 di acqua<\/strong>.<\/p>\n<p>Questa soglia pu\u00f2 variare a seconda della qualit\u00e0 iniziale dell'acqua (presenza di particelle, torbidit\u00e0, carico inquinante). Una manutenzione regolare assicura che il sistema di filtrazione rimanga sempre efficiente.<\/p>","protected":false},"excerpt":{"rendered":"<p>Cartuccia filtrante di ricambio a carboni attivi per il filtro Amilo global habitation standard. Questa cartuccia \u00e8 progettata per trattare 200 m3 di acqua o 2 anni di consumo medio di acqua per una famiglia di 4 persone.<\/p>","protected":false},"featured_media":407,"template":"","meta":{"_acf_changed":false},"product_brand":[],"product_cat":[30],"product_tag":[],"class_list":{"0":"post-406","1":"product","2":"type-product","3":"status-publish","4":"has-post-thumbnail","6":"product_cat-cartouches-pour-filtres-habitation","8":"first","9":"instock","10":"taxable","11":"shipping-taxable","12":"purchasable","13":"product-type-simple"},"acf":[],"_links":{"self":[{"href":"https:\/\/ch.amilo.earth\/it\/wp-json\/wp\/v2\/product\/406","targetHints":{"allow":["GET"]}}],"collection":[{"href":"https:\/\/ch.amilo.earth\/it\/wp-json\/wp\/v2\/product"}],"about":[{"href":"https:\/\/ch.amilo.earth\/it\/wp-json\/wp\/v2\/types\/product"}],"wp:featuredmedia":[{"embeddable":true,"href":"https:\/\/ch.amilo.earth\/it\/wp-json\/wp\/v2\/media\/407"}],"wp:attachment":[{"href":"https:\/\/ch.amilo.earth\/it\/wp-json\/wp\/v2\/media?parent=406"}],"wp:term":[{"taxonomy":"product_brand","embeddable":true,"href":"https:\/\/ch.amilo.earth\/it\/wp-json\/wp\/v2\/product_brand?post=406"},{"taxonomy":"product_cat","embeddable":true,"href":"https:\/\/ch.amilo.earth\/it\/wp-json\/wp\/v2\/product_cat?post=406"},{"taxonomy":"product_tag","embeddable":true,"href":"https:\/\/ch.amilo.earth\/it\/wp-json\/wp\/v2\/product_tag?post=406"}],"curies":[{"name":"wp","href":"https:\/\/api.w.org\/{rel}","templated":true}]}}