{"id":359,"date":"2026-05-02T09:44:44","date_gmt":"2026-05-02T09:44:44","guid":{"rendered":"https:\/\/ch.amilo.earth\/?post_type=product&#038;p=359"},"modified":"2026-05-03T15:16:05","modified_gmt":"2026-05-03T15:16:05","slug":"filtro-vitalizzante-per-appartamenti","status":"publish","type":"product","link":"https:\/\/ch.amilo.earth\/it\/produit\/filtre-vitalisant-pour-appartement\/","title":{"rendered":"Filtro rivitalizzante per appartamenti"},"content":{"rendered":"<h2>Filtro piatto vitalizzante Amilo: acqua filtrata e vitalizzata<\/h2>\n<p>Il filtro vitalizzante per appartamenti ha le stesse qualit\u00e0 di filtrazione del filtro per appartamenti. <a href=\"https:\/\/ch.amilo.earth\/it\/prodotto\/filtre-vitalisation-habitation-standard\/\" target=\"_blank\" rel=\"noopener\">vitalizzatore domestico standard<\/a>, L'unica differenza \u00e8 che la cartuccia di prefiltrazione \u00e8 stata rimossa. Le sue dimensioni compatte lo rendono il filtro perfetto per un appartamento o una piccola casa con un solo occupante.<\/p>\n<p>La cartuccia di filtrazione principale a carbone attivo compresso viene sostituita ogni anno o ogni 100 m3.<\/p>\n<p>Le <strong>Filtro Amilo per appartamenti<\/strong> \u00e8 progettato per migliorare la qualit\u00e0 dell'acqua fornita alla vostra casa. Installato a monte della rete interna, fornisce un'acqua filtrata pi\u00f9 gradevole da bere, da cucinare, da usare per la doccia, per il bucato, per le piante e per tutti gli usi quotidiani dell'appartamento.<\/p>\n<p>Questa soluzione si rivolge alle famiglie che vogliono ridurre l'esposizione alle molecole indesiderate presenti nell'acqua di rete, mantenendo l'acqua vivace, fluida e naturalmente piacevole. Con Amilo, l'obiettivo non \u00e8 solo quello di filtrare l'acqua: \u00e8 anche quello di conferirle una dinamica simile a quella che si trova in natura.<\/p>\n<h3>Filtrazione completa per tutta la casa<\/h3>\n<p>Il sistema Amilo appartement si basa sulla filtrazione mediante una cartuccia di microfiltrazione a carboni attivi compressi. \u00c8 progettato per ridurre molte sostanze indesiderate come il cloro, i derivati del cloro, alcuni pesticidi, residui di farmaci, ormoni, metalli pesanti, idrocarburi, detergenti e molecole chimiche che possono alterare la qualit\u00e0 e il sapore dell'acqua.<\/p>\n<p>Grazie a questa filtrazione fine, l'acqua diventa pi\u00f9 neutra, pi\u00f9 piacevole al palato e pi\u00f9 adatta all'uso quotidiano. In questo modo, potrete bere pi\u00f9 volentieri l'acqua del rubinetto, cucinare con acqua pi\u00f9 sana e ridurre notevolmente la necessit\u00e0 di bottiglie di plastica.<\/p>\n<h3>Acqua pi\u00f9 gradevole per bere, cucinare e fare la doccia<\/h3>\n<p>Con un filtro installato nella rete idrica generale, non \u00e8 interessata solo l'acqua potabile. Tutta l'acqua dell'appartamento beneficia del trattamento Amilo: cucina, bagno, doccia, rubinetti, macchine, lavanderia e usi domestici.<\/p>\n<p>Molti utenti trovano che l'acqua sia pi\u00f9 morbida sulla pelle, pi\u00f9 gradevole sotto la doccia, con un sapore di cloro molto ridotto e pi\u00f9 piacevole da bere ogni giorno. Per le famiglie, si tratta di una soluzione semplice per migliorare la qualit\u00e0 dell'acqua in tutta la casa, senza dover ricorrere a pi\u00f9 filtri per ogni punto d'acqua.<\/p>\n<h3>Azione naturale sul calcare<\/h3>\n<p>Il filtro piatto vitalizzante Amilo non funziona come un addolcitore tradizionale. Non rimuove i minerali dall'acqua n\u00e9 sostituisce il calcio e il magnesio con il sodio. Agisce invece sulla struttura del calcare per ridurne il potere incrostante: la calcite si trasforma naturalmente in aragonite.<\/p>\n<p>In questo modo, l'acqua conserva i suoi minerali naturali e diventa pi\u00f9 piacevole da usare. Questo approccio pu\u00f2 contribuire a limitare i depositi di calcare, a ridurre l'uso di prodotti detergenti e a migliorare il comfort dell'utilizzo dell'acqua in casa.<\/p>\n<h3>Vitalizzazione Amilo: ridare movimento all'acqua<\/h3>\n<p>Dopo la filtrazione, l'acqua passa attraverso un modulo di dinamizzazione e vitalizzazione. Questa fase \u00e8 il cuore della filosofia Amilo: l'acqua non deve solo liberarsi delle molecole indesiderate, ma deve anche ritrovare una qualit\u00e0 di movimento e coerenza ispirata all'acqua naturale.<\/p>\n<p>Il sistema combina diversi elementi attivi, tra cui ceramiche, silice e un vortice implosivo unico nel suo genere. Questo vortice crea una dinamica vorticosa al passaggio dell'acqua, ricordando il movimento naturale che l'acqua incontra nei fiumi, nelle sorgenti e nei corsi sotterranei.<\/p>\n<p>Lo scopo di questa vitalizzazione \u00e8 ottenere un'acqua pi\u00f9 fine, pi\u00f9 leggera, pi\u00f9 piacevole da bere e meglio percepita dal corpo, dagli animali e dalle piante. I minerali naturalmente presenti nell'acqua sono energizzati, bioassimilabili e supportati molto meglio dal sistema renale.<\/p>\n<h3>Un'installazione adatta a case e grandi appartamenti<\/h3>\n<p>Il filtro piatto Amilo viene generalmente installato all'ingresso della rete dell'acqua fredda, dopo il contatore o nella posizione pi\u00f9 adatta a seconda della configurazione tecnica dell'abitazione.<\/p>\n<p>L'installazione pu\u00f2 essere effettuata da un idraulico o da una persona con competenze idrauliche. Amilo fornisce tutte le istruzioni necessarie per una corretta installazione.<\/p>\n<p>A seconda della configurazione, sono disponibili altri filtri Amilo:<\/p>\n<ul>\n<li><a href=\"https:\/\/ch.amilo.earth\/it\/prodotto\/filtre-vitalisation-habitation-standard\/\">Filtro Vitalising standard Amilo<\/a> per abitazioni con uno spazio di 80 x 80 cm nel locale di approvvigionamento idrico<\/li>\n<li><a href=\"https:\/\/ch.amilo.earth\/it\/prodotto\/filtre-vitalisation-habitation-standard\/\">Amilo compact Filtro vitalizzante<\/a> per le abitazioni che non dispongono di uno spazio di 80 x 80 cm nel locale di approvvigionamento idrico<\/li>\n<li><a href=\"https:\/\/ch.amilo.earth\/it\/categoria-prodotto\/filtration-gros-volumes\/\" target=\"_blank\" rel=\"noopener\">Filtrazione dell'acqua a grande volume<\/a> (case molto grandi con fino a 12 bagni, g\u00eetes, piccoli alberghi, professionisti...)<\/li>\n<\/ul>\n<h3>Manutenzione semplice ed economica<\/h3>\n<p>Il sistema Amilo \u00e8 progettato per essere durevole e di facile manutenzione. La cartuccia principale di carbone attivo ha una durata di 100 m3 , o di 1 anno, a seconda del consumo di acqua e della qualit\u00e0 dell'acqua in entrata.<\/p>\n<p>La manutenzione non richiede la rigenerazione del sale, l'elettricit\u00e0 e lo scarico dell'acqua. \u00c8 una soluzione sobria e pratica per le famiglie che desiderano migliorare la propria acqua senza grandi vincoli tecnici.<\/p>\n<h3>Perch\u00e9 scegliere un filtro piatto?<\/h3>\n<ul>\n<li>Per avere acqua filtrata ad ogni rubinetto di casa.<\/li>\n<li>Per ridurre il sapore e l'odore del cloro.<\/li>\n<li>Per limitare l'esposizione a molecole chimiche indesiderate.<\/li>\n<li>Per preservare i minerali naturalmente presenti nell'acqua.<\/li>\n<li>Per un'acqua pi\u00f9 gradevole nella doccia e in cucina.<\/li>\n<li>Ridurre l'acquisto di acqua in bottiglia e i rifiuti di plastica.<\/li>\n<li>Combina filtrazione fine, rimozione del calcare e vitalizzazione dell'acqua.<\/li>\n<\/ul>\n<h3>Una soluzione ideale per migliorare l'acqua ogni giorno<\/h3>\n<p>Le <strong>filtro piatto Amilo<\/strong>\u00a0\u00e8 una soluzione completa per chi desidera un'acqua pi\u00f9 sana, pi\u00f9 vivace e pi\u00f9 piacevole in tutta la casa. Soddisfa le esigenze essenziali di una casa moderna: bere acqua migliore, cucinare in tutta tranquillit\u00e0, prendersi cura della pelle, preservare le attrezzature e ridurre l'impatto ambientale.<\/p>\n<p>Scegliendo Amilo, optate per un approccio globale all'acqua: filtrazione, comfort, vitalit\u00e0 e rispetto per gli esseri viventi.<\/p>","protected":false},"excerpt":{"rendered":"<p>Il filtro piatto vitalizzante Amilo viene installato professionalmente nella rete idrica della vostra casa. Purificher\u00e0 e vitalizzer\u00e0 tutta l'acqua che circola in casa: acqua potabile e di cucina, acqua del bagno, ecc. e vi fornir\u00e0 acqua di alta qualit\u00e0 priva di cloro, pesticidi, PFAS, residui di medicinali e sostanze chimiche, metalli pesanti, ecc.<\/p>\n<p>Manutenzione minima, non richiede elettricit\u00e0. Cartucce di lunga durata, fornite con 2 anni di cartucce incluse.<\/p>","protected":false},"featured_media":360,"template":"","meta":{"_acf_changed":false},"product_brand":[],"product_cat":[17],"product_tag":[],"class_list":{"0":"post-359","1":"product","2":"type-product","3":"status-publish","4":"has-post-thumbnail","6":"product_cat-filtration-globale-habitation","8":"first","9":"instock","10":"taxable","11":"shipping-taxable","12":"purchasable","13":"product-type-simple"},"acf":[],"_links":{"self":[{"href":"https:\/\/ch.amilo.earth\/it\/wp-json\/wp\/v2\/product\/359","targetHints":{"allow":["GET"]}}],"collection":[{"href":"https:\/\/ch.amilo.earth\/it\/wp-json\/wp\/v2\/product"}],"about":[{"href":"https:\/\/ch.amilo.earth\/it\/wp-json\/wp\/v2\/types\/product"}],"wp:featuredmedia":[{"embeddable":true,"href":"https:\/\/ch.amilo.earth\/it\/wp-json\/wp\/v2\/media\/360"}],"wp:attachment":[{"href":"https:\/\/ch.amilo.earth\/it\/wp-json\/wp\/v2\/media?parent=359"}],"wp:term":[{"taxonomy":"product_brand","embeddable":true,"href":"https:\/\/ch.amilo.earth\/it\/wp-json\/wp\/v2\/product_brand?post=359"},{"taxonomy":"product_cat","embeddable":true,"href":"https:\/\/ch.amilo.earth\/it\/wp-json\/wp\/v2\/product_cat?post=359"},{"taxonomy":"product_tag","embeddable":true,"href":"https:\/\/ch.amilo.earth\/it\/wp-json\/wp\/v2\/product_tag?post=359"}],"curies":[{"name":"wp","href":"https:\/\/api.w.org\/{rel}","templated":true}]}}