{"id":171,"date":"2026-05-01T14:49:36","date_gmt":"2026-05-01T14:49:36","guid":{"rendered":"https:\/\/ch.amilo.earth\/?post_type=product&#038;p=171"},"modified":"2026-05-03T15:12:12","modified_gmt":"2026-05-03T15:12:12","slug":"filtro-di-vitalizzazione-domestico-standard","status":"publish","type":"product","link":"https:\/\/ch.amilo.earth\/it\/produit\/filtre-vitalisation-habitation-standard\/","title":{"rendered":"Filtro vitalizzante domestico standard"},"content":{"rendered":"<h2>Filtro di vitalizzazione domestico standard Amilo: acqua filtrata e vitalizzata in tutta la casa<\/h2>\n<p>Le <strong>Filtro domestico standard Amilo<\/strong> \u00e8 stato progettato per migliorare la qualit\u00e0 dell'acqua fornita alla vostra casa. Installato a monte della rete domestica, fornisce acqua filtrata pi\u00f9 gradevole da bere, da cucinare, da usare per la doccia, per il bucato, per le piante e per tutti gli usi domestici quotidiani.<\/p>\n<p>Questa soluzione si rivolge alle famiglie che vogliono ridurre l'esposizione alle molecole indesiderate presenti nell'acqua di rete, mantenendo l'acqua vivace, fluida e naturalmente piacevole. Con Amilo, l'obiettivo non \u00e8 solo quello di filtrare l'acqua: \u00e8 anche quello di conferirle una dinamica simile a quella che si trova in natura.<\/p>\n<h3>Filtrazione completa per tutta la casa<\/h3>\n<p>Il sistema domestico Amilo standard si basa su una filtrazione a pi\u00f9 stadi. L'acqua passa prima attraverso una cartuccia di prefiltrazione progettata per trattenere le particelle e i sedimenti eventualmente presenti nel sistema. Questo primo stadio protegge la cartuccia principale e contribuisce a mantenere una buona portata in tutta la casa.<\/p>\n<p>Il secondo stadio \u00e8 realizzato da una cartuccia di microfiltrazione a carbone attivo compresso. Questa \u00e8 progettata per ridurre una serie di sostanze indesiderate come cloro, derivati del cloro, alcuni pesticidi, residui di farmaci, ormoni, metalli pesanti, idrocarburi, detergenti e molecole chimiche che possono alterare la qualit\u00e0 e il sapore dell'acqua.<\/p>\n<p>Grazie a questa filtrazione fine, l'acqua diventa pi\u00f9 neutra, pi\u00f9 piacevole al palato e pi\u00f9 adatta all'uso quotidiano. In questo modo, potrete bere pi\u00f9 volentieri l'acqua del rubinetto, cucinare con acqua pi\u00f9 sana e ridurre notevolmente la necessit\u00e0 di bottiglie di plastica.<\/p>\n<h3>Acqua pi\u00f9 gradevole per bere, cucinare e fare la doccia<\/h3>\n<p>Con un filtro installato all'ingresso generale, non \u00e8 solo l'acqua potabile a essere interessata. Tutta l'acqua della casa beneficia del trattamento Amilo: cucina, bagno, doccia, rubinetti, macchine, lavanderia e usi domestici.<\/p>\n<p>Molti utenti trovano che l'acqua sia pi\u00f9 morbida sulla pelle, pi\u00f9 gradevole sotto la doccia, con un sapore di cloro molto ridotto e pi\u00f9 piacevole da bere ogni giorno. Per le famiglie, si tratta di una soluzione semplice per migliorare la qualit\u00e0 dell'acqua in tutta la casa, senza dover ricorrere a pi\u00f9 filtri per ogni punto d'acqua.<\/p>\n<h3>Azione naturale sul calcare<\/h3>\n<p>Il filtro domestico standard Amilo non funziona come un addolcitore convenzionale. Non rimuove i minerali dall'acqua n\u00e9 sostituisce il calcio e il magnesio con il sodio. Agisce invece sulla struttura del calcare per ridurne il potere incrostante: la calcite si trasforma naturalmente in aragonite.<\/p>\n<p>In questo modo, l'acqua conserva i suoi minerali naturali e diventa pi\u00f9 piacevole da usare. Questo approccio pu\u00f2 contribuire a limitare i depositi di calcare, a ridurre l'uso di prodotti detergenti e a migliorare il comfort dell'utilizzo dell'acqua in casa.<\/p>\n<h3>Vitalizzazione Amilo: ridare movimento all'acqua<\/h3>\n<p>Dopo la filtrazione, l'acqua passa attraverso un modulo di dinamizzazione e vitalizzazione. Questa fase \u00e8 il cuore della filosofia Amilo: l'acqua non deve solo liberarsi delle molecole indesiderate, ma deve anche ritrovare una qualit\u00e0 di movimento e coerenza ispirata all'acqua naturale.<\/p>\n<p>Il sistema combina diversi elementi attivi, tra cui ceramiche, silice e un vortice implosivo unico nel suo genere. Questo vortice crea una dinamica vorticosa al passaggio dell'acqua, ricordando il movimento naturale che l'acqua incontra nei fiumi, nelle sorgenti e nei corsi sotterranei.<\/p>\n<p>Lo scopo di questa vitalizzazione \u00e8 ottenere un'acqua pi\u00f9 fine, pi\u00f9 leggera, pi\u00f9 piacevole da bere e meglio percepita dal corpo, dagli animali e dalle piante. I minerali naturalmente presenti nell'acqua sono energizzati, bioassimilabili e supportati molto meglio dal sistema renale.<\/p>\n<h3>Un'installazione adatta a case e grandi appartamenti<\/h3>\n<p>Il filtro residenziale standard Amilo pu\u00f2 essere installato in una casa indipendente, in un grande appartamento, in uno chalet o in un'abitazione con una rete idrica accessibile. Viene generalmente installato all'ingresso della rete dell'acqua fredda, dopo il contatore, o nella posizione pi\u00f9 adatta a seconda della configurazione tecnica dell'abitazione.<\/p>\n<p>L'installazione pu\u00f2 essere effettuata da un idraulico o da una persona con competenze idrauliche. Amilo fornisce tutte le istruzioni necessarie per una corretta installazione.<\/p>\n<p>A seconda della configurazione, sono disponibili altri filtri Amilo:<\/p>\n<ul>\n<li>Filtro Vitalising compatto Amilo per le abitazioni che non dispongono di uno spazio di 80 x 80 cm nel locale di approvvigionamento idrico<\/li>\n<li>Filtro vitalizzante Amilo per appartamenti<\/li>\n<li><a href=\"https:\/\/ch.amilo.earth\/it\/categoria-prodotto\/filtration-gros-volumes\/\" target=\"_blank\" rel=\"noopener\">Filtrazione dell'acqua a grande volume<\/a> (case molto grandi con fino a 12 bagni, g\u00eetes, piccoli alberghi, professionisti...)<\/li>\n<\/ul>\n<h3>Manutenzione semplice ed economica<\/h3>\n<p>Il sistema Amilo \u00e8 progettato per essere durevole e di facile manutenzione. La cartuccia di prefiltrazione viene generalmente sostituita una volta all'anno. La cartuccia principale a carboni attivi ha una durata di 200 m3, pari a 2 anni di consumo medio per una famiglia di 4 persone, a seconda del consumo di acqua e della qualit\u00e0 dell'acqua in entrata.<\/p>\n<p>La manutenzione non richiede la rigenerazione del sale, l'elettricit\u00e0 e lo scarico dell'acqua. \u00c8 una soluzione sobria e pratica per le famiglie che desiderano migliorare la propria acqua senza grandi vincoli tecnici.<\/p>\n<h3>Perch\u00e9 scegliere un filtro domestico Amilo?<\/h3>\n<ul>\n<li>Per avere acqua filtrata ad ogni rubinetto di casa.<\/li>\n<li>Per ridurre il sapore e l'odore del cloro.<\/li>\n<li>Per limitare l'esposizione a molecole chimiche indesiderate.<\/li>\n<li>Per preservare i minerali naturalmente presenti nell'acqua.<\/li>\n<li>Per un'acqua pi\u00f9 gradevole nella doccia e in cucina.<\/li>\n<li>Ridurre l'acquisto di acqua in bottiglia e i rifiuti di plastica.<\/li>\n<li>Combina filtrazione fine, rimozione del calcare e vitalizzazione dell'acqua.<\/li>\n<\/ul>\n<h3>Una soluzione ideale per migliorare l'acqua ogni giorno<\/h3>\n<p>Le <strong>Filtro domestico standard Amilo<\/strong>\u00a0\u00e8 una soluzione completa per chi desidera un'acqua pi\u00f9 sana, pi\u00f9 vivace e pi\u00f9 piacevole in tutta la casa. Soddisfa le esigenze essenziali di una casa moderna: bere acqua migliore, cucinare in tutta tranquillit\u00e0, prendersi cura della pelle, preservare le attrezzature e ridurre l'impatto ambientale.<\/p>\n<p>Scegliendo Amilo, optate per un approccio globale all'acqua: filtrazione, comfort, vitalit\u00e0 e rispetto per gli esseri viventi.<\/p>","protected":false},"excerpt":{"rendered":"<p>Il filtro domestico vitalizzante standard Amilo viene installato da un professionista all'ingresso dell'acqua della vostra casa. Purificher\u00e0 e vitalizzer\u00e0 tutta l'acqua che circola in casa: l'acqua per bere e cucinare, l'acqua del bagno, l'acqua per innaffiare il giardino, ecc. e vi fornir\u00e0 acqua di altissima qualit\u00e0 priva di cloro, pesticidi, PFAS, residui di medicinali e sostanze chimiche, metalli pesanti, ecc.<\/p>\n<p>Manutenzione minima, non richiede elettricit\u00e0. Cartucce di lunga durata, fornite con 2 anni di cartucce incluse.<\/p>","protected":false},"featured_media":172,"template":"","meta":{"_acf_changed":false},"product_brand":[],"product_cat":[17],"product_tag":[],"class_list":{"0":"post-171","1":"product","2":"type-product","3":"status-publish","4":"has-post-thumbnail","6":"product_cat-filtration-globale-habitation","8":"first","9":"instock","10":"taxable","11":"shipping-taxable","12":"purchasable","13":"product-type-simple"},"acf":[],"_links":{"self":[{"href":"https:\/\/ch.amilo.earth\/it\/wp-json\/wp\/v2\/product\/171","targetHints":{"allow":["GET"]}}],"collection":[{"href":"https:\/\/ch.amilo.earth\/it\/wp-json\/wp\/v2\/product"}],"about":[{"href":"https:\/\/ch.amilo.earth\/it\/wp-json\/wp\/v2\/types\/product"}],"wp:featuredmedia":[{"embeddable":true,"href":"https:\/\/ch.amilo.earth\/it\/wp-json\/wp\/v2\/media\/172"}],"wp:attachment":[{"href":"https:\/\/ch.amilo.earth\/it\/wp-json\/wp\/v2\/media?parent=171"}],"wp:term":[{"taxonomy":"product_brand","embeddable":true,"href":"https:\/\/ch.amilo.earth\/it\/wp-json\/wp\/v2\/product_brand?post=171"},{"taxonomy":"product_cat","embeddable":true,"href":"https:\/\/ch.amilo.earth\/it\/wp-json\/wp\/v2\/product_cat?post=171"},{"taxonomy":"product_tag","embeddable":true,"href":"https:\/\/ch.amilo.earth\/it\/wp-json\/wp\/v2\/product_tag?post=171"}],"curies":[{"name":"wp","href":"https:\/\/api.w.org\/{rel}","templated":true}]}}