{"id":700,"date":"2026-05-03T15:48:47","date_gmt":"2026-05-03T15:48:47","guid":{"rendered":"https:\/\/ch.amilo.earth\/?page_id=700"},"modified":"2026-05-03T16:18:53","modified_gmt":"2026-05-03T16:18:53","slug":"la-societa-amilo","status":"publish","type":"page","link":"https:\/\/ch.amilo.earth\/it\/la-societe-amilo\/","title":{"rendered":"La Societ\u00e0 Amilo"},"content":{"rendered":"<div data-elementor-type=\"wp-page\" data-elementor-id=\"700\" class=\"elementor elementor-700\" data-elementor-post-type=\"page\">\n\t\t\t\t<div class=\"elementor-element elementor-element-ca6f7c3 e-flex e-con-boxed e-con e-parent\" data-id=\"ca6f7c3\" data-element_type=\"container\" data-e-type=\"container\">\n\t\t\t\t\t<div class=\"e-con-inner\">\n\t\t\t\t<div class=\"elementor-element elementor-element-7c26a25 elementor-widget elementor-widget-heading\" data-id=\"7c26a25\" data-element_type=\"widget\" data-e-type=\"widget\" data-widget_type=\"heading.default\">\n\t\t\t\t\t<h1 class=\"elementor-heading-title elementor-size-default\">La Societ\u00e0 Amilo<\/h1>\t\t\t\t<\/div>\n\t\t\t\t\t<\/div>\n\t\t\t\t<\/div>\n\t\t<div class=\"elementor-element elementor-element-1663174 e-flex e-con-boxed e-con e-parent\" data-id=\"1663174\" data-element_type=\"container\" data-e-type=\"container\">\n\t\t\t\t\t<div class=\"e-con-inner\">\n\t\t\t\t<div class=\"elementor-element elementor-element-25d0c92 elementor-widget elementor-widget-text-editor\" data-id=\"25d0c92\" data-element_type=\"widget\" data-e-type=\"widget\" data-widget_type=\"text-editor.default\">\n\t\t\t\t\t\t\t\t\t<h2>Amilo: un'avventura umana per migliorare la qualit\u00e0 dell'acqua<\/h2><p><strong>Amilo<\/strong> \u00e8 nata nel 2017 da una semplice convinzione: tutti dovrebbero avere accesso, quotidianamente, ad un'acqua pi\u00f9 pura, pi\u00f9 vibrante e pi\u00f9 rispettosa della propria salute. L'azienda sviluppa soluzioni di filtrazione e vitalizzazione per individui, famiglie, professionisti e chiunque voglia migliorare la qualit\u00e0 della propria acqua a lungo termine.<\/p><p>\u00a0<\/p>\t\t\t\t\t\t\t\t<\/div>\n\t\t\t\t\t<\/div>\n\t\t\t\t<\/div>\n\t\t<div class=\"elementor-element elementor-element-be9a182 e-flex e-con-boxed e-con e-parent\" data-id=\"be9a182\" data-element_type=\"container\" data-e-type=\"container\">\n\t\t\t\t\t<div class=\"e-con-inner\">\n\t\t<div class=\"elementor-element elementor-element-70cc55c e-con-full e-flex e-con e-child\" data-id=\"70cc55c\" data-element_type=\"container\" data-e-type=\"container\">\n\t\t\t\t<div class=\"elementor-element elementor-element-a6732b1 elementor-widget elementor-widget-text-editor\" data-id=\"a6732b1\" data-element_type=\"widget\" data-e-type=\"widget\" data-widget_type=\"text-editor.default\">\n\t\t\t\t\t\t\t\t\t<h2>Lo\u00efc Sallet, fondatore di Amilo e appassionato di acqua viva<\/h2><p>La storia di\u2019<strong>Amilo<\/strong> \u00e8 inseparabile dalla <strong>Lo\u00efc Sallet<\/strong>, progettista dei sistemi Amilo. Da molti anni dedica la sua ricerca alla comprensione dell'acqua, della sua qualit\u00e0, della sua struttura e della sua influenza sugli organismi viventi.<\/p><p>Il suo percorso lo ha portato a esplorare il lavoro dei principali ricercatori nei campi dell'acqua, della salute naturale, della vitalizzazione e della dinamizzazione. Da questo approccio globale \u00e8 nata una visione forte: offrire soluzioni pratiche che avvicinino l'acqua alle sue qualit\u00e0 naturali.<\/p><p>Lo\u00efc Sallet \u00e8 anche videomaker e docente.\u00a0<\/p><p>Da quasi 10 anni, Lo\u00efc ha una missione: fornire acqua di alta qualit\u00e0, purificata e vitalizzata per tutti.<\/p><p>La gamma di filtri Amilo \u00e8 molto ampia e copre tutte le esigenze:<\/p><ul><li><a href=\"https:\/\/ch.amilo.earth\/it\/categoria-prodotto\/gourdes-filtrantes\/\">Bottiglie filtranti<\/a><\/li><li><a href=\"https:\/\/ch.amilo.earth\/it\/categoria-prodotto\/filtration-et-vitalisation\/filtration-boisson-et-cuisine\/\">Filtrazione 1 punto acqua<\/a><\/li><li><a href=\"https:\/\/ch.amilo.earth\/it\/categoria-prodotto\/filtration-et-vitalisation\/filtration-globale-habitation\/\">Filtrazione globale abitazione<\/a><\/li><li><a href=\"https:\/\/ch.amilo.earth\/it\/categoria-prodotto\/filtration-et-vitalisation\/filtration-gros-volumes\/\">Filtrazione dell'acqua a grande volume<\/a><\/li><li><a href=\"https:\/\/ch.amilo.earth\/it\/trattamento-dellacqua-off-grid\/\">Potabilizzazione dell'acqua fuori rete<\/a><\/li><\/ul>\t\t\t\t\t\t\t\t<\/div>\n\t\t\t\t<\/div>\n\t\t<div class=\"elementor-element elementor-element-4773d30 e-con-full e-flex e-con e-child\" data-id=\"4773d30\" data-element_type=\"container\" data-e-type=\"container\">\n\t\t\t\t<div class=\"elementor-element elementor-element-bfd4739 elementor-widget elementor-widget-image\" data-id=\"bfd4739\" data-element_type=\"widget\" data-e-type=\"widget\" data-widget_type=\"image.default\">\n\t\t\t\t\t\t\t\t\t\t\t\t\t\t\t<img fetchpriority=\"high\" decoding=\"async\" width=\"800\" height=\"898\" src=\"https:\/\/ch.amilo.earth\/wp-content\/uploads\/2026\/05\/loicSallet2.webp\" class=\"attachment-large size-large wp-image-707\" alt=\"Lo\u00efc Sallet, ricercatore e fondatore di Amilo\" srcset=\"https:\/\/ch.amilo.earth\/wp-content\/uploads\/2026\/05\/loicSallet2.webp 800w, https:\/\/ch.amilo.earth\/wp-content\/uploads\/2026\/05\/loicSallet2-267x300.webp 267w, https:\/\/ch.amilo.earth\/wp-content\/uploads\/2026\/05\/loicSallet2-768x862.webp 768w, https:\/\/ch.amilo.earth\/wp-content\/uploads\/2026\/05\/loicSallet2-11x12.webp 11w, https:\/\/ch.amilo.earth\/wp-content\/uploads\/2026\/05\/loicSallet2-600x674.webp 600w\" sizes=\"(max-width: 800px) 100vw, 800px\" \/>\t\t\t\t\t\t\t\t\t\t\t\t\t\t\t<\/div>\n\t\t\t\t<\/div>\n\t\t\t\t\t<\/div>\n\t\t\t\t<\/div>\n\t\t<div class=\"elementor-element elementor-element-5d6e036 e-flex e-con-boxed e-con e-parent\" data-id=\"5d6e036\" data-element_type=\"container\" data-e-type=\"container\">\n\t\t\t\t\t<div class=\"e-con-inner\">\n\t\t\t\t<div class=\"elementor-element elementor-element-4b9c790 elementor-widget elementor-widget-text-editor\" data-id=\"4b9c790\" data-element_type=\"widget\" data-e-type=\"widget\" data-widget_type=\"text-editor.default\">\n\t\t\t\t\t\t\t\t\t<h2>Anni di ricerca, sperimentazione e lavoro sul campo<\/h2><p>Prima di diventare una gamma di prodotti, <strong>Amilo<\/strong> \u00e8 innanzitutto il frutto di un lungo processo di osservazione, incontro e sperimentazione. Conferenze, confronti con gli specialisti, prove sul campo, impieghi domestici e professionali: ogni fase ha contribuito a perfezionare i sistemi oggi proposti.<\/p><p>Questa esperienza ci ha permesso di progettare soluzioni in grado di soddisfare un'ampia gamma di esigenze: acqua potabile, acqua per la doccia, filtrazione di tutta la casa, trattamento del calcare, trattamento dell'acqua fuori rete o filtrazione per uso professionale.<\/p><h2>La missione di Amilo: filtrare, vitalizzare e trasmettere<\/h2><p>La missione di\u2019<strong>Amilo<\/strong> non si limita a vendere sistemi di filtrazione. L'azienda vuole anche promuovere una migliore comprensione dell'acqua e della sua importanza nell'equilibrio della vita.<\/p><p>Le soluzioni Amilo combinano <strong>filtrazione<\/strong>, per ridurre le sostanze indesiderate presenti nell'acqua e la <strong>vitalizzazione<\/strong>, per aiutare l'acqua a diventare pi\u00f9 naturale, pi\u00f9 dinamica e pi\u00f9 piacevole da usare ogni giorno.<\/p><h2>Amilo in Svizzera: acqua di qualit\u00e0 per la vostra vita quotidiana<\/h2><p>Con il sito <strong>Amilo Svizzera<\/strong>, Troverete una selezione di soluzioni adatte alle esigenze delle famiglie svizzere: filtrazione sottolavello, filtrazione a casa intera, filtri per bottiglie, sistemi per grandi volumi e trattamento dell'acqua off-grid. <strong>Nicole Calame, responsabile della rete Amilo<\/strong> Suisse \u00e8 preparata alle esigenze specifiche di questo Paese, che conosce bene essendo originaria della Svizzera.<\/p><p>Che viviate in una casa, in un appartamento, in una villetta o siate alla ricerca di una soluzione per uso professionale, Amilo pu\u00f2 aiutarvi a scegliere il sistema pi\u00f9 adatto alla vostra installazione e alle vostre abitudini di consumo.<\/p><h2>Un approccio ecologico, sostenibile e accessibile<\/h2><p>Scegliere <strong>Amilo<\/strong>, Significa anche ridurre la dipendenza dall'acqua in bottiglia, ridurre i rifiuti di plastica e optare per una soluzione sostenibile che pu\u00f2 essere installata direttamente a casa.<\/p><p>I sistemi Amilo sono progettati per adattarsi facilmente alla vostra routine quotidiana, con materiali di consumo a lunga durata, manutenzione controllata e una costante ricerca di prestazioni.<\/p><h2>Una rete umana e impegnata<\/h2><p>Intorno <strong>Lo\u00efc Sallet<\/strong> e l'azienda <strong>Amilo<\/strong>, \u00c8 stata sviluppata una rete di partner per informare, consigliare e sostenere gli utenti. Questa dimensione umana rimane al centro del progetto: aiutarvi a capire la vostra acqua, a scegliere la soluzione giusta e a utilizzarla nelle migliori condizioni possibili.<\/p><p>Amilo persegue il suo sviluppo con una chiara ambizione: rendere accessibile al maggior numero possibile di persone l'acqua filtrata e vitalizzata che rispetta la vita.<\/p>\t\t\t\t\t\t\t\t<\/div>\n\t\t\t\t\t<\/div>\n\t\t\t\t<\/div>\n\t\t\t\t<\/div>","protected":false},"excerpt":{"rendered":"<p>Amilo : une aventure humaine au service de la qualit\u00e9 de l\u2019eau Amilo est n\u00e9e en 2017 d\u2019une conviction simple : chacun devrait pouvoir acc\u00e9der, au quotidien, \u00e0 une eau plus pure, plus vivante et plus respectueuse de la sant\u00e9. L\u2019entreprise d\u00e9veloppe des solutions de filtration et de vitalisation destin\u00e9es aux particuliers, aux familles, aux [&hellip;]<\/p>\n","protected":false},"author":1,"featured_media":0,"parent":0,"menu_order":0,"comment_status":"closed","ping_status":"closed","template":"","meta":{"_acf_changed":false,"footnotes":""},"class_list":["post-700","page","type-page","status-publish","hentry"],"acf":[],"_links":{"self":[{"href":"https:\/\/ch.amilo.earth\/it\/wp-json\/wp\/v2\/pages\/700","targetHints":{"allow":["GET"]}}],"collection":[{"href":"https:\/\/ch.amilo.earth\/it\/wp-json\/wp\/v2\/pages"}],"about":[{"href":"https:\/\/ch.amilo.earth\/it\/wp-json\/wp\/v2\/types\/page"}],"author":[{"embeddable":true,"href":"https:\/\/ch.amilo.earth\/it\/wp-json\/wp\/v2\/users\/1"}],"replies":[{"embeddable":true,"href":"https:\/\/ch.amilo.earth\/it\/wp-json\/wp\/v2\/comments?post=700"}],"version-history":[{"count":19,"href":"https:\/\/ch.amilo.earth\/it\/wp-json\/wp\/v2\/pages\/700\/revisions"}],"predecessor-version":[{"id":729,"href":"https:\/\/ch.amilo.earth\/it\/wp-json\/wp\/v2\/pages\/700\/revisions\/729"}],"wp:attachment":[{"href":"https:\/\/ch.amilo.earth\/it\/wp-json\/wp\/v2\/media?parent=700"}],"curies":[{"name":"wp","href":"https:\/\/api.w.org\/{rel}","templated":true}]}}