{"id":564,"date":"2026-05-03T08:39:07","date_gmt":"2026-05-03T08:39:07","guid":{"rendered":"https:\/\/ch.amilo.earth\/?page_id=564"},"modified":"2026-05-03T17:48:15","modified_gmt":"2026-05-03T17:48:15","slug":"il-vostro-studio-personalizzato-e-gratuito","status":"publish","type":"page","link":"https:\/\/ch.amilo.earth\/it\/votre-etude-gratuite-personnalisee\/","title":{"rendered":"Il tuo studio gratuito personalizzato"},"content":{"rendered":"\t\t<div data-elementor-type=\"wp-page\" data-elementor-id=\"564\" class=\"elementor elementor-564\" data-elementor-post-type=\"page\">\n\t\t\t\t<div class=\"elementor-element elementor-element-d6cf475 e-flex e-con-boxed e-con e-parent\" data-id=\"d6cf475\" data-element_type=\"container\" data-e-type=\"container\">\n\t\t\t\t\t<div class=\"e-con-inner\">\n\t\t\t\t<div class=\"elementor-element elementor-element-020ba29 elementor-widget elementor-widget-heading\" data-id=\"020ba29\" data-element_type=\"widget\" data-e-type=\"widget\" data-widget_type=\"heading.default\">\n\t\t\t\t\t<h1 class=\"elementor-heading-title elementor-size-default\">Votre \u00e9tude gratuite personnalis\u00e9e<\/h1>\t\t\t\t<\/div>\n\t\t\t\t<div class=\"elementor-element elementor-element-c49d70f elementor-widget elementor-widget-text-editor\" data-id=\"c49d70f\" data-element_type=\"widget\" data-e-type=\"widget\" data-widget_type=\"text-editor.default\">\n\t\t\t\t\t\t\t\t\t<p>Quelle que soit votre configuration, Amilo Suisse a une r\u00e9ponse adapt\u00e9e \u00e0 votre situation. Remplissez le petit formulaire ci-dessous pour obtenir votre \u00e9tude personnalis\u00e9e gratuite. <strong>Vos donn\u00e9es personnelles ne seront jamais c\u00e9d\u00e9es \u00e0 des tiers<\/strong>. Vous n&rsquo;avez jamais \u00e9t\u00e9 aussi proche de consommer une eau de tr\u00e8s grande qualit\u00e9 filtr\u00e9e et vitalis\u00e9e.<\/p><p><strong>Note<\/strong> : ce formulaire est destin\u00e9 aux personnes qui souhaitent purifier et vitaliser l&rsquo;eau du r\u00e9seau. Pour une \u00e9tude de potabilisation (eaux hors r\u00e9seau) merci de bien vouloir utiliser le <a href=\"https:\/\/ch.amilo.earth\/traitement-des-eaux-hors-reseau\/\">formulaire d\u00e9di\u00e9 \u00e0 la potabilisation de l&rsquo;eau du r\u00e9seau<\/a>.<\/p>\t\t\t\t\t\t\t\t<\/div>\n\t\t\t\t\t<\/div>\n\t\t\t\t<\/div>\n\t\t<div class=\"elementor-element elementor-element-ef30f44 e-flex e-con-boxed e-con e-parent\" data-id=\"ef30f44\" data-element_type=\"container\" data-e-type=\"container\">\n\t\t\t\t\t<div class=\"e-con-inner\">\n\t\t<div class=\"elementor-element elementor-element-03902a9 e-con-full e-flex e-con e-child\" data-id=\"03902a9\" data-element_type=\"container\" data-e-type=\"container\" data-settings=\"{&quot;background_background&quot;:&quot;classic&quot;}\">\n\t\t<div class=\"elementor-element elementor-element-3407f36 e-con-full elementor-hidden-mobile e-flex e-con e-child\" data-id=\"3407f36\" data-element_type=\"container\" data-e-type=\"container\">\n\t\t\t\t<\/div>\n\t\t<div class=\"elementor-element elementor-element-93bf935 e-con-full e-flex e-con e-child\" data-id=\"93bf935\" data-element_type=\"container\" data-e-type=\"container\" data-settings=\"{&quot;background_background&quot;:&quot;classic&quot;}\">\n\t\t\t\t<div class=\"elementor-element elementor-element-2cb0554 elementor-widget elementor-widget-wpforms\" data-id=\"2cb0554\" data-element_type=\"widget\" data-e-type=\"widget\" data-widget_type=\"wpforms.default\">\n\t\t\t\t<div class=\"elementor-widget-container\">\n\t\t\t\t\t<div class=\"wpforms-container wpforms-container-full wpforms-render-modern\" id=\"wpforms-566\"><form id=\"wpforms-form-566\" class=\"wpforms-validate wpforms-form wpforms-ajax-form\" data-formid=\"566\" method=\"post\" enctype=\"multipart\/form-data\" action=\"\/it\/wp-json\/wp\/v2\/pages\/564\" data-token=\"2cd27f4c691ee290777947e24ea81fcd\" data-token-time=\"1777861212\"><noscript class=\"wpforms-error-noscript\">Abilita JavaScript nel browser per completare questo modulo.<\/noscript><div id=\"wpforms-error-noscript\" style=\"display: none;\">Abilita JavaScript nel browser per completare questo modulo.<\/div><div class=\"wpforms-field-container\"><div id=\"wpforms-566-field_1-container\" class=\"wpforms-field wpforms-field-layout\" data-field-id=\"1\"><div class=\"wpforms-field-layout-rows wpforms-field-large\"><div class=\"wpforms-layout-row\"><div class=\"wpforms-layout-column wpforms-layout-column-50\"><div id=\"wpforms-566-field_2-container\" class=\"wpforms-field wpforms-field-text\" data-field-id=\"2\"><label class=\"wpforms-field-label\" for=\"wpforms-566-field_2\">Votre pr\u00e9nom <span class=\"wpforms-required-label\" aria-hidden=\"true\">*<\/span><\/label><input type=\"text\" id=\"wpforms-566-field_2\" class=\"wpforms-field-medium wpforms-field-required\" name=\"wpforms[fields][2]\" aria-errormessage=\"wpforms-566-field_2-error\" required><\/div><\/div><div class=\"wpforms-layout-column wpforms-layout-column-50\"><div id=\"wpforms-566-field_3-container\" class=\"wpforms-field wpforms-field-text\" data-field-id=\"3\"><label class=\"wpforms-field-label\" for=\"wpforms-566-field_3\">Votre nom <span class=\"wpforms-required-label\" aria-hidden=\"true\">*<\/span><\/label><input type=\"text\" id=\"wpforms-566-field_3\" class=\"wpforms-field-medium wpforms-field-required\" name=\"wpforms[fields][3]\" aria-errormessage=\"wpforms-566-field_3-error\" required><\/div><\/div><\/div><\/div><\/div><div id=\"wpforms-566-field_12-container\" class=\"wpforms-field wpforms-field-radio wpforms-list-inline\" data-field-id=\"12\"><fieldset><legend class=\"wpforms-field-label\">Vous souhaitez \u00eatre contact\u00e9.e<\/legend><ul id=\"wpforms-566-field_12\"><li class=\"choice-1 depth-1\"><input type=\"radio\" id=\"wpforms-566-field_12_1\" name=\"wpforms[fields][12]\" value=\"Par email\" aria-errormessage=\"wpforms-566-field_12_1-error\"  ><label class=\"wpforms-field-label-inline\" for=\"wpforms-566-field_12_1\">Par email<\/label><\/li><li class=\"choice-2 depth-1 wpforms-selected\"><input type=\"radio\" id=\"wpforms-566-field_12_2\" name=\"wpforms[fields][12]\" value=\"Par t\u00e9l\u00e9phone\" aria-errormessage=\"wpforms-566-field_12_2-error\"   checked='checked'><label class=\"wpforms-field-label-inline\" for=\"wpforms-566-field_12_2\">Par t\u00e9l\u00e9phone<\/label><\/li><\/ul><\/fieldset><\/div><div id=\"wpforms-566-field_7-container\" class=\"wpforms-field wpforms-field-layout\" data-field-id=\"7\"><div class=\"wpforms-field-layout-rows wpforms-field-large\"><div class=\"wpforms-layout-row\"><div class=\"wpforms-layout-column wpforms-layout-column-50\"><div id=\"wpforms-566-field_9-container\" class=\"wpforms-field wpforms-field-email\" data-field-id=\"9\"><label class=\"wpforms-field-label\" for=\"wpforms-566-field_9\">Votre adresse E-mail <span class=\"wpforms-required-label\" aria-hidden=\"true\">*<\/span><\/label><input type=\"email\" id=\"wpforms-566-field_9\" class=\"wpforms-field-medium wpforms-field-required\" name=\"wpforms[fields][9]\" spellcheck=\"false\" aria-errormessage=\"wpforms-566-field_9-error\" required><\/div><\/div><div class=\"wpforms-layout-column wpforms-layout-column-50\"><div id=\"wpforms-566-field_10-container\" class=\"wpforms-field wpforms-field-phone\" data-field-id=\"10\"><label class=\"wpforms-field-label\" for=\"wpforms-566-field_10\">Votre N\u00b0 de t\u00e9l\u00e9phone <span class=\"wpforms-required-label\" aria-hidden=\"true\">*<\/span><\/label><input type=\"tel\" id=\"wpforms-566-field_10\" class=\"wpforms-field-medium wpforms-field-required wpforms-smart-phone-field\" data-rule-smart-phone-field=\"true\" name=\"wpforms[fields][10]\" aria-label=\"Votre N\u00b0 de t\u00e9l\u00e9phone\" aria-errormessage=\"wpforms-566-field_10-error\" required><\/div><\/div><\/div><\/div><\/div>\t\t<div id=\"wpforms-566-field_4-container\"\n\t\t\tclass=\"wpforms-field wpforms-field-text\"\n\t\t\tdata-field-type=\"text\"\n\t\t\tdata-field-id=\"4\"\n\t\t\t>\n\t\t\t<label class=\"wpforms-field-label\" for=\"wpforms-566-field_4\" >page E-mail nom<\/label>\n\t\t\t<input type=\"text\" id=\"wpforms-566-field_4\" class=\"wpforms-field-medium\" name=\"wpforms[fields][4]\" >\n\t\t<\/div>\n\t\t<div id=\"wpforms-566-field_11-container\" class=\"wpforms-field wpforms-field-radio\" data-field-id=\"11\"><fieldset><legend class=\"wpforms-field-label\">Votre demande porte sur : <span class=\"wpforms-required-label\" aria-hidden=\"true\">*<\/span><\/legend><ul id=\"wpforms-566-field_11\" class=\"wpforms-field-required\"><li class=\"choice-1 depth-1\"><input type=\"radio\" id=\"wpforms-566-field_11_1\" name=\"wpforms[fields][11]\" value=\"Filtration 1 point d&#039;eau - boisson et cuisine\" aria-errormessage=\"wpforms-566-field_11_1-error\" required ><label class=\"wpforms-field-label-inline\" for=\"wpforms-566-field_11_1\">Filtration 1 point d'eau - boisson et cuisine<\/label><\/li><li class=\"choice-3 depth-1\"><input type=\"radio\" id=\"wpforms-566-field_11_3\" name=\"wpforms[fields][11]\" value=\"Filtration globale maison\" aria-errormessage=\"wpforms-566-field_11_3-error\" required ><label class=\"wpforms-field-label-inline\" for=\"wpforms-566-field_11_3\">Filtration globale maison<\/label><\/li><li class=\"choice-2 depth-1\"><input type=\"radio\" id=\"wpforms-566-field_11_2\" name=\"wpforms[fields][11]\" value=\"Filtration globale appartement\" aria-errormessage=\"wpforms-566-field_11_2-error\" required ><label class=\"wpforms-field-label-inline\" for=\"wpforms-566-field_11_2\">Filtration globale appartement<\/label><\/li><li class=\"choice-4 depth-1\"><input type=\"radio\" id=\"wpforms-566-field_11_4\" name=\"wpforms[fields][11]\" value=\"Filtration pro et gros volumes\" aria-errormessage=\"wpforms-566-field_11_4-error\" required ><label class=\"wpforms-field-label-inline\" for=\"wpforms-566-field_11_4\">Filtration pro et gros volumes<\/label><\/li><\/ul><\/fieldset><\/div><div id=\"wpforms-566-field_13-container\" class=\"wpforms-field wpforms-field-textarea\" data-field-id=\"13\"><label class=\"wpforms-field-label\" for=\"wpforms-566-field_13\">Message ou question<\/label><textarea id=\"wpforms-566-field_13\" class=\"wpforms-field-medium\" name=\"wpforms[fields][13]\" aria-errormessage=\"wpforms-566-field_13-error\" ><\/textarea><\/div><script>\n\t\t\t\t( function() {\n\t\t\t\t\tconst style = document.createElement( 'style' );\n\t\t\t\t\tstyle.appendChild( document.createTextNode( '#wpforms-566-field_4-container { position: absolute !important; overflow: hidden !important; display: inline !important; height: 1px !important; width: 1px !important; z-index: -1000 !important; padding: 0 !important; } #wpforms-566-field_4-container input { visibility: hidden; } #wpforms-conversational-form-page #wpforms-566-field_4-container label { counter-increment: none; }' ) );\n\t\t\t\t\tdocument.head.appendChild( style );\n\t\t\t\t\tdocument.currentScript?.remove();\n\t\t\t\t} )();\n\t\t\t<\/script><\/div><!-- .wpforms-field-container --><div class=\"wpforms-submit-container\" ><input type=\"hidden\" name=\"wpforms[id]\" value=\"566\"><input type=\"hidden\" name=\"page_title\" value=\"\"><input type=\"hidden\" name=\"page_url\" value=\"https:\/\/ch.amilo.earth\/it\/wp-json\/wp\/v2\/pages\/564\"><input type=\"hidden\" name=\"url_referer\" value=\"\"><button type=\"submit\" name=\"wpforms[submit]\" id=\"wpforms-submit-566\" class=\"wpforms-submit\" data-alt-text=\"Envoi...\" data-submit-text=\"Merci de me contacter pour \u00e9tude gratuite\" aria-live=\"assertive\" value=\"wpforms-submit\">Merci de me contacter pour \u00e9tude gratuite<\/button><img decoding=\"async\" src=\"https:\/\/ch.amilo.earth\/wp-content\/plugins\/wpforms\/assets\/images\/submit-spin.svg\" class=\"wpforms-submit-spinner\" style=\"display: none;\" width=\"26\" height=\"26\" alt=\"Caricamento\"><\/div><\/form><\/div>  <!-- .wpforms-container -->\t\t\t\t<\/div>\n\t\t\t\t<\/div>\n\t\t\t\t<\/div>\n\t\t\t\t<\/div>\n\t\t\t\t\t<\/div>\n\t\t\t\t<\/div>\n\t\t\t\t<\/div>\n\t\t","protected":false},"excerpt":{"rendered":"<p>Quelle que soit votre configuration, Amilo Suisse a une r\u00e9ponse adapt\u00e9e \u00e0 votre situation. Remplissez le petit formulaire ci-dessous pour obtenir votre \u00e9tude personnalis\u00e9e gratuite. Vos donn\u00e9es personnelles ne seront jamais c\u00e9d\u00e9es \u00e0 des tiers. Vous n&rsquo;avez jamais \u00e9t\u00e9 aussi proche de consommer une eau de tr\u00e8s grande qualit\u00e9 filtr\u00e9e et vitalis\u00e9e. Note : ce [&hellip;]<\/p>\n","protected":false},"author":1,"featured_media":0,"parent":0,"menu_order":0,"comment_status":"closed","ping_status":"closed","template":"","meta":{"_acf_changed":false,"footnotes":""},"class_list":["post-564","page","type-page","status-publish","hentry"],"acf":[],"_links":{"self":[{"href":"https:\/\/ch.amilo.earth\/it\/wp-json\/wp\/v2\/pages\/564","targetHints":{"allow":["GET"]}}],"collection":[{"href":"https:\/\/ch.amilo.earth\/it\/wp-json\/wp\/v2\/pages"}],"about":[{"href":"https:\/\/ch.amilo.earth\/it\/wp-json\/wp\/v2\/types\/page"}],"author":[{"embeddable":true,"href":"https:\/\/ch.amilo.earth\/it\/wp-json\/wp\/v2\/users\/1"}],"replies":[{"embeddable":true,"href":"https:\/\/ch.amilo.earth\/it\/wp-json\/wp\/v2\/comments?post=564"}],"version-history":[{"count":25,"href":"https:\/\/ch.amilo.earth\/it\/wp-json\/wp\/v2\/pages\/564\/revisions"}],"predecessor-version":[{"id":751,"href":"https:\/\/ch.amilo.earth\/it\/wp-json\/wp\/v2\/pages\/564\/revisions\/751"}],"wp:attachment":[{"href":"https:\/\/ch.amilo.earth\/it\/wp-json\/wp\/v2\/media?parent=564"}],"curies":[{"name":"wp","href":"https:\/\/api.w.org\/{rel}","templated":true}]}}