{"id":329,"date":"2026-05-02T07:51:18","date_gmt":"2026-05-02T07:51:18","guid":{"rendered":"https:\/\/ch.amilo.earth\/?page_id=329"},"modified":"2026-05-02T07:56:23","modified_gmt":"2026-05-02T07:56:23","slug":"informazioni-legali","status":"publish","type":"page","link":"https:\/\/ch.amilo.earth\/it\/mentions-legales\/","title":{"rendered":"Menzioni legali"},"content":{"rendered":"<div data-elementor-type=\"wp-page\" data-elementor-id=\"329\" class=\"elementor elementor-329\" data-elementor-post-type=\"page\">\n\t\t\t\t<div class=\"elementor-element elementor-element-09f5afb e-flex e-con-boxed e-con e-parent\" data-id=\"09f5afb\" data-element_type=\"container\" data-e-type=\"container\">\n\t\t\t\t\t<div class=\"e-con-inner\">\n\t\t\t\t<div class=\"elementor-element elementor-element-e2e40d3 elementor-widget elementor-widget-heading\" data-id=\"e2e40d3\" data-element_type=\"widget\" data-e-type=\"widget\" data-widget_type=\"heading.default\">\n\t\t\t\t\t<h1 class=\"elementor-heading-title elementor-size-default\">Menzioni legali<\/h1>\t\t\t\t<\/div>\n\t\t\t\t\t<\/div>\n\t\t\t\t<\/div>\n\t\t<div class=\"elementor-element elementor-element-243e90c e-flex e-con-boxed e-con e-parent\" data-id=\"243e90c\" data-element_type=\"container\" data-e-type=\"container\">\n\t\t\t\t\t<div class=\"e-con-inner\">\n\t\t\t\t<div class=\"elementor-element elementor-element-8f9f43d elementor-widget elementor-widget-text-editor\" data-id=\"8f9f43d\" data-element_type=\"widget\" data-e-type=\"widget\" data-widget_type=\"text-editor.default\">\n\t\t\t\t\t\t\t\t\t<h3>Propriet\u00e0<\/h3><p>Il sito web\u00a0<a href=\"http:\/\/ch.amilo.earth\/it\/\">Amilo Svizzera<\/a>\u00a0\u00a0\u00e8 pubblicato da\u00a0<strong>AMILO<\/strong>\u00a0con sede legale a La Jonch\u00e8re 23230 GOUZON e iscritta al Registro del Commercio e delle Imprese di Gu\u00e9ret.<\/p><p>SAS con capitale di 5555,50 euro<br \/>Siret : 832 233 035 000 19<br \/>Codice attivit\u00e0: APE 4669 B<br \/>Numero di partita IVA intracomunitaria: FR 15 832 233 035<\/p><p>Tel:\u00a0<a href=\"tel:+33532603217\">+335 32 60 32 17<\/a><\/p><p>Per contattarci,\u00a0<a href=\"https:\/\/ch.amilo.earth\/it\/contattare-amilo-svizzera\/\">compilare questo modulo<\/a>.<\/p><p>La persona responsabile di Amilo Svizzera \u00e8: Nicole Calame, Hauptstrasse 186, 4496 Wenslingen, Svizzera - <b>+41 79 756 85 32<\/b>\u00a0<b>Email: eaulixirdevie@gmail.com<\/b><\/p><h3>Documenti legali<\/h3><p>Termini e condizioni d'uso<\/p><p>Accesso al sito<\/p><p>Il sito web di Amilo fornisce l'accesso gratuito ai seguenti servizi:<\/p><ul><li>Informazioni sulla filtrazione dell'acqua.<\/li><li>Modulo di richiesta informazioni.<\/li><li>Accesso al negozio Amilo<\/li><\/ul><p>Il sito \u00e8 accessibile gratuitamente da qualsiasi luogo da qualsiasi utente con accesso a Internet. Tutti i costi di accesso ai servizi (hardware, connessione a Internet, ecc.) sono a carico dell'utente.<\/p><p>L'accesso ai servizi per i soci avviene tramite nome utente e password.<\/p><p>Per motivi di manutenzione o altro, l'accesso al sito pu\u00f2 essere interrotto o sospeso dall'editore senza preavviso o giustificazione.<\/p><h3>Hosting<\/h3><p>Hosting per\u00a0<a href=\"http:\/\/ch.amilo.earth\/it\/\">ch.amilo.earth<\/a>\u00a0\u00e8 fornito da INFOMANIAK (<a href=\"https:\/\/www.infomaniak.com\/fr\" target=\"_blank\" rel=\"noopener\">https:\/\/www.infomaniak.com\/fr<\/a>).<\/p><p>Sede della societ\u00e0: Les Acacias, Ginevra, Svizzera<\/p><p>Rete Infomaniak SA<\/p><p>Rue Eug\u00e8ne Marziano 25<\/p><p>1227 Le Acacie (GE)<\/p><h3>Diritti di propriet\u00e0 intellettuale<\/h3><p>Il sito, la sua struttura generale, cos\u00ec come i testi, le immagini, la grafica e ogni altro elemento che lo compone, sono di esclusiva propriet\u00e0 della societ\u00e0.\u00a0<strong>AMILO<\/strong>\u00a0o beneficiari.<\/p><p>L'intero sito \u00e8 soggetto alla legislazione francese e internazionale sul diritto d'autore e sulla propriet\u00e0 intellettuale. I nomi, i marchi e le marche citati in questo sito sono di propriet\u00e0 dei rispettivi titolari.<\/p><p>Qualsiasi utilizzo o riproduzione, totale o parziale, del sito, dei suoi componenti e\/o delle informazioni in esso contenute, con qualsiasi mezzo, costituisce una violazione punibile ai sensi del Codice della propriet\u00e0 intellettuale francese.<\/p><h3>Contenuto editoriale<\/h3><p>Tutti i contenuti editoriali e le informazioni presenti in questo sito sono di responsabilit\u00e0 editoriale di\u2019<strong>AMILO<\/strong>.<\/p><p>I marchi, i loghi e i contenuti del sito web Amilo (illustrazioni grafiche, testi, ecc.) sono protetti dal Codice della propriet\u00e0 intellettuale francese e dal diritto d'autore.<\/p><p>La riproduzione e la copia dei contenuti da parte dell'Utente richiede l'autorizzazione preventiva del sito. In questo caso, \u00e8 vietato qualsiasi utilizzo a fini commerciali o pubblicitari.<\/p><p>Le immagini di persone presenti sul sito sono foto non contrattuali.<\/p><p>Sviluppo e integrazione<\/p><p>Il sito web\u00a0<strong>AMILO<\/strong>\u00a0\u00e8 alimentato dal software WordPress, configurato e integrato da AMILO.<\/p>\t\t\t\t\t\t\t\t<\/div>\n\t\t\t\t\t<\/div>\n\t\t\t\t<\/div>\n\t\t\t\t<\/div>","protected":false},"excerpt":{"rendered":"<p>Propri\u00e9t\u00e9 Le site\u00a0Amilo Suisse\u00a0\u00a0est \u00e9dit\u00e9 par la soci\u00e9t\u00e9\u00a0AMILO\u00a0dont le si\u00e8ge social est situ\u00e9 \u00e0 La Jonch\u00e8re 23230 GOUZON et immatricul\u00e9e aupr\u00e8s du Registre du Commerce et des Soci\u00e9t\u00e9s de Gu\u00e9ret. SAS au capital de 55555,50 \u20acSiret : 832\u00a0233\u00a0035\u00a0000 19Code activit\u00e9 : APE 4669 BN\u00b0 de TVA Intra-communautaire : FR 15 832\u00a0233\u00a0035 Tel. :\u00a0+335 32 60 [&hellip;]<\/p>\n","protected":false},"author":1,"featured_media":0,"parent":0,"menu_order":0,"comment_status":"closed","ping_status":"closed","template":"","meta":{"_acf_changed":false,"footnotes":""},"class_list":["post-329","page","type-page","status-publish","hentry"],"acf":[],"_links":{"self":[{"href":"https:\/\/ch.amilo.earth\/it\/wp-json\/wp\/v2\/pages\/329","targetHints":{"allow":["GET"]}}],"collection":[{"href":"https:\/\/ch.amilo.earth\/it\/wp-json\/wp\/v2\/pages"}],"about":[{"href":"https:\/\/ch.amilo.earth\/it\/wp-json\/wp\/v2\/types\/page"}],"author":[{"embeddable":true,"href":"https:\/\/ch.amilo.earth\/it\/wp-json\/wp\/v2\/users\/1"}],"replies":[{"embeddable":true,"href":"https:\/\/ch.amilo.earth\/it\/wp-json\/wp\/v2\/comments?post=329"}],"version-history":[{"count":4,"href":"https:\/\/ch.amilo.earth\/it\/wp-json\/wp\/v2\/pages\/329\/revisions"}],"predecessor-version":[{"id":334,"href":"https:\/\/ch.amilo.earth\/it\/wp-json\/wp\/v2\/pages\/329\/revisions\/334"}],"wp:attachment":[{"href":"https:\/\/ch.amilo.earth\/it\/wp-json\/wp\/v2\/media?parent=329"}],"curies":[{"name":"wp","href":"https:\/\/api.w.org\/{rel}","templated":true}]}}