{"id":324,"date":"2026-05-02T07:37:22","date_gmt":"2026-05-02T07:37:22","guid":{"rendered":"https:\/\/ch.amilo.earth\/?page_id=324"},"modified":"2026-05-02T08:08:01","modified_gmt":"2026-05-02T08:08:01","slug":"condizioni-generali-di-vendita","status":"publish","type":"page","link":"https:\/\/ch.amilo.earth\/it\/conditions-generales-de-vente\/","title":{"rendered":"Condizioni Generali di Vendita"},"content":{"rendered":"<div data-elementor-type=\"wp-page\" data-elementor-id=\"324\" class=\"elementor elementor-324\" data-elementor-post-type=\"page\">\n\t\t\t\t<div class=\"elementor-element elementor-element-bc0a16e e-flex e-con-boxed e-con e-parent\" data-id=\"bc0a16e\" data-element_type=\"container\" data-e-type=\"container\">\n\t\t\t\t\t<div class=\"e-con-inner\">\n\t\t\t\t<div class=\"elementor-element elementor-element-681dfa8 elementor-widget elementor-widget-heading\" data-id=\"681dfa8\" data-element_type=\"widget\" data-e-type=\"widget\" data-widget_type=\"heading.default\">\n\t\t\t\t\t<h1 class=\"elementor-heading-title elementor-size-default\">Condizioni Generali di Vendita<\/h1>\t\t\t\t<\/div>\n\t\t\t\t\t<\/div>\n\t\t\t\t<\/div>\n\t\t<div class=\"elementor-element elementor-element-0108371 e-flex e-con-boxed e-con e-parent\" data-id=\"0108371\" data-element_type=\"container\" data-e-type=\"container\">\n\t\t\t\t\t<div class=\"e-con-inner\">\n\t\t\t\t<div class=\"elementor-element elementor-element-c3a2018 elementor-widget elementor-widget-text-editor\" data-id=\"c3a2018\" data-element_type=\"widget\" data-e-type=\"widget\" data-widget_type=\"text-editor.default\">\n\t\t\t\t\t\t\t\t\t<p><strong>Premessa: gli acquisti sul sito web di Amilo Svizzera sono disponibili solo per i residenti in Svizzera. Per tutti gli altri residenti in Europa, si prega di consultare il sito web <a href=\"https:\/\/www.amilo.earth\" target=\"_blank\" rel=\"noopener\">Amilo Francia<\/a>.<\/strong><\/p>\t\t\t\t\t\t\t\t<\/div>\n\t\t\t\t\t<\/div>\n\t\t\t\t<\/div>\n\t\t<div class=\"elementor-element elementor-element-3f6b130 e-flex e-con-boxed e-con e-parent\" data-id=\"3f6b130\" data-element_type=\"container\" data-e-type=\"container\">\n\t\t\t\t\t<div class=\"e-con-inner\">\n\t\t\t\t<div class=\"elementor-element elementor-element-7d97e86 elementor-widget elementor-widget-text-editor\" data-id=\"7d97e86\" data-element_type=\"widget\" data-e-type=\"widget\" data-widget_type=\"text-editor.default\">\n\t\t\t\t\t\t\t\t\t<p>I presenti termini e condizioni sono stipulati tra AMILO, iscritta al Registro del Commercio e delle Imprese di Gu\u00e9ret con il numero 832 233 035, con sede legale a La Jonch\u00e8re 23230 Gouzon, Francia, da un lato, e, dall'altro, le persone che desiderano effettuare un acquisto tramite il sito web. <a href=\"https:\/\/ch.amilo.earth\/it\/\">AMILO SVIZZERA<\/a>. AMILO li ringrazia per questo. Le parti convengono che le loro relazioni saranno regolate esclusivamente dal presente contratto, ad esclusione di qualsiasi condizione precedentemente disponibile sul sito. In mancanza di una condizione, si riterr\u00e0 che essa sia regolata dalle pratiche in vigore nel settore delle vendite a distanza le cui aziende hanno sede in Francia. AMILO si impegna a rispettare tutte le disposizioni del Codice del Consumo francese relative alla vendita a distanza e in particolare gli articoli L111-1 e seguenti e L121-17 e L121-18 del Codice del Consumo francese relativi alla protezione dei consumatori. Si impegna inoltre a garantire che i consumatori siano sostenuti e rispettati nelle loro scelte e nella loro libert\u00e0 di acquistare o meno i prodotti che desiderano, nella piena consapevolezza della situazione.<\/p><h2>1 - L'OFFERTA<\/h2><p class=\"Default\">Periodo di validit\u00e0: in assenza di date precise che indichino la validit\u00e0 dell'offerta, le offerte presenti sul sito sono valide nel momento in cui appaiono sul sito.<br \/>Ambito territoriale: le offerte sono valide per tutti gli acquisti spediti all'interno dell'Unione Europea. Al di fuori di quest'area, il cliente deve richiedere un preventivo per iscritto utilizzando il modulo di contatto del sito.<br \/>Prezzi e IVA: I prezzi sono espressi in euro, comprensivi di tutte le imposte. Tengono conto dell'IVA applicabile localmente il giorno dell'ordine. Per l'IVA ridotta (sistemi venduti con installazione inclusa), verr\u00e0 richiesto un certificato IVA semplificato.<\/p><h2>2 - CONFORMIT\u00c0 DEL PRODOTTO<\/h2><p>I clienti sono informati che i prodotti AMILO sono installati in un sistema idrico destinato al consumo umano (EDCH) e che, al di l\u00e0 del periodo di utilizzo o del numero massimo di m3 di acqua consigliato per le cartucce, come specificato nelle istruzioni per l'uso e sul sito web\u00a0<a href=\"https:\/\/www.amilo.earth\/\">ch.<\/a><a href=\"https:\/\/ch.amilo.earth\/it\/\">amilo<\/a><a href=\"https:\/\/www.amilo.earth\/\">.terra<\/a>, Se le cartucce non vengono sostituite correttamente, le propriet\u00e0 dei dispositivi non sono pi\u00f9 garantite.<br \/>Nel caso di impianti che utilizzano acqua proveniente da captazioni esterne alla rete (EDCH), \u00e8 necessario studiare la situazione in modo specifico e fornire analisi dell'acqua che consentano di integrare i sistemi AMILO per la rete (EDCH) con processi adeguati alla situazione. In ogni caso, il cliente rimane responsabile della decisione finale di consumare quest'acqua, i cui parametri di qualit\u00e0 possono variare a seconda dell'ambiente esterno a cui l'acqua \u00e8 sottoposta.<\/p><h2>3 - GARANZIA<\/h2><p>I consumatori hanno un periodo di due anni dalla data di consegna dei beni per invocare la garanzia legale di conformit\u00e0 in caso di difetto di conformit\u00e0. Durante questo periodo, il consumatore \u00e8 tenuto a dimostrare solo l'esistenza del difetto di conformit\u00e0 e non la data della sua comparsa.\u00a0<br \/>La garanzia legale di conformit\u00e0 comporta l'obbligo da parte del professionista, ove applicabile, di fornire tutti gli aggiornamenti necessari per mantenere la conformit\u00e0 dei beni. La garanzia legale di conformit\u00e0 conferisce al consumatore il diritto di riparare o sostituire il bene entro trenta giorni dalla sua richiesta, gratuitamente e senza alcun inconveniente di rilievo. Se il bene viene riparato in base alla garanzia legale di conformit\u00e0, il consumatore beneficia di un'estensione di sei mesi della garanzia iniziale. Se il consumatore chiede la riparazione del bene, ma il venditore ne richiede la sostituzione, la garanzia legale di conformit\u00e0 si rinnova per un periodo di due anni a partire dalla data di sostituzione del bene.<br \/>Il consumatore pu\u00f2 ottenere una riduzione del prezzo di acquisto conservando i beni o risolvere il contratto ottenendo un rimborso completo in cambio della restituzione dei beni, se :<br \/>1\u00b0 Il commerciante rifiuta di riparare o sostituire i beni; ;<br \/>2\u00b0 La merce viene riparata o sostituita dopo un periodo di trenta giorni; ;<br \/>3\u00b0 La riparazione o la sostituzione del bene causa un notevole disagio al consumatore, in particolare se il consumatore sostiene definitivamente il costo del ritiro o della rimozione del bene non conforme, o se sostiene il costo dell'installazione del bene riparato o sostituito; ;<br \/>4\u00b0 La non conformit\u00e0 dell'immobile persiste nonostante il tentativo infruttuoso del venditore di renderlo conforme.<br \/>Il consumatore ha inoltre diritto a una riduzione del prezzo dei beni o alla risoluzione del contratto qualora il difetto di conformit\u00e0 sia cos\u00ec grave da giustificare una riduzione immediata del prezzo o la risoluzione del contratto. In questi casi, il consumatore non \u00e8 tenuto a chiedere preventivamente la riparazione o la sostituzione del bene.<br \/>I consumatori non hanno il diritto di recedere dalla vendita se il difetto di conformit\u00e0 \u00e8 di lieve entit\u00e0.<br \/>Qualsiasi periodo di immobilizzazione della merce in vista della sua riparazione o sostituzione sospende la garanzia in vigore fino alla consegna della merce riparata. I diritti sopra menzionati derivano dall'applicazione degli articoli da L. 217-1 a L. 217-32 del Codice del Consumo francese. Il venditore che ostacola in malafede l'applicazione della garanzia legale di conformit\u00e0 \u00e8 passibile di una multa civile fino a 300.000 euro, che pu\u00f2 essere aumentata fino al 10 % del fatturato medio annuo (articolo L. 241-5 del Codice del Consumo francese).<br \/>Il consumatore beneficia inoltre della garanzia legale contro i vizi occulti in applicazione degli articoli da 1641 a 1649 del Codice Civile, per un periodo di due anni dalla scoperta del difetto. Questa garanzia d\u00e0 diritto a una riduzione del prezzo se la merce viene conservata, o a un rimborso completo se la merce viene restituita.<br \/>Garanzia commerciale: la garanzia commerciale dell'apparecchiatura \u00e8 quella del produttore. Riguarda esclusivamente la riparazione o la sostituzione dei componenti dell'apparecchiatura o del prodotto stesso, se del caso, che influiscono sul funzionamento nominale dell'apparecchiatura e che sono riconosciuti come difettosi dal servizio tecnico del produttore.<\/p><h2>4 - CONVALIDA E CONFERMA DELL'ORDINE<\/h2><p>L'ordine viene registrato sul sito dal momento in cui l'utente viene identificato sul sito di Amilo Suisse. Ogni ordine implica l'accettazione dei prezzi e della descrizione dei prodotti disponibili per la vendita. Quando il cliente convalida il proprio ordine, dichiara di accettare integralmente e senza riserve l'ordine e le presenti Condizioni Generali di Vendita. I dati registrati da Amilo Suisse costituiscono la prova di tutte le transazioni effettuate sul sito. <a href=\"https:\/\/ch.amilo.earth\/it\/\">Amilo Svizzera<\/a>.<br \/>I dati registrati dai vari sistemi di pagamento costituiscono la prova delle transazioni finanziarie. Una volta che l'ordine \u00e8 stato convalidato dal cliente, AMILO ne confermer\u00e0 l'accettazione tramite e-mail. La tracciabilit\u00e0 degli ordini in corso \u00e8 disponibile nell'area clienti online \u00abIl mio account\u00bb, oppure contattando direttamente il Servizio Clienti al numero <a href=\"https:\/\/ch.amilo.earth\/it\/contattare-amilo-svizzera\/\">modulo di contatto<\/a> del sito web di Amilo Svizzera.<br \/>Per gli ordini che non provengono dal negozio Amilo, il cliente deve firmare un Documento Informativo Precontrattuale (DIP). La firma di questo documento ha il solo scopo di dimostrare che il consumatore ha letto, su entrambi i lati, le informazioni contenute nell'intero documento.<br \/>Il presente documento non impegna il consumatore ad effettuare un ordine.<br \/>Il modulo d'ordine sar\u00e0 quindi convalidato e firmato da entrambe le parti.<\/p><h2>5 - PREZZI<\/h2><p>I prezzi della merce venduta sono quelli in vigore il giorno dell'ordine. Sono espressi in euro e sono calcolati comprensivi di tutte le tasse (pi\u00f9 le spese di trasporto applicabili il giorno dell'ordine).<br \/>Amilo si riserva il diritto di modificare i propri prezzi in qualsiasi momento. Tuttavia, si impegna a fatturare la merce ordinata ai prezzi indicati al momento della registrazione dell'ordine.<\/p><h2>6 - PAGAMENTO<\/h2><p>Gli ordini devono essere pagati per intero al momento dell'ordine:<\/p><ul><li>Oppure tramite assegno, intestato a Amilo SAS - La Jonch\u00e8re - 23230 Gouzon<\/li><li>O con PayPal \/ carta di credito; link per il pagamento diretto quando si acquista direttamente sul sito <a href=\"https:\/\/ch.amilo.earth\/it\/\">Amilo Svizzera<\/a>.<\/li><li>Oppure con un'organizzazione di finanziamento esterna in 4-12 rate, gratuitamente o su richiesta.<\/li><li>O tramite bonifico bancario<\/li><\/ul><p>Solo per i modelli Home pagati con assegno o bonifico bancario: con 50% dell'importo totale dell'ordine al momento della firma dell'ordine e 50% al momento della ricezione dell'apparecchiatura.<\/p><h2>7 - DISPONIBILIT\u00c0<\/h2><p>Le nostre scorte sono sufficienti a soddisfare la normale domanda. Occasionalmente potremmo esaurire le scorte, nel qual caso il prodotto non sar\u00e0 disponibile.<\/p><h2>8 - TEMPI DI SPEDIZIONE E CONSEGNA<\/h2><p>Ogni ordine viene elaborato il pi\u00f9 rapidamente possibile dal nostro reparto logistico, in uno dei nostri depositi, dal luned\u00ec al venerd\u00ec compreso. Gli ordini vengono elaborati entro 48 ore lavorative dalla ricezione e dal pagamento dell'ordine.<br \/>Montaggio e preparazione: da 2 a 7 giorni lavorativi, quindi consegna al corriere. Ordini speciali, ordini multipli, attrezzature specifiche per professionisti o consegna su pallet: fino a 15 giorni lavorativi. Consegna a domicilio: tramite corriere o Colissimo a seconda del peso, di solito entro 24-48 ore lavorative dalla preparazione dell'ordine, a seconda delle dimensioni e del peso del pacco.<br \/><strong>Spese di spedizione gratuite per ordini superiori a 500 euro<\/strong>, per la Francia e alcuni Paesi limitrofi (si prega di contattarci).<br \/>Al momento del ricevimento dell'apparecchiatura, il cliente si impegna a verificarne il contenuto e, se necessario, a emettere delle riserve. Amilo non pu\u00f2 essere ritenuta responsabile per ritardi nella consegna dovuti al vettore o per danni al contenuto del pacco durante il trasporto.<\/p><h2>9 - TRASFERIMENTO DELLA CUSTODIA<\/h2><p>I nostri materiali sono affidati al vettore incaricato della consegna nel luogo indicato dal cliente, anche se vengono spediti in porto franco. Al momento della conferma dell'ordine, Amilo si impegna a consegnare l'articolo in tempo e in buone condizioni. In caso di mancata consegna, la vendita verr\u00e0 annullata e il cliente verr\u00e0 rimborsato entro 14 giorni dalla data in cui ha comunicato all'azienda la sua intenzione.<\/p><h2>10 - SERVIZIO POST-VENDITA<\/h2><p>Per qualsiasi incidente relativo al ricevimento degli articoli o per qualsiasi altra segnalazione riguardante un prodotto, la sua installazione o messa in funzione, il cliente deve contattare Amilo Suisse al seguente link\u00a0 <a href=\"https:\/\/ch.amilo.earth\/it\/contattare-amilo-svizzera\/\">contatto del sito<\/a>\u00a0o il nostro servizio post-vendita al numero 04 15 45 88 55.<br \/>AMILO far\u00e0 tutto il possibile per garantire che i suoi prodotti e servizi diano piena soddisfazione. I nostri partner di rete e il nostro ufficio tecnico sono a disposizione per assistere i clienti nell'installazione e nella messa in servizio delle loro apparecchiature e saranno lieti di rispondere a qualsiasi domanda.<\/p><h2>11. SICUREZZA E RISERVATEZZA<\/h2><h3>A. Fissaggio<\/h3><p>AMILO ha scelto la soluzione di pagamento sicura commercializzata dal Cr\u00e9dit Coop\u00e9ratif. Il numero della carta bancaria viene comunicato sul sito web sicuro della banca. AMILO non viene mai a conoscenza di questo numero. L'addebito al cliente avviene il giorno del pagamento.<\/p><h3>B. Riservatezza dei dati personali<\/h3><p>Gli indirizzi e-mail sono destinati esclusivamente all'uso da parte di AMILO, che rispetta le norme sul trattamento dei dati personali di seguito riportate.<br \/>Trattamento dei dati personali (dichiarazione CNIL n. 1224120): I dati personali raccolti sono oggetto di due operazioni di trattamento per le quali AMILO e il partner consulente di AMILO sono rispettivamente responsabili. Il trattamento informatico dei dati personali raccolti \u00e8 finalizzato alla gestione degli ordini, all'invio di informazioni sui prodotti AMILO e sugli eventi AMILO. Tali dati sono trattati per l'esecuzione del contratto e nell'ambito dei legittimi interessi delle parti. Le informazioni (cognome, nome, indirizzo completo) contrassegnate da un asterisco sono obbligatorie; la mancata compilazione di uno di questi campi pu\u00f2 impedire l'elaborazione e la spedizione dell'ordine. Sono destinati ai servizi amministrativi e ai fornitori di servizi esterni utilizzati da AMILO per la consegna dell'ordine. Le altre informazioni non sono obbligatorie. Il consumatore \u00e8 libero di compilare tali informazioni. Se trasmette queste informazioni, viene informato che il loro scopo \u00e8 quello di consentirgli di telefonare o di inviargli informazioni da parte dell'azienda. Questi dati non saranno trasferiti. In conformit\u00e0 alla legge, il consumatore ha il diritto di accesso, rettifica, opposizione, limitazione del trattamento, cancellazione e portabilit\u00e0 dei dati che lo riguardano, che pu\u00f2 esercitare scrivendo all'indirizzo della sede di AMILO, indicando il proprio cognome, nome e indirizzo e allegando una copia di entrambi i lati della propria carta d'identit\u00e0. In caso di difficolt\u00e0 nella gestione dei dati personali, il consumatore pu\u00f2 presentare un reclamo al responsabile della protezione dei dati personali tramite il seguente link <a href=\"https:\/\/ch.amilo.earth\/it\/contattare-amilo-svizzera\/\">contatto del sito<\/a>\u00a0o alla CNIL o a qualsiasi altra autorit\u00e0 competente. Questi dati vengono conservati per un massimo di tre anni dalla fine del rapporto commerciale o dalla scadenza della garanzia e dall'ultima comunicazione fatta al consumatore.<\/p><h3>C. Chiamata a freddo<\/h3><p>Se lo desiderano, i consumatori hanno la possibilit\u00e0 di iscriversi gratuitamente alla lista di \"opposizione al canvassing telefonico\" prevista dall'articolo L223-1, se non desiderano essere oggetto di un canvassing commerciale con questo mezzo.<\/p><h2>12- LEGGE APPLICABILE<\/h2><p>In caso di controversia, il consumatore pu\u00f2 innanzitutto contattare il responsabile dell'azienda all'indirizzo\u00a0 <a href=\"https:\/\/ch.amilo.earth\/it\/contattare-amilo-svizzera\/\">contatto del sito<\/a>. Amilo far\u00e0 del suo meglio per trovare un esito favorevole per entrambe le parti, in modo da trovare un equilibrio armonioso per tutti gli interessati. In mancanza di una soluzione (cosa molto improbabile) il consumatore pu\u00f2 rivolgersi al servizio di mediazione: CPMVD\u00a0<a href=\"https:\/\/mediation-vente-directe.fr\/index.php\/homepage\/comment-saisir-la-cpmvd\/\">mediation-vente-directe.fr\/index.php\/homepage\/how-to-file-with-the-cpmvd<\/a><\/p><h2>13- RISERVA DI PROPRIET\u00c0<\/h2><p>AMILO si riserva espressamente la propriet\u00e0 della merce consegnata fino al ricevimento del pagamento completo. In caso di problemi con il pagamento dell'ordine, vi preghiamo di informarci il prima possibile, in modo che i nostri servizi possano occuparsene nel modo pi\u00f9 efficiente possibile e in modo da poter attuare una procedura che ci consenta di perfezionare il nostro contratto d'ordine in buona e dovuta forma.<\/p><h2>14- CONDIZIONI DI CANCELLAZIONE<\/h2><p>In caso di ripensamento (articoli L.221-18 e seguenti del Codice del Consumo francese), entro 14 giorni di calendario dalla data di ricevimento dell'apparecchiatura, il cliente ha il diritto di recedere dall'acquisto senza spese, a condizione che lo comunichi all'azienda tramite lettera raccomandata a Entreprise Amilo SAS o restituendo il modulo di recesso. Amilo confermer\u00e0 la ricezione del recesso su un supporto durevole restituito al cliente. Se i prodotti sono gi\u00e0 stati consegnati, devono essere restituiti a spese del Cliente entro 14 giorni dal recesso. Il rimborso sar\u00e0 effettuato entro 14 giorni dal ricevimento dei prodotti in perfetto stato e non utilizzati.<br \/>Qualsiasi annullamento, sospensione o risoluzione di un ordine dopo il periodo legale di 14 giorni comporter\u00e0 per 30% il pagamento degli ordini per compensare le spese di trasporto e il lavoro svolto.<br \/>Tutti i prodotti modificati o installati non possono essere ritirati.<\/p>\t\t\t\t\t\t\t\t<\/div>\n\t\t\t\t\t<\/div>\n\t\t\t\t<\/div>\n\t\t\t\t<\/div>","protected":false},"excerpt":{"rendered":"<p>Pr\u00e9ambule : les achats sur le site Amilo Suisse ne sont possibles que pour les r\u00e9sidents Suisses. Pour tous les autres habitants Europ\u00e9ens, merci de consulter le site Amilo France. Les pr\u00e9sentes conditions sont conclues entre La soci\u00e9t\u00e9 AMILO, inscrite au RCS de Gu\u00e9ret sous le num\u00e9ro 832 233 035, sise \u00e0 La Jonch\u00e8re 23230 [&hellip;]<\/p>\n","protected":false},"author":1,"featured_media":0,"parent":0,"menu_order":0,"comment_status":"closed","ping_status":"closed","template":"","meta":{"_acf_changed":false,"footnotes":""},"class_list":["post-324","page","type-page","status-publish","hentry"],"acf":[],"_links":{"self":[{"href":"https:\/\/ch.amilo.earth\/it\/wp-json\/wp\/v2\/pages\/324","targetHints":{"allow":["GET"]}}],"collection":[{"href":"https:\/\/ch.amilo.earth\/it\/wp-json\/wp\/v2\/pages"}],"about":[{"href":"https:\/\/ch.amilo.earth\/it\/wp-json\/wp\/v2\/types\/page"}],"author":[{"embeddable":true,"href":"https:\/\/ch.amilo.earth\/it\/wp-json\/wp\/v2\/users\/1"}],"replies":[{"embeddable":true,"href":"https:\/\/ch.amilo.earth\/it\/wp-json\/wp\/v2\/comments?post=324"}],"version-history":[{"count":7,"href":"https:\/\/ch.amilo.earth\/it\/wp-json\/wp\/v2\/pages\/324\/revisions"}],"predecessor-version":[{"id":343,"href":"https:\/\/ch.amilo.earth\/it\/wp-json\/wp\/v2\/pages\/324\/revisions\/343"}],"wp:attachment":[{"href":"https:\/\/ch.amilo.earth\/it\/wp-json\/wp\/v2\/media?parent=324"}],"curies":[{"name":"wp","href":"https:\/\/api.w.org\/{rel}","templated":true}]}}