{"id":3,"date":"2026-05-01T03:27:12","date_gmt":"2026-05-01T03:27:12","guid":{"rendered":"https:\/\/ch.amilo.earth\/?page_id=3"},"modified":"2026-05-02T07:31:50","modified_gmt":"2026-05-02T07:31:50","slug":"informativa-sulla-privacy","status":"publish","type":"page","link":"https:\/\/ch.amilo.earth\/it\/politique-confidentialite\/","title":{"rendered":"Informativa sulla privacy"},"content":{"rendered":"<div data-elementor-type=\"wp-page\" data-elementor-id=\"3\" class=\"elementor elementor-3\" data-elementor-post-type=\"page\">\n\t\t\t\t<div class=\"elementor-element elementor-element-704daf9 e-flex e-con-boxed e-con e-parent\" data-id=\"704daf9\" data-element_type=\"container\" data-e-type=\"container\">\n\t\t\t\t\t<div class=\"e-con-inner\">\n\t\t\t\t<div class=\"elementor-element elementor-element-3d4c2ae elementor-widget elementor-widget-heading\" data-id=\"3d4c2ae\" data-element_type=\"widget\" data-e-type=\"widget\" data-widget_type=\"heading.default\">\n\t\t\t\t\t<h1 class=\"elementor-heading-title elementor-size-default\">Informativa sulla privacy<\/h1>\t\t\t\t<\/div>\n\t\t\t\t\t<\/div>\n\t\t\t\t<\/div>\n\t\t<div class=\"elementor-element elementor-element-4103b926 e-flex e-con-boxed e-con e-parent\" data-id=\"4103b926\" data-element_type=\"container\" data-e-type=\"container\">\n\t\t\t\t\t<div class=\"e-con-inner\">\n\t\t\t\t<div class=\"elementor-element elementor-element-1337a0df elementor-widget elementor-widget-text-editor\" data-id=\"1337a0df\" data-element_type=\"widget\" data-e-type=\"widget\" data-widget_type=\"text-editor.default\">\n\t\t\t\t\t\t\t\t\t<h2 class=\"wp-block-heading\">Chi siamo?<\/h2>\n<p>L'indirizzo del nostro sito web \u00e8: https:\/\/ch.amilo.earth.<\/p>\n<h2 class=\"wp-block-heading\">Commenti<\/h2>\n<p>Quando lasciate un commento sul nostro sito, i dati inseriti nel modulo di commento, cos\u00ec come il vostro indirizzo IP e l'user agent del vostro browser, vengono raccolti per aiutarci a individuare i commenti indesiderati.<\/p>\n<p>Una stringa anonima creata a partire dal vostro indirizzo e-mail (nota anche come hash) pu\u00f2 essere inviata al servizio Gravatar per verificare se lo state utilizzando. Le clausole di riservatezza del servizio Gravatar sono disponibili qui: https:\/\/automattic.com\/privacy\/. Una volta convalidato il commento, la foto del profilo sar\u00e0 visibile pubblicamente insieme al commento.<\/p>\n<h2 class=\"wp-block-heading\">Media<\/h2>\n<p>Se caricate immagini sul sito, vi consigliamo di evitare di caricare immagini contenenti dati EXIF di coordinate GPS. Le persone che visitano il vostro sito potrebbero scaricare ed estrarre i dati di localizzazione da queste immagini.<\/p>\n<h2 class=\"wp-block-heading\">Biscotti<\/h2>\n<p>Se lasciate un commento sul nostro sito, vi verr\u00e0 chiesto di salvare il vostro nome, indirizzo e-mail e sito nei cookie. Questo per pura comodit\u00e0 dell'utente, in modo che non debba inserire queste informazioni se lascia un altro commento in seguito. Questi cookie scadono dopo un anno.<\/p>\n<p>Se si accede alla pagina di login, viene creato un cookie temporaneo per determinare se il browser accetta i cookie. Non contiene dati personali e verr\u00e0 cancellato automaticamente alla chiusura del browser.<\/p>\n<p>Quando si accede, vengono impostati alcuni cookie per registrare le informazioni di accesso e le preferenze dello schermo. La durata di un cookie di connessione \u00e8 di due giorni, quella di un cookie di opzione dello schermo \u00e8 di un anno. Se si seleziona \u00abRicordami\u00bb, il cookie di connessione viene conservato per due settimane. Se si esce dal proprio account, il cookie di accesso viene cancellato.<\/p>\n<p>Modificando o pubblicando una pubblicazione, un ulteriore cookie verr\u00e0 memorizzato nel vostro browser. Questo cookie non contiene dati personali. Indica semplicemente l'ID della pubblicazione appena modificata. Scade dopo un giorno.<\/p>\n<h2 class=\"wp-block-heading\">Contenuti incorporati da altri siti<\/h2>\n<p>Gli articoli di questo sito possono includere contenuti incorporati (ad esempio video, immagini, articoli, ecc.). I contenuti incorporati provenienti da altri siti si comportano come se il visitatore stesse visitando l'altro sito.<\/p>\n<p>Questi siti web possono raccogliere dati sull'utente, utilizzare cookie, incorporare strumenti di tracciamento di terze parti e tracciare le interazioni dell'utente con questi contenuti incorporati se l'utente ha un account collegato al loro sito web.<\/p>\n<h2 class=\"wp-block-heading\">Utilizzo e trasmissione dei dati personali<\/h2>\n<p>Se si richiede la reimpostazione della password, il proprio indirizzo IP sar\u00e0 incluso nell'e-mail di reimpostazione.<\/p>\n<h2 class=\"wp-block-heading\">Periodi di conservazione dei dati<\/h2>\n<p>Se si lascia un commento, il commento e i suoi metadati vengono conservati a tempo indeterminato. Ci\u00f2 consente di riconoscere e approvare automaticamente i commenti successivi, invece di lasciarli nella coda di moderazione.<\/p>\n<p>Per gli account che si registrano sul nostro sito (ove applicabile), memorizziamo anche i dati personali indicati nel loro profilo. Tutti gli account possono visualizzare, modificare o cancellare i propri dati personali in qualsiasi momento (ad eccezione del proprio ID utente). Anche i gestori del sito possono visualizzare e modificare tali informazioni.<\/p>\n<h2 class=\"wp-block-heading\">I diritti che avete sui vostri dati<\/h2>\n<p>Se avete un account o se avete lasciato commenti sul sito, potete richiedere di ricevere un file contenente tutti i dati personali in nostro possesso, compresi quelli che ci avete fornito. Potete anche richiedere la cancellazione dei vostri dati personali. Sono esclusi i dati memorizzati per scopi amministrativi, legali o di sicurezza.<\/p>\n<h2 class=\"wp-block-heading\">Dove vengono inviati i vostri dati<\/h2>\n<p>I commenti dei visitatori possono essere controllati con un servizio automatico per individuare i commenti indesiderati.<\/p>\t\t\t\t\t\t\t\t<\/div>\n\t\t\t\t\t<\/div>\n\t\t\t\t<\/div>\n\t\t<div class=\"elementor-element elementor-element-ddad5b7 e-flex e-con-boxed e-con e-parent\" data-id=\"ddad5b7\" data-element_type=\"container\" data-e-type=\"container\">\n\t\t\t\t\t<div class=\"e-con-inner\">\n\t\t\t\t<div class=\"elementor-element elementor-element-315528a elementor-widget elementor-widget-text-editor\" data-id=\"315528a\" data-element_type=\"widget\" data-e-type=\"widget\" data-widget_type=\"text-editor.default\">\n\t\t\t\t\t\t\t\t\t<p>Raccogliamo informazioni quando si effettua un ordine nel nostro negozio.<\/p>\n<h2>Cosa raccogliamo e memorizziamo<\/h2>\n<p>Durante la vostra visita al sito, monitoriamo :<\/p>\n<ul>\n<li>Prodotti visti: ad esempio, per visualizzare i prodotti visualizzati di recente.<\/li>\n<li>Posizione, indirizzo IP e tipo di browser: li utilizziamo per stimare le tasse e i costi di consegna.<\/li>\n<li>Indirizzo di consegna: vi chiederemo di inserirlo per poter stimare le spese di consegna prima di effettuare l'ordine e spedirvelo!<\/li>\n<\/ul>\n<p>Utilizziamo i cookie per tenere traccia del contenuto del vostro carrello mentre navigate sul nostro sito.<\/p>\n<p>Quando acquistate dal nostro sito web, vi chiederemo di fornire informazioni quali il vostro nome, l'indirizzo di fatturazione, l'indirizzo di consegna, l'indirizzo e-mail, il numero di telefono, i dati della carta di pagamento\/credito ed eventualmente i dati dell'account, come il nome utente e la password. Queste informazioni saranno utilizzate per:<\/p>\n<ul>\n<li>Invio di informazioni sull'account e sull'ordine<\/li>\n<li>Rispondere alle richieste di informazioni, compresi i rimborsi e i reclami.<\/li>\n<li>Elaborazione dei pagamenti e prevenzione delle frodi<\/li>\n<li>Configura il tuo account per il nostro negozio<\/li>\n<li>Adempiere a qualsiasi obbligo di legge, come ad esempio il calcolo delle imposte.<\/li>\n<li>Migliorare l'offerta del nostro negozio<\/li>\n<li>inviarvi messaggi di marketing, se decidete di riceverli<\/li>\n<\/ul>\n<p>Se si crea un account, memorizziamo il nome, l'indirizzo, l'e-mail e il numero di telefono dell'utente, che verranno utilizzati per precompilare la convalida dell'ordine per gli ordini futuri.<\/p>\n<p>In genere conserviamo le informazioni dell'utente per il tempo necessario ai fini per cui le raccogliamo e le utilizziamo, e non siamo obbligati per legge a continuare a farlo. Ad esempio, conserviamo le informazioni relative agli ordini per 10 anni a fini fiscali e contabili. Queste includono il nome, l'e-mail e gli indirizzi di fatturazione e consegna.<\/p>\n<p>Memorizziamo anche i commenti o le comunicazioni, se decidete di inviarli.<\/p>\n<h2>Chi nel nostro team ha accesso ai dati<\/h2>\n<p>I membri del nostro team hanno accesso alle informazioni fornite dall'utente. Ad esempio, gli amministratori e i responsabili del negozio hanno accesso a :<\/p>\n<ul>\n<li>Informazioni sull'ordine, come ad esempio i prodotti acquistati, la data e il luogo di spedizione, e<\/li>\n<li>Informazioni sul cliente, come il nome, l'indirizzo e-mail e i dati di fatturazione e consegna.<\/li>\n<\/ul>\n<p>Il nostro team ha accesso a queste informazioni per elaborare gli ordini, effettuare i rimborsi e aiutarvi.<\/p>\n<h2>Cosa condividiamo con gli altri<\/h2>\n<p>Condividiamo i dati con terze parti che ci aiutano a gestire gli ordini e i servizi del negozio, ad esempio<\/p>\n<h3>Pagamenti<\/h3>\n<p>Accettiamo pagamenti tramite PayPal. Durante l'elaborazione dei pagamenti, alcuni dati vengono trasmessi a PayPal, comprese le informazioni necessarie per elaborare il pagamento, come l'importo totale o i dati di fatturazione.<\/p>\n<p>Si prega di leggere il\u00a0<a href=\"https:\/\/www.paypal.com\/us\/webapps\/mpp\/ua\/privacy-full\" target=\"_blank\" rel=\"noopener\">Informativa sulla privacy di PayPal<\/a>\u00a0per maggiori dettagli.<\/p>\t\t\t\t\t\t\t\t<\/div>\n\t\t\t\t\t<\/div>\n\t\t\t\t<\/div>\n\t\t\t\t<\/div>","protected":false},"excerpt":{"rendered":"<p>Qui sommes-nous\u00a0? L\u2019adresse de notre site est\u00a0: https:\/\/ch.amilo.earth. Commentaires Quand vous laissez un commentaire sur notre site, les donn\u00e9es inscrites dans le formulaire de commentaire, ainsi que votre adresse IP et l\u2019agent utilisateur de votre navigateur sont collect\u00e9s pour nous aider \u00e0 la d\u00e9tection des commentaires ind\u00e9sirables. Une cha\u00eene anonymis\u00e9e cr\u00e9\u00e9e \u00e0 partir de votre [&hellip;]<\/p>\n","protected":false},"author":1,"featured_media":0,"parent":0,"menu_order":0,"comment_status":"closed","ping_status":"closed","template":"","meta":{"_acf_changed":false,"footnotes":""},"class_list":["post-3","page","type-page","status-publish","hentry"],"acf":[],"_links":{"self":[{"href":"https:\/\/ch.amilo.earth\/it\/wp-json\/wp\/v2\/pages\/3","targetHints":{"allow":["GET"]}}],"collection":[{"href":"https:\/\/ch.amilo.earth\/it\/wp-json\/wp\/v2\/pages"}],"about":[{"href":"https:\/\/ch.amilo.earth\/it\/wp-json\/wp\/v2\/types\/page"}],"author":[{"embeddable":true,"href":"https:\/\/ch.amilo.earth\/it\/wp-json\/wp\/v2\/users\/1"}],"replies":[{"embeddable":true,"href":"https:\/\/ch.amilo.earth\/it\/wp-json\/wp\/v2\/comments?post=3"}],"version-history":[{"count":4,"href":"https:\/\/ch.amilo.earth\/it\/wp-json\/wp\/v2\/pages\/3\/revisions"}],"predecessor-version":[{"id":321,"href":"https:\/\/ch.amilo.earth\/it\/wp-json\/wp\/v2\/pages\/3\/revisions\/321"}],"wp:attachment":[{"href":"https:\/\/ch.amilo.earth\/it\/wp-json\/wp\/v2\/media?parent=3"}],"curies":[{"name":"wp","href":"https:\/\/api.w.org\/{rel}","templated":true}]}}