{"id":679,"date":"2026-05-03T14:38:10","date_gmt":"2026-05-03T14:38:10","guid":{"rendered":"https:\/\/ch.amilo.earth\/?post_type=product&#038;p=679"},"modified":"2026-05-03T15:01:10","modified_gmt":"2026-05-03T15:01:10","slug":"amilo-pro-mini-50-filter","status":"publish","type":"product","link":"https:\/\/ch.amilo.earth\/de\/produit\/filtre-amilo-pro-mini-50\/","title":{"rendered":"Filter Amilo Pro Mini 50"},"content":{"rendered":"<h2>Amilo PRO-MINI-50 Filter: vollst\u00e4ndige Filtration und Vitalisierung f\u00fcr Wohn- und Gesch\u00e4ftsr\u00e4ume<\/h2>\n<p>Die <strong>Filter Amilo PRO-MINI-50<\/strong> ist ein High-End-System von <strong>Filtration und Vitalisierung von Leitungswasser<\/strong>, Dieser Wasseraufbereiter wurde speziell f\u00fcr die Bed\u00fcrfnisse von gro\u00dfen Mehrfamilienh\u00e4usern, Ferienh\u00e4usern und gewerblichen Einrichtungen entwickelt. Er wird direkt in den Wasseranschluss eingebaut und behandelt Ihr gesamtes Wasser, um Ihnen an jedem Ort eine optimale Qualit\u00e4t zu bieten.<\/p>\n<h2>Ein zentrales System f\u00fcr Ihre gesamte Einrichtung<\/h2>\n<p>Die <strong>Filter Amilo PRO-MINI-50<\/strong> wird nach dem Wasserz\u00e4hler installiert und erm\u00f6glicht die Versorgung von bis zu <strong>12 Wasserstellen gleichzeitig<\/strong>, mit einem Durchsatz von bis zu <strong>5 m\u00b3\/h<\/strong>.<\/p>\n<p>Dieser zentrale Betrieb garantiert gefiltertes und vitalisiertes Wasser f\u00fcr das ganze Haus: K\u00fcche, Bad, Dusche, Waschk\u00fcche ... ohne Ausnahme.<\/p>\n<h2>Starke Filterung mit Aktivkohle<\/h2>\n<p>Der Kern des Systems beruht auf einer <strong>Flasche mit 50 Litern Aktivkohle<\/strong>.<\/p>\n<p>Diese gro\u00dfe Menge an Aktivkohle erm\u00f6glicht eine sehr effektive R\u00fcckhaltung der wichtigsten Schadstoffe im Wasser :<\/p>\n<ul>\n<li>Chlor und chlorierte Nebenprodukte<\/li>\n<li>Pestizide und Herbizide<\/li>\n<li>Arzneimittelr\u00fcckst\u00e4nde<\/li>\n<li>Schwermetalle<\/li>\n<li>Kohlenwasserstoffe<\/li>\n<li>PFAS und andere neu auftretende Schadstoffe<\/li>\n<\/ul>\n<p>So erhalten Sie Wasser, das von unerw\u00fcnschten Stoffen befreit ist und deutlich besser schmeckt und riecht.<\/p>\n<h2>Ein selbstreinigendes System f\u00fcr nachhaltige Leistung<\/h2>\n<p>Die <strong>Filter Amilo PRO-MINI-50<\/strong> ist mit einer <strong>programmierbares automatisches Ventil<\/strong> der die Selbstreinigungszyklen der Aktivkohle steuert.<\/p>\n<p>Dieses Gegenstromreinigungsverfahren erm\u00f6glicht :<\/p>\n<ul>\n<li>das Verstopfen der Kohle zu verhindern<\/li>\n<li>eine gleichm\u00e4\u00dfige Filtration aufrechtzuerhalten<\/li>\n<li>die Bildung von Vorzugspfaden im Filtermedium zu verhindern<\/li>\n<\/ul>\n<p>Die Standardprogrammierung sieht einen Zyklus etwa einmal im Monat vor, der bei Bedarf auch manuell ausgel\u00f6st werden kann.<\/p>\n<p>Dank dieses Systems wird die Wartung stark reduziert und der <strong>Die Kohle wird nur etwa alle f\u00fcnf Jahre ausgetauscht.<\/strong>, Dies optimiert die Betriebskosten.<\/p>\n<h2>Eine fortgeschrittene Vitalisierung des Wassers<\/h2>\n<p>Als Erg\u00e4nzung zur Filterung <strong>Filter Amilo PRO-MINI-50<\/strong> integriert einen <strong>Vitalisierungsmodul 10\u2033 Big<\/strong> die auf einem ganzheitlichen und nat\u00fcrlichen Ansatz beruht.<\/p>\n<p>Dieses Modul beeinflusst die Struktur des Wassers durch mehrere Elemente:<\/p>\n<ul>\n<li><strong>EM-Keramik<\/strong> (Effektive Mikroorganismen) f\u00fcr den Energiehaushalt<\/li>\n<li><strong>K\u00fcgelchen aus informiertem Siliziumdioxid<\/strong> inspiriert von marinen Kalksteinen<\/li>\n<li><strong>Kupfer-Zink-Eisen-Triplex<\/strong> zur St\u00e4rkung der Schwingungsebene<\/li>\n<li><strong>Implosionswirbel<\/strong> um das Wasser am Ausgang zu dynamisieren<\/li>\n<\/ul>\n<p>Dieser Prozess erm\u00f6glicht eine <strong>globale Dynamisierung des Wassers<\/strong> und verbessert seine Aufnahme durch den K\u00f6rper.<\/p>\n<p>Ein besonders sichtbarer Effekt ist die Umwandlung des Kalksteins: Von einer verkrusteten Form (Calcit) wird er zu <strong>Aragonit<\/strong>, Die meisten Sch\u00fclerinnen und Sch\u00fcler sind in der Lage, sich selbst zu helfen.<\/p>\n<h2>Ein zuverl\u00e4ssiges und leistungsstarkes passives System<\/h2>\n<p>Die Funktionsweise des <strong>Filter Amilo PRO-MINI-50<\/strong> ist v\u00f6llig passiv und kommt ohne Pumpe aus. Es nutzt lediglich den Druck des Leitungsnetzes, um die Filterung und Zirkulation des Wassers zu gew\u00e4hrleisten.<\/p>\n<p>Dieses Prinzip garantiert :<\/p>\n<ul>\n<li>Hohe Zuverl\u00e4ssigkeit<\/li>\n<li>Geringerer Energieverbrauch<\/li>\n<li>Leiser Betrieb<\/li>\n<\/ul>\n<h2>Installation und technische Voraussetzungen<\/h2>\n<p>F\u00fcr einen optimalen Betrieb m\u00fcssen bestimmte Bedingungen erf\u00fcllt sein:<\/p>\n<ul>\n<li>Eingangsdruck zwischen <strong>2,5 und 5 Bar<\/strong><\/li>\n<li>Mindestdurchfluss von <strong>1,5 m\u00b3\/h<\/strong><\/li>\n<li>Installation eines <strong>Druckregler<\/strong> empfohlen<\/li>\n<li>Vorhandensein einer <strong>Abfluss in die Kanalisation<\/strong> f\u00fcr Sp\u00fclg\u00e4nge<\/li>\n<li>220V-Stromversorgung f\u00fcr das automatische Ventil<\/li>\n<\/ul>\n<p>Die Einrichtung eines <strong>globaler Bypass<\/strong> ist auch notwendig, um die Installation zu sichern.<\/p>\n<h2>Abmessungen und Platzbedarf<\/h2>\n<ul>\n<li>Gesamth\u00f6he: ca. 157 cm<\/li>\n<li>Ben\u00f6tigte H\u00f6he: 175 cm<\/li>\n<li>Durchmesser am Boden: 35 cm<\/li>\n<li>Tiefe: 41 cm<\/li>\n<\/ul>\n<p>Das Vitalisierungsmodul ist etwa 46 cm hoch und l\u00e4sst sich leicht in die Gesamtanlage integrieren.<\/p>\n<h2>Eine Komplettl\u00f6sung f\u00fcr eine hohe Wasserqualit\u00e4t<\/h2>\n<p>Mit dem <strong>Filter Amilo PRO-MINI-50<\/strong>, Sie erhalten ein komplettes System, das Folgendes vereint <strong>starke Filterung<\/strong>, <strong>nat\u00fcrliche Vitalisierung<\/strong> und <strong>geringe Wartung<\/strong>. Er ist eine ideale L\u00f6sung, um die Wasserqualit\u00e4t in Ihrer gesamten Wohnung oder Einrichtung nachhaltig zu verbessern.<\/p>\n<p>So genie\u00dfen Sie reineres, angenehmeres und besser aufgenommenes Wasser - bei jedem Gebrauch.<\/p>","protected":false},"excerpt":{"rendered":"<p>Filterstation pro mini 25 f\u00fcr Gewerbetreibende oder Haushalte mit bis zu 10 gleichzeitig genutzten Wasserstellen. Sehr sparsam in der Nutzung. Ben\u00f6tigt einen Stromanschluss und einen Wasserablauf. Besonders geeignet f\u00fcr gro\u00dfe Ferienh\u00e4user, G\u00e4stezimmer, kleine Hotels und Gewerbetreibende mit hohem Wasserverbrauch.<\/p>","protected":false},"featured_media":680,"template":"","meta":{"_acf_changed":false},"product_brand":[],"product_cat":[22],"product_tag":[],"class_list":{"0":"post-679","1":"product","2":"type-product","3":"status-publish","4":"has-post-thumbnail","6":"product_cat-filtration-gros-volumes","8":"first","9":"instock","10":"taxable","11":"shipping-taxable","12":"purchasable","13":"product-type-simple"},"acf":[],"_links":{"self":[{"href":"https:\/\/ch.amilo.earth\/de\/wp-json\/wp\/v2\/product\/679","targetHints":{"allow":["GET"]}}],"collection":[{"href":"https:\/\/ch.amilo.earth\/de\/wp-json\/wp\/v2\/product"}],"about":[{"href":"https:\/\/ch.amilo.earth\/de\/wp-json\/wp\/v2\/types\/product"}],"wp:featuredmedia":[{"embeddable":true,"href":"https:\/\/ch.amilo.earth\/de\/wp-json\/wp\/v2\/media\/680"}],"wp:attachment":[{"href":"https:\/\/ch.amilo.earth\/de\/wp-json\/wp\/v2\/media?parent=679"}],"wp:term":[{"taxonomy":"product_brand","embeddable":true,"href":"https:\/\/ch.amilo.earth\/de\/wp-json\/wp\/v2\/product_brand?post=679"},{"taxonomy":"product_cat","embeddable":true,"href":"https:\/\/ch.amilo.earth\/de\/wp-json\/wp\/v2\/product_cat?post=679"},{"taxonomy":"product_tag","embeddable":true,"href":"https:\/\/ch.amilo.earth\/de\/wp-json\/wp\/v2\/product_tag?post=679"}],"curies":[{"name":"wp","href":"https:\/\/api.w.org\/{rel}","templated":true}]}}