{"id":620,"date":"2026-05-03T10:45:46","date_gmt":"2026-05-03T10:45:46","guid":{"rendered":"https:\/\/ch.amilo.earth\/?post_type=product&#038;p=620"},"modified":"2026-05-03T16:29:01","modified_gmt":"2026-05-03T16:29:01","slug":"kohlekartusche-fur-vitalisierende-filterflasche","status":"publish","type":"product","link":"https:\/\/ch.amilo.earth\/de\/produit\/cartouche-charbon-pour-gourde-filtrante-vitalisante\/","title":{"rendered":"Kohlefilter-Kartusche f\u00fcr Vitalis-Wasserfilterflasche (Leitungswasser)"},"content":{"rendered":"<p>Aktivkohlepatrone, die ausschlie\u00dflich f\u00fcr die Amilo vitalisierende Filterflasche vorgesehen ist. Behandelt nur Wasser aus dem Hauswassernetz, nicht f\u00fcr unbehandeltes Wasser in nat\u00fcrlichen Gew\u00e4ssern verwenden. F\u00fcr Wasser au\u00dferhalb des Leitungsnetzes verwenden Sie die Filterkartusche.<a href=\"https:\/\/ch.amilo.earth\/de\/product\/disruptor-kartusche-fur-vitalisierende-filterflasche\/\">artouche Disruptor\u00ae<\/a> spezifischen unbehandelten Wassers.<\/p>","protected":false},"excerpt":{"rendered":"<p>Ersatz-Aktivkohle-Filterpatrone f\u00fcr Ihren <a href=\"https:\/\/ch.amilo.earth\/de\/product\/filterflasche-vitalisierend-netzwerk\/\"><strong>vitalisierende Filterflasche Leitungswasser<\/strong><\/a>.<br \/>\nWird alle 500L gewechselt, je nach Qualit\u00e4t des behandelten Wassers (Chlorgehalt).<br \/>\n<strong>Nie auf nicht mit Chlor behandeltem Leitungswasser verwenden<\/strong>.<\/p>","protected":false},"featured_media":621,"template":"","meta":{"_acf_changed":false},"product_brand":[],"product_cat":[32,19],"product_tag":[],"class_list":{"0":"post-620","1":"product","2":"type-product","3":"status-publish","4":"has-post-thumbnail","6":"product_cat-cartouches-pour-gourdes-filtrantes","7":"product_cat-gourdes-filtrantes","8":"product_shipping_class-cartouches","10":"first","11":"instock","12":"taxable","13":"shipping-taxable","14":"purchasable","15":"product-type-simple"},"acf":[],"_links":{"self":[{"href":"https:\/\/ch.amilo.earth\/de\/wp-json\/wp\/v2\/product\/620","targetHints":{"allow":["GET"]}}],"collection":[{"href":"https:\/\/ch.amilo.earth\/de\/wp-json\/wp\/v2\/product"}],"about":[{"href":"https:\/\/ch.amilo.earth\/de\/wp-json\/wp\/v2\/types\/product"}],"wp:featuredmedia":[{"embeddable":true,"href":"https:\/\/ch.amilo.earth\/de\/wp-json\/wp\/v2\/media\/621"}],"wp:attachment":[{"href":"https:\/\/ch.amilo.earth\/de\/wp-json\/wp\/v2\/media?parent=620"}],"wp:term":[{"taxonomy":"product_brand","embeddable":true,"href":"https:\/\/ch.amilo.earth\/de\/wp-json\/wp\/v2\/product_brand?post=620"},{"taxonomy":"product_cat","embeddable":true,"href":"https:\/\/ch.amilo.earth\/de\/wp-json\/wp\/v2\/product_cat?post=620"},{"taxonomy":"product_tag","embeddable":true,"href":"https:\/\/ch.amilo.earth\/de\/wp-json\/wp\/v2\/product_tag?post=620"}],"curies":[{"name":"wp","href":"https:\/\/api.w.org\/{rel}","templated":true}]}}