{"id":609,"date":"2026-05-03T10:13:59","date_gmt":"2026-05-03T10:13:59","guid":{"rendered":"https:\/\/ch.amilo.earth\/?post_type=product&#038;p=609"},"modified":"2026-05-03T16:29:33","modified_gmt":"2026-05-03T16:29:33","slug":"trinkflasche-mit-vitalisierendem-filter-fur-netzfreies-wasser","status":"publish","type":"product","link":"https:\/\/ch.amilo.earth\/de\/produit\/gourde-filtrante-vitalisante-eau-hors-reseau\/","title":{"rendered":"Energizing Filter Water Bottle Off-Grid"},"content":{"rendered":"<h2>Vitalisierende Filterflasche f\u00fcr leitungsungebundenes Wasser: \u00fcberall sauberes Trinkwasser, ganz unabh\u00e4ngig<\/h2>\n<p>Erhalten Sie Zugang zu sichererem Wasser, auch weit entfernt von einer Anlage. Die <strong>vitalisierende Filterflasche f\u00fcr leitungsungebundenes Wasser<\/strong> wurde speziell entwickelt, um Sie in <strong>Wandern, Camping, Trekking oder Reisen<\/strong>. Sie erm\u00f6glicht es Ihnen, Wasser, das Sie der Natur entnommen haben, in zuverl\u00e4ssigeres Trinkwasser umzuwandeln und dabei von einer nat\u00fcrlichen Vitalisierung zu profitieren.<\/p>\n<h2>Eine ideale L\u00f6sung f\u00fcr Ihre Aktivit\u00e4ten im Freien<\/h2>\n<p>Ob Naturliebhaber oder erfahrener Abenteurer, diese Trinkflasche wird schnell zu einem unverzichtbaren Begleiter:<\/p>\n<ul>\n<li><strong>Wandern und Trekking<\/strong> : Reduzieren Sie das Gewicht Ihres Rucksacks, indem Sie keine gro\u00dfen Mengen Wasser mit sich herumtragen m\u00fcssen.<\/li>\n<li><strong>Campingplatz<\/strong> : Nutzen Sie problemlos eine Quelle, einen Fluss oder eine nat\u00fcrliche Wasserstelle.<\/li>\n<li><strong>Reisen<\/strong> : Sichern Sie Ihre Fl\u00fcssigkeitszufuhr in Gebieten, in denen die Trinkwasserversorgung unsicher ist.<\/li>\n<li><strong>Sportliche Outdoor-Aktivit\u00e4ten<\/strong> : Bleiben Sie bei Ihren Ausfl\u00fcgen mit sichererem Wasser hydratisiert.<\/li>\n<\/ul>\n<p>Sie bietet Ihnen eine <strong>wertvolle Autonomie<\/strong> und gleichzeitig Ihre Auswirkungen auf die Umwelt begrenzen.<\/p>\n<h2>Leistungsstarke Filtration f\u00fcr nat\u00fcrliche Gew\u00e4sser<\/h2>\n<p>Ausgestattet mit einer f\u00fcr die Trinkwasseraufbereitung geeigneten Kartusche, k\u00f6nnen mit dieser Trinkflasche zahlreiche Schadstoffe in unbehandeltem Wasser wirksam reduziert werden:<\/p>\n<ul>\n<li>Schwebeteilchen<\/li>\n<li>Bakterien und Mikroorganismen<\/li>\n<li>Organische R\u00fcckst\u00e4nde<\/li>\n<li>Bestimmte chemische Substanzen nach ihrer Art<\/li>\n<\/ul>\n<p>Sie erhalten klareres, angenehmeres und sichereres Wasser f\u00fcr den Konsum unter nomadischen Bedingungen.<\/p>\n<h2>Nat\u00fcrliche Vitalisierung auch in der Natur<\/h2>\n<p>Zus\u00e4tzlich zur Filterung integriert die Trinkflasche ein <strong>nat\u00fcrliche Vitalisierung<\/strong> verbindet <strong>informierte Kiesels\u00e4ure<\/strong> und <strong>EM\u00ae-Keramik<\/strong>. Dieses Verfahren wirkt auf die Struktur des Wassers ein, um sein Gleichgewicht und seine Gesamtqualit\u00e4t zu verbessern.<\/p>\n<p>So erhalten Sie nicht nur gefiltertes, sondern auch energetisiertes Wasser, selbst weit entfernt von jeglicher Infrastruktur.<\/p>\n<h2>Praktisches, robustes und f\u00fcr Abenteuer ausgelegtes Design<\/h2>\n<p>La <strong>vitalisierende Filterflasche f\u00fcr leitungsungebundenes Wasser<\/strong> wurde f\u00fcr den intensiven Gebrauch im Freien entwickelt:<\/p>\n<ul>\n<li>Struktur in <strong>ABS lebensmittelecht ohne BPA oder BPB<\/strong><\/li>\n<li><strong>Schnelles \u00d6ffnen<\/strong> f\u00fcr eine einfache Nutzung in Bewegung<\/li>\n<li><strong>Handschlaufe f\u00fcr den Transport<\/strong> um ihn an deiner Tasche zu befestigen<\/li>\n<li>Kompaktes, ergonomisches Format<\/li>\n<\/ul>\n<p>Sie passt problemlos in Ihre Ausr\u00fcstung, ohne Sie zu belasten.<\/p>\n<h2>Technische Daten<\/h2>\n<ul>\n<li>H\u00f6he: 26 cm<\/li>\n<li>Durchmesser: 8 cm<\/li>\n<li>Inhalt: 750 ml<\/li>\n<li>Gewicht: 340 g<\/li>\n<li>Lebensdauer der Patrone: ca. <strong>300 Liter<\/strong> nach der Wasserqualit\u00e4t<\/li>\n<\/ul>\n<h2>Welche Patrone sollte man f\u00fcr leitungsungebundenes Wasser verwenden?<\/h2>\n<p>F\u00fcr den Einsatz in der freien Natur wird eine <strong>Patrone vom Typ Disruptor\u00ae.<\/strong>, Das Wasser ist ein speziell f\u00fcr die Trinkwasseraufbereitung entwickeltes Produkt.<\/p>\n<p>Diese Kartusche erm\u00f6glicht die Behandlung von unkontrolliertem Wasser, erfordert aber eine h\u00f6here Saugleistung als eine herk\u00f6mmliche Kohlekartusche.<\/p>\n<p>Die Kohlepatrone hingegen bleibt nur f\u00fcr Leitungswasser geeignet und wird nicht f\u00fcr die Entnahme von Wasser aus nat\u00fcrlichen Gew\u00e4ssern empfohlen.<\/p>\n<h2>Wichtige Informationen und Vorsichtsma\u00dfnahmen<\/h2>\n<ul>\n<li>Mit dieser Trinkflasche k\u00f6nnen Sie einige nat\u00fcrliche Gew\u00e4sser filtern, sie ist jedoch kein Ersatz f\u00fcr eine umfassende Analyse der Wasserqualit\u00e4t<\/li>\n<li><strong>Filtert kein Meerwasser<\/strong><\/li>\n<li><strong>Darf nicht mit Wasser aus Industriegebieten oder stark verschmutztem Wasser verwendet werden<\/strong><\/li>\n<li><strong>Nicht sp\u00fclmaschinenfest<\/strong><\/li>\n<\/ul>\n<h2>Wertvolle Autonomie f\u00fcr Ihre Abenteuer<\/h2>\n<p>Mit der <strong>vitalisierende Filterflasche f\u00fcr leitungsungebundenes Wasser<\/strong>, Mit der Trinkwasserflasche gewinnen Sie mehr Freiheit und Sicherheit auf Reisen. Sie k\u00f6nnen damit \u00fcberall zuverl\u00e4ssigeres Wasser trinken und gleichzeitig praktisch und verantwortungsbewusst handeln.<\/p>","protected":false},"excerpt":{"rendered":"<p>Die Amilo vitalisierende Filterflasche f\u00fcr netzunabh\u00e4ngiges Wasser ist Ihr idealer Begleiter f\u00fcr Wanderungen, Trekking, Camping, Outdoor, Angeln...seine Kartusche <strong>Disruptor\u00ae<\/strong> ist ein Wunderwerk der Technik, das Ihnen garantiert, dass Ihr Wasser frei von Bakterien, Viren, Zysten und anderen Schadstoffen ist, die h\u00e4ufig in nicht-leitungsgebundenem Wasser vorkommen. Wenn Sie nicht vorhaben, Ihre Trinkflasche in der freien Natur zu verwenden, sollten Sie die vitalisierende Filterflasche f\u00fcr Leitungswasser bevorzugen, da das Ansaugen des Wassers einfacher ist.<br \/>\nFilterkapazit\u00e4t der Patrone: 300L<br \/>\nInhalt: 750 ml<\/p>","protected":false},"featured_media":610,"template":"","meta":{"_acf_changed":false},"product_brand":[],"product_cat":[19],"product_tag":[],"class_list":{"0":"post-609","1":"product","2":"type-product","3":"status-publish","4":"has-post-thumbnail","6":"product_cat-gourdes-filtrantes","7":"product_shipping_class-gourde","9":"first","10":"instock","11":"taxable","12":"shipping-taxable","13":"purchasable","14":"product-type-simple"},"acf":[],"_links":{"self":[{"href":"https:\/\/ch.amilo.earth\/de\/wp-json\/wp\/v2\/product\/609","targetHints":{"allow":["GET"]}}],"collection":[{"href":"https:\/\/ch.amilo.earth\/de\/wp-json\/wp\/v2\/product"}],"about":[{"href":"https:\/\/ch.amilo.earth\/de\/wp-json\/wp\/v2\/types\/product"}],"wp:featuredmedia":[{"embeddable":true,"href":"https:\/\/ch.amilo.earth\/de\/wp-json\/wp\/v2\/media\/610"}],"wp:attachment":[{"href":"https:\/\/ch.amilo.earth\/de\/wp-json\/wp\/v2\/media?parent=609"}],"wp:term":[{"taxonomy":"product_brand","embeddable":true,"href":"https:\/\/ch.amilo.earth\/de\/wp-json\/wp\/v2\/product_brand?post=609"},{"taxonomy":"product_cat","embeddable":true,"href":"https:\/\/ch.amilo.earth\/de\/wp-json\/wp\/v2\/product_cat?post=609"},{"taxonomy":"product_tag","embeddable":true,"href":"https:\/\/ch.amilo.earth\/de\/wp-json\/wp\/v2\/product_tag?post=609"}],"curies":[{"name":"wp","href":"https:\/\/api.w.org\/{rel}","templated":true}]}}