{"id":607,"date":"2026-05-03T10:13:25","date_gmt":"2026-05-03T10:13:25","guid":{"rendered":"https:\/\/ch.amilo.earth\/?post_type=product&#038;p=607"},"modified":"2026-05-03T16:29:25","modified_gmt":"2026-05-03T16:29:25","slug":"filterflasche-vitalisierend-netzwerk","status":"publish","type":"product","link":"https:\/\/ch.amilo.earth\/de\/produit\/gourde-filtrante-vitalisante-reseau\/","title":{"rendered":"Vitalisierende Wasserfilter-Flasche Leitungswasser"},"content":{"rendered":"<h2>Vitalisierende Filterflasche: Ihr reines, energetisiertes Wasser \u00fcberall dabei<\/h2>\n<p>Greifen Sie auf qualitativ hochwertiges Wasser zu, wo auch immer Sie sind. Die <strong>vitalisierende Filterflasche<\/strong> wurde so konzipiert, dass Sie <strong>Wasser aus dem Netz auf Wunsch filtern<\/strong> und leicht in den Alltag mitnehmen k\u00f6nnen. Er ist kompakt, leicht und leistungsstark und verwandelt Ihr Leitungswasser in ein angenehmeres, ges\u00fcnderes und nat\u00fcrlich energetisiertes Wasser.<\/p>\n<h2>Effektive Filterung f\u00fcr ges\u00fcnderes Wasser<\/h2>\n<p>Durch ein kombiniertes System <strong>feine Vorfilterung<\/strong> und <strong>Aktivkohle<\/strong>, Diese Trinkflasche entfernt einen Gro\u00dfteil der unerw\u00fcnschten Stoffe aus dem Leitungswasser:<\/p>\n<ul>\n<li>Chlor und chlorierte Nebenprodukte<\/li>\n<li>Pestizide und Herbizide<\/li>\n<li>Arzneimittelr\u00fcckst\u00e4nde<\/li>\n<li>Schwermetalle<\/li>\n<li>Feinstaub<\/li>\n<\/ul>\n<p>Das Ergebnis ist ein Wasser, das weicher im Mund ist, keinen unangenehmen Geschmack oder Geruch hat und ideal f\u00fcr den t\u00e4glichen Gebrauch ist.<\/p>\n<h2>Nat\u00fcrliche Vitalisierung f\u00fcr ausgewogeneres Wasser<\/h2>\n<p>Neben der Filtration beinhaltet diese Trinkflasche ein Verfahren zur <strong>nat\u00fcrliche Vitalisierung<\/strong> dank der Verbindung von <strong>informierte Kiesels\u00e4ure<\/strong> (Frequenzen, die von marinen Kalksteinen inspiriert sind) und von <strong>EM\u00ae-Keramik<\/strong>.<\/p>\n<p>Dieser Prozess wirkt auf die Struktur des Wassers ein, um ihm seine wesentlichen Mineralien zur\u00fcckzugeben, wodurch eine bessere Aufnahme durch den K\u00f6rper und ein besseres Gesamtgleichgewicht gef\u00f6rdert werden.<\/p>\n<h2>T\u00e4glicher Gebrauch im B\u00fcro, in der Schule und unterwegs<\/h2>\n<p>La <strong>vitalisierende Filterflasche<\/strong> passt perfekt zu jeder Tageszeit:<\/p>\n<ul>\n<li><strong>Im B\u00fcro<\/strong> : Vermeiden Sie Plastikflaschen und genie\u00dfen Sie gefiltertes Wasser direkt aus dem Wasserhahn.<\/li>\n<li><strong>In der Schule<\/strong> : Ideal f\u00fcr Kinder, damit sie den ganzen Tag \u00fcber ges\u00fcnderes Wasser trinken k\u00f6nnen.<\/li>\n<li><strong>Im Sport<\/strong> : Hydrieren Sie w\u00e4hrend Ihrer Sitzungen mit besserem Wasser.<\/li>\n<li><strong>Unterwegs<\/strong> : Zug, Auto, Flugzeug ... f\u00fcllen Sie Ihre Trinkflasche \u00fcberall dort, wo Sie Leitungswasser finden.<\/li>\n<li><strong>Zu Hause<\/strong> : eine praktische Alternative zwischen zwei Gl\u00e4sern gefiltertem Wasser oder zur Vervollst\u00e4ndigung Ihrer Ausr\u00fcstung<\/li>\n<\/ul>\n<p>Sie wird schnell zu einem einfachen und umweltfreundlichen Reflex, um Ihren t\u00e4glichen Feuchtigkeitshaushalt zu verbessern.<\/p>\n<h2>Bedienungskomfort und ergonomisches Design<\/h2>\n<p>Diese Trinkflasche wurde f\u00fcr einen praktischen und angenehmen Gebrauch entworfen und bietet :<\/p>\n<ul>\n<li>Eine <strong>Schnell\u00f6ffnung<\/strong> um leicht zu trinken<\/li>\n<li>Eine <strong>Trageschlaufe<\/strong> um es \u00fcberallhin mitzunehmen<\/li>\n<li>Eine <strong>modernes, ergonomisches Design<\/strong> der gut in der Hand liegt<\/li>\n<li>Eine <strong>einfache Pflege<\/strong> im Alltag<\/li>\n<\/ul>\n<p>Hergestellt in <strong>ABS lebensmittelecht ohne BPA oder BPB<\/strong>, Sie garantiert eine sichere Nutzung f\u00fcr die ganze Familie.<\/p>\n<h2>Technische Daten<\/h2>\n<ul>\n<li>H\u00f6he: 26 cm<\/li>\n<li>Durchmesser: 8 cm<\/li>\n<li>Inhalt: 750 ml<\/li>\n<li>Gewicht: 340 g<\/li>\n<li>Lebensdauer der Patrone: ca. <strong>500 Liter<\/strong> (das sind fast 700 F\u00fcllungen)<\/li>\n<\/ul>\n<h2>Welche Patrone sollten Sie f\u00fcr Ihre vitalisierende Filterflasche w\u00e4hlen?<\/h2>\n<p>Es gibt zwei Arten von Patronen, die mit deiner Trinkflasche kompatibel sind:<\/p>\n<ul>\n<li><strong>Aktivkohlepatrone<\/strong> : ideal f\u00fcr den t\u00e4glichen Gebrauch mit Leitungswasser. Sie ist leichter zu saugen und perfekt f\u00fcr Kinder geeignet.<\/li>\n<li><strong>Disruptor\u00ae-Patrone<\/strong> : wurde f\u00fcr die Trinkbarmachung von Wasser aus der Natur entwickelt. Sie kann auch mit Leitungswasser verwendet werden, erfordert aber eine h\u00f6here Saugleistung.<\/li>\n<\/ul>\n<p>Wenn Sie ausschlie\u00dflich Leitungswasser verwenden, wird die Kohlekartusche aufgrund ihres hohen Benutzerkomforts allgemein empfohlen.<\/p>\n<h2>Wichtige Informationen<\/h2>\n<ul>\n<li>Diese Trinkflasche ist f\u00fcr <strong>nur Leitungswasser filtern<\/strong><\/li>\n<li>Sie eignet sich nicht zur Behandlung von Meerwasser oder Wasser, das aus nat\u00fcrlichen Gew\u00e4ssern entnommen wurde (au\u00dfer bei geeigneten Patronen).<\/li>\n<li><strong>Nicht sp\u00fclmaschinenfest<\/strong><\/li>\n<\/ul>\n<h2>Eine ideale L\u00f6sung f\u00fcr die ganze Familie<\/h2>\n<p>Besonders empfehlenswert f\u00fcr Kinder ist die <strong>vitalisierende Filterflasche<\/strong> erm\u00f6glicht es Ihnen, ganz einfach gute Trinkgewohnheiten mit ges\u00fcnderem und angenehmerem Wasser anzunehmen. Es ist eine einfache, umweltfreundliche und kosteng\u00fcnstige L\u00f6sung, um Ihren Alltag zu verbessern, wo auch immer Sie sich befinden.<\/p>","protected":false},"excerpt":{"rendered":"<p>Die vitalisierende Filterflasche von Amilo begleitet Sie \u00fcberall hin: ins B\u00fcro, in die Schule, zum Sport, zum Spazierengehen... Sie ist dank ihrer langlebigen Kohlekartusche zum Filtern von Leitungswasser vorgesehen. Nicht f\u00fcr netzunabh\u00e4ngiges Wasser verwenden. W\u00e4hlen Sie f\u00fcr Ihre Wanderungen und Trekkingtouren die vitalisierende Filterflasche f\u00fcr netzunabh\u00e4ngiges Wasser.<br \/>\nFilterkapazit\u00e4t der Patrone: 500L<br \/>\nInhalt: 750 ml<\/p>","protected":false},"featured_media":608,"template":"","meta":{"_acf_changed":false},"product_brand":[],"product_cat":[19],"product_tag":[],"class_list":{"0":"post-607","1":"product","2":"type-product","3":"status-publish","4":"has-post-thumbnail","6":"product_cat-gourdes-filtrantes","7":"product_shipping_class-gourde","9":"first","10":"instock","11":"taxable","12":"shipping-taxable","13":"purchasable","14":"product-type-simple"},"acf":[],"_links":{"self":[{"href":"https:\/\/ch.amilo.earth\/de\/wp-json\/wp\/v2\/product\/607","targetHints":{"allow":["GET"]}}],"collection":[{"href":"https:\/\/ch.amilo.earth\/de\/wp-json\/wp\/v2\/product"}],"about":[{"href":"https:\/\/ch.amilo.earth\/de\/wp-json\/wp\/v2\/types\/product"}],"wp:featuredmedia":[{"embeddable":true,"href":"https:\/\/ch.amilo.earth\/de\/wp-json\/wp\/v2\/media\/608"}],"wp:attachment":[{"href":"https:\/\/ch.amilo.earth\/de\/wp-json\/wp\/v2\/media?parent=607"}],"wp:term":[{"taxonomy":"product_brand","embeddable":true,"href":"https:\/\/ch.amilo.earth\/de\/wp-json\/wp\/v2\/product_brand?post=607"},{"taxonomy":"product_cat","embeddable":true,"href":"https:\/\/ch.amilo.earth\/de\/wp-json\/wp\/v2\/product_cat?post=607"},{"taxonomy":"product_tag","embeddable":true,"href":"https:\/\/ch.amilo.earth\/de\/wp-json\/wp\/v2\/product_tag?post=607"}],"curies":[{"name":"wp","href":"https:\/\/api.w.org\/{rel}","templated":true}]}}