{"id":593,"date":"2026-05-03T09:29:15","date_gmt":"2026-05-03T09:29:15","guid":{"rendered":"https:\/\/ch.amilo.earth\/?post_type=product&#038;p=593"},"modified":"2026-05-03T16:28:44","modified_gmt":"2026-05-03T16:28:44","slug":"vorfilterpatrone-fur-wohnungsfilter-standard-kompakt","status":"publish","type":"product","link":"https:\/\/ch.amilo.earth\/de\/produit\/cartouche-prefiltration-pour-filtres-habitation-standard-compact\/","title":{"rendered":"Vorfilterkartusche f\u00fcr Standard- und Kompaktfilter f\u00fcr Wohngeb\u00e4ude"},"content":{"rendered":"","protected":false},"excerpt":{"rendered":"<p align=\"justify\"><span><span style=\"color: #000000;\">Diese Kartusche ist eine Spule aus geflochtenen Fasern mit einer Feinheit von bis zu 1 Mikron. Die patentierte antibakterielle Behandlung mit Silber verhindert das Wachstum von Bakterien in der Spule und damit die Migration von Bakterien in die n\u00e4chste Filterkartusche.<\/span><\/span><\/p>\n<p align=\"justify\"><span style=\"color: #000000;\"><strong>Patrone sollte einmal im Jahr ausgetauscht werden, oder h\u00e4ufiger, wenn sie braun wird\u00a0<\/strong>(hohe Pr\u00e4senz von organischen Stoffen und Sedimenten im Wasser).\u00a0<\/span><span style=\"color: #000000;\">Durchflussmenge: 2 m3\/h<\/span><\/p>","protected":false},"featured_media":595,"template":"","meta":{"_acf_changed":false},"product_brand":[],"product_cat":[30],"product_tag":[],"class_list":{"0":"post-593","1":"product","2":"type-product","3":"status-publish","4":"has-post-thumbnail","6":"product_cat-cartouches-pour-filtres-habitation","7":"product_shipping_class-cartouches","9":"first","10":"instock","11":"taxable","12":"shipping-taxable","13":"purchasable","14":"product-type-simple"},"acf":[],"_links":{"self":[{"href":"https:\/\/ch.amilo.earth\/de\/wp-json\/wp\/v2\/product\/593","targetHints":{"allow":["GET"]}}],"collection":[{"href":"https:\/\/ch.amilo.earth\/de\/wp-json\/wp\/v2\/product"}],"about":[{"href":"https:\/\/ch.amilo.earth\/de\/wp-json\/wp\/v2\/types\/product"}],"wp:featuredmedia":[{"embeddable":true,"href":"https:\/\/ch.amilo.earth\/de\/wp-json\/wp\/v2\/media\/595"}],"wp:attachment":[{"href":"https:\/\/ch.amilo.earth\/de\/wp-json\/wp\/v2\/media?parent=593"}],"wp:term":[{"taxonomy":"product_brand","embeddable":true,"href":"https:\/\/ch.amilo.earth\/de\/wp-json\/wp\/v2\/product_brand?post=593"},{"taxonomy":"product_cat","embeddable":true,"href":"https:\/\/ch.amilo.earth\/de\/wp-json\/wp\/v2\/product_cat?post=593"},{"taxonomy":"product_tag","embeddable":true,"href":"https:\/\/ch.amilo.earth\/de\/wp-json\/wp\/v2\/product_tag?post=593"}],"curies":[{"name":"wp","href":"https:\/\/api.w.org\/{rel}","templated":true}]}}