{"id":408,"date":"2026-05-02T17:04:10","date_gmt":"2026-05-02T17:04:10","guid":{"rendered":"https:\/\/ch.amilo.earth\/?post_type=product&#038;p=408"},"modified":"2026-05-03T16:28:35","modified_gmt":"2026-05-03T16:28:35","slug":"filterkartusche-fur-kompakten-hausfilter","status":"publish","type":"product","link":"https:\/\/ch.amilo.earth\/de\/produit\/cartouche-filtration-pour-filtre-habitation-compact\/","title":{"rendered":"Filterkartusche f\u00fcr Kompakt-Innenraumfilter"},"content":{"rendered":"<h2>Cartouche Filterkartusche Amilo Compact: eine leistungsstarke L\u00f6sung f\u00fcr kleine Durchflussmengen<\/h2>\n<p>La <strong>Filterkartusche f\u00fcr Amilo Compact<\/strong> ist speziell daf\u00fcr ausgelegt, unerw\u00fcnschte chemische Molek\u00fcle im Leitungswasser effektiv zu entfernen. Integriert in Amilo Habitation-Systeme, kombiniert sie eine feine Filterung von <strong>0,5 Mikrometer<\/strong> mit einer hohen Adsorptions- und Absorptionskapazit\u00e4t, um Ihnen t\u00e4glich hochwertiges Wasser zu garantieren.<\/p>\n<h2>Eine wirksame R\u00fcckhaltung g\u00e4ngiger Schadstoffe<\/h2>\n<p>Dank seiner fortschrittlichen Technologie kann diese Kartusche eine breite Palette unerw\u00fcnschter Substanzen erfassen:<\/p>\n<ul>\n<li>Chlor und seine Derivate<\/li>\n<li>Pestizide und Herbizide<\/li>\n<li>Medikamentenr\u00fcckst\u00e4nde und Hormone<\/li>\n<li>Schwermetalle<\/li>\n<li>Kohlenwasserstoffe<\/li>\n<li>Waschmittel- und kosmetische R\u00fcckst\u00e4nde<\/li>\n<\/ul>\n<p>Sie verbessert so den Geschmack, den Geruch und die Gesamtqualit\u00e4t Ihres Wassers erheblich.<\/p>\n<h2>Ein kompaktes Format, das f\u00fcr m\u00e4\u00dfige Bed\u00fcrfnisse geeignet ist<\/h2>\n<p>Mit seinem Format <strong>10 Zoll<\/strong>, die <strong>Filterkartusche f\u00fcr Amilo Compact<\/strong> ist ideal f\u00fcr Anlagen mit geringem Stromverbrauch. Sie eignet sich besonders f\u00fcr Situationen, in denen ein Maximum an <strong>zwei Wasserstellen<\/strong> werden gleichzeitig benutzt.<\/p>\n<p>Dieses Format erm\u00f6glicht eine leistungsstarke Filterung bei gleichzeitig geringem Platzbedarf.<\/p>\n<h2>Fortschrittliche Technologie in komprimierter Aktivkohle<\/h2>\n<p>Diese Patrone basiert auf einer innovativen Technologie, die Folgendes integriert <strong>mit Aktivkohlepulver impr\u00e4gnierte Fasern<\/strong>. Das Nasspressen erm\u00f6glicht die Herstellung von komprimierter Kohle mit mehreren Vorteilen:<\/p>\n<ul>\n<li>Eine Feinfiltration vergleichbar mit Aktivkohleblock<\/li>\n<li>Eine ausgezeichnete F\u00e4higkeit zur Bindung chemischer Molek\u00fcle<\/li>\n<li>Ein optimierter Durchfluss von bis zu <strong>0,9 m\u00b3\/h<\/strong>, besser als der einer klassischen Blockkohlepatrone<\/li>\n<\/ul>\n<h2>Eine au\u00dfergew\u00f6hnliche Adsorptionsf\u00e4higkeit<\/h2>\n<p>Aktivkohle ist bekannt f\u00fcr ihre extrem hohe Adsorptionsf\u00e4higkeit. Ihre spezifische Oberfl\u00e4che kann \u00fcber <strong>1000 m\u00b2 pro Gramm<\/strong>, und bietet eine bemerkenswerte Effizienz beim Einfangen von Schadstoffen.<\/p>\n<p>Als Beispiel entwickeln nur 3 Gramm Aktivkohle eine Oberfl\u00e4che, die einem Fu\u00dfballfeld entspricht, was ihre unglaubliche Filtrationskraft verdeutlicht.<\/p>\n<h2>Wasser, bereit, vitalisiert zu werden<\/h2>\n<p>Sobald unerw\u00fcnschte Molek\u00fcle entfernt sind, erh\u00e4lt das Wasser eine gesunde Basis zur\u00fcck. Es kann dann in den folgenden Schritten des Amilo-Systems dynamisiert werden, um seine wesentlichen Eigenschaften und sein nat\u00fcrliches Gleichgewicht wiederherzustellen.<\/p>\n<h2>Lebensdauer und Wartung<\/h2>\n<p>Um eine optimale Leistung zu gew\u00e4hrleisten, wird empfohlen, die <strong>Filterkartusche f\u00fcr Amilo Compact<\/strong> alle <strong>12 Monate<\/strong> oder nach der Behandlung von ungef\u00e4hr <strong>100 m\u00b3 Wasser<\/strong>.<\/p>\n<p>Diese Dauer kann bei starker Tr\u00fcbung des Wassers, selbst in einem Hausnetz, verk\u00fcrzt werden. Eine regelm\u00e4\u00dfige \u00dcberwachung Ihrer Anlage erm\u00f6glicht die Aufrechterhaltung einer konstanten Filtrationsqualit\u00e4t.<\/p>","protected":false},"excerpt":{"rendered":"<p>Ersatz-Aktivkohlefilterkartusche f\u00fcr Ihren Filter <strong>Amilo Global Habitation Kompakt<\/strong>. Diese Kartusche ist f\u00fcr die Behandlung von 100 m\u00b3 Wasser oder den durchschnittlichen Jahresverbrauch von 4 Personen ausgelegt.<\/p>","protected":false},"featured_media":409,"template":"","meta":{"_acf_changed":false},"product_brand":[],"product_cat":[30],"product_tag":[],"class_list":{"0":"post-408","1":"product","2":"type-product","3":"status-publish","4":"has-post-thumbnail","6":"product_cat-cartouches-pour-filtres-habitation","7":"product_shipping_class-cartouches","9":"first","10":"instock","11":"taxable","12":"shipping-taxable","13":"purchasable","14":"product-type-simple"},"acf":[],"_links":{"self":[{"href":"https:\/\/ch.amilo.earth\/de\/wp-json\/wp\/v2\/product\/408","targetHints":{"allow":["GET"]}}],"collection":[{"href":"https:\/\/ch.amilo.earth\/de\/wp-json\/wp\/v2\/product"}],"about":[{"href":"https:\/\/ch.amilo.earth\/de\/wp-json\/wp\/v2\/types\/product"}],"wp:featuredmedia":[{"embeddable":true,"href":"https:\/\/ch.amilo.earth\/de\/wp-json\/wp\/v2\/media\/409"}],"wp:attachment":[{"href":"https:\/\/ch.amilo.earth\/de\/wp-json\/wp\/v2\/media?parent=408"}],"wp:term":[{"taxonomy":"product_brand","embeddable":true,"href":"https:\/\/ch.amilo.earth\/de\/wp-json\/wp\/v2\/product_brand?post=408"},{"taxonomy":"product_cat","embeddable":true,"href":"https:\/\/ch.amilo.earth\/de\/wp-json\/wp\/v2\/product_cat?post=408"},{"taxonomy":"product_tag","embeddable":true,"href":"https:\/\/ch.amilo.earth\/de\/wp-json\/wp\/v2\/product_tag?post=408"}],"curies":[{"name":"wp","href":"https:\/\/api.w.org\/{rel}","templated":true}]}}