{"id":406,"date":"2026-05-02T16:59:11","date_gmt":"2026-05-02T16:59:11","guid":{"rendered":"https:\/\/ch.amilo.earth\/?post_type=product&#038;p=406"},"modified":"2026-05-02T17:15:36","modified_gmt":"2026-05-02T17:15:36","slug":"filterpatrone-fur-standard-wohnungsfilter","status":"publish","type":"product","link":"https:\/\/ch.amilo.earth\/de\/produit\/cartouche-filtration-pour-filtre-habitation-standard\/","title":{"rendered":"Filterkartusche f\u00fcr Standard-Innenraumfilter"},"content":{"rendered":"<h2>Filterpatronen f\u00fcr Leitungswasser: Leistung und Reinheit f\u00fcr Ihre Amilo-Installation<\/h2>\n<p>Diese <strong>Filterkartusche, die chemischen Molek\u00fclen gewidmet ist<\/strong> wird standardm\u00e4\u00dfig in den Amilo Habitation-Systemen verwendet. Sie wurde entwickelt, um die Qualit\u00e4t Ihres Wassers deutlich zu verbessern, und verbindet eine Filterfeinheit von <strong>0,5 Mikrometer<\/strong> zu einer hohen Adsorptions- und Absorptionsf\u00e4higkeit.<\/p>\n<p>So tr\u00e4gt sie dazu bei, Ihnen ges\u00fcnderes, angenehmeres und alltagstaugliches Wasser zu liefern.<\/p>\n<h2>Effektive R\u00fcckhaltung von Hauptschadstoffen<\/h2>\n<p>Dank ihres fortschrittlichen Designs kann diese Patrone eine Vielzahl von unerw\u00fcnschten Substanzen aus dem Leitungswasser auffangen:<\/p>\n<ul>\n<li>Chlor und chlorierte Nebenprodukte<\/li>\n<li>Pestizide, Herbizide und PFAS<\/li>\n<li>Medikamentenr\u00fcckst\u00e4nde und Hormone<\/li>\n<li>Schwermetalle<\/li>\n<li>Kohlenwasserstoffe<\/li>\n<li>Waschmittel- und kosmetische R\u00fcckst\u00e4nde<\/li>\n<\/ul>\n<p>So erhalten Sie reineres Wasser, das von Elementen befreit ist, die den Geschmack, den Geruch oder die Gesamtqualit\u00e4t des Wassers beeintr\u00e4chtigen k\u00f6nnten.<\/p>\n<h2>Fortschrittliche Technologie in komprimierter Aktivkohle<\/h2>\n<p>Diese Patrone enth\u00e4lt eine innovative Technologie auf der Basis von <strong>mit Aktivkohlepulver impr\u00e4gnierte Fasern<\/strong>. Nass geformt bildet sie eine gepresste Kohle, die einen hervorragenden Kompromiss zwischen Feinfilterung und hoher R\u00fcckhaltekapazit\u00e4t bietet.<\/p>\n<p>Dieses Verfahren erm\u00f6glicht es, zu kombinieren :<\/p>\n<ul>\n<li>Pr\u00e4zise Filterung vergleichbar mit Blockkohle<\/li>\n<li>Eine hohe Aufnahmef\u00e4higkeit f\u00fcr chemische Molek\u00fcle<\/li>\n<li>Ein hoher Wasserdurchfluss von bis zu <strong>1,8 m\u00b3\/h<\/strong><\/li>\n<\/ul>\n<h2>Die au\u00dfergew\u00f6hnliche Kraft von Aktivkohle<\/h2>\n<p>Aktivkohle ist als eines der leistungsf\u00e4higsten Materialien f\u00fcr die Adsorption bekannt. Ihre spezifische Oberfl\u00e4che kann \u00fcber <strong>1000 m\u00b2 pro Gramm<\/strong>, Das bedeutet, dass die Aufnahmef\u00e4higkeit extrem hoch ist.<\/p>\n<p>Zur Veranschaulichung: Nur 3 Gramm Aktivkohle entwickeln eine Fl\u00e4che, die der eines Fu\u00dfballfeldes entspricht, was ihre Wirksamkeit verdeutlicht.<\/p>\n<h2>Wasser, bereit, vitalisiert zu werden<\/h2>\n<p>Sobald die unerw\u00fcnschten Stoffe entfernt sind, hat das Wasser wieder eine gesunde Basis, die ideal f\u00fcr die n\u00e4chsten Behandlungsschritte, insbesondere die Vitalisierung, ist. Durch diesen Prozess werden dem Wasser seine nat\u00fcrlichen Eigenschaften und sein Gleichgewicht zur\u00fcckgegeben.<\/p>\n<h2>Lebensdauer und Austausch der Patrone<\/h2>\n<p>Die Patrone sollte alle <strong>2 Jahre<\/strong> oder nach der Behandlung von ungef\u00e4hr <strong>200 m\u00b3 Wasser<\/strong>.<\/p>\n<p>Dieser Grenzwert kann je nach der anf\u00e4nglichen Qualit\u00e4t Ihres Wassers variieren (Vorhandensein von Partikeln, Tr\u00fcbung, Schadstoffbelastung). Eine regelm\u00e4\u00dfige Wartung gew\u00e4hrleistet eine gleichbleibende Effizienz Ihres Filtersystems.<\/p>","protected":false},"excerpt":{"rendered":"<p>Ersatz-Aktivkohlefilterkartusche f\u00fcr Ihren Amilo global habitation Standardfilter. Diese Kartusche ist f\u00fcr die Behandlung von 200 m3 Wasser oder 2 Jahre des durchschnittlichen Wasserverbrauchs einer 4-k\u00f6pfigen Familie vorgesehen.<\/p>","protected":false},"featured_media":407,"template":"","meta":{"_acf_changed":false},"product_brand":[],"product_cat":[30],"product_tag":[],"class_list":{"0":"post-406","1":"product","2":"type-product","3":"status-publish","4":"has-post-thumbnail","6":"product_cat-cartouches-pour-filtres-habitation","8":"first","9":"instock","10":"taxable","11":"shipping-taxable","12":"purchasable","13":"product-type-simple"},"acf":[],"_links":{"self":[{"href":"https:\/\/ch.amilo.earth\/de\/wp-json\/wp\/v2\/product\/406","targetHints":{"allow":["GET"]}}],"collection":[{"href":"https:\/\/ch.amilo.earth\/de\/wp-json\/wp\/v2\/product"}],"about":[{"href":"https:\/\/ch.amilo.earth\/de\/wp-json\/wp\/v2\/types\/product"}],"wp:featuredmedia":[{"embeddable":true,"href":"https:\/\/ch.amilo.earth\/de\/wp-json\/wp\/v2\/media\/407"}],"wp:attachment":[{"href":"https:\/\/ch.amilo.earth\/de\/wp-json\/wp\/v2\/media?parent=406"}],"wp:term":[{"taxonomy":"product_brand","embeddable":true,"href":"https:\/\/ch.amilo.earth\/de\/wp-json\/wp\/v2\/product_brand?post=406"},{"taxonomy":"product_cat","embeddable":true,"href":"https:\/\/ch.amilo.earth\/de\/wp-json\/wp\/v2\/product_cat?post=406"},{"taxonomy":"product_tag","embeddable":true,"href":"https:\/\/ch.amilo.earth\/de\/wp-json\/wp\/v2\/product_tag?post=406"}],"curies":[{"name":"wp","href":"https:\/\/api.w.org\/{rel}","templated":true}]}}