{"id":403,"date":"2026-05-02T16:54:16","date_gmt":"2026-05-02T16:54:16","guid":{"rendered":"https:\/\/ch.amilo.earth\/?post_type=product&#038;p=403"},"modified":"2026-05-03T16:28:25","modified_gmt":"2026-05-03T16:28:25","slug":"filterkartusche-fur-untertischfilter","status":"publish","type":"product","link":"https:\/\/ch.amilo.earth\/de\/produit\/cartouche-filtration-pour-filtre-sous-evier\/","title":{"rendered":"Filterkartusche f\u00fcr Untertischfilter"},"content":{"rendered":"<h2>Leistungsstarke Filterung f\u00fcr t\u00e4glich reineres Wasser<\/h2>\n<p>Diese spezielle Filterkartusche f\u00fcr <a href=\"https:\/\/ch.amilo.earth\/de\/product-category\/filtration-getranke-und-kuche\/\" target=\"_blank\" rel=\"noopener\">Amilo Untertischfilter Getr\u00e4nk<\/a> und K\u00fcche erm\u00f6glicht es, die \u00fcberwiegende Mehrheit der im Leitungswasser vorhandenen chemischen Substanzen zu entfernen. Dank seiner fortschrittlichen Technologie wirkt er effektiv gegen zahlreiche Schadstoffe wie Pestizide, Medikamentenr\u00fcckst\u00e4nde, Schwermetalle, Kohlenwasserstoffe sowie Reinigungsmittel, Kosmetika und Chlor.<\/p>\n<p>Indem er diese unerw\u00fcnschten Elemente entfernt, verbessert er den Geschmack und Geruch Ihres Wassers deutlich und tr\u00e4gt dazu bei, Ihr t\u00e4gliches Wohlbefinden zu erhalten.<\/p>\n<h2>Silberne Aktivkohle: Leistung und bakteriostatischer Schutz<\/h2>\n<p>Die Patrone beruht auf einer gepressten Aktivkohle, die angereichert ist mit <strong>stabilisiertes Geld<\/strong>, Das Silber ist f\u00fcr seine bakteriostatischen Eigenschaften bekannt. Diese Behandlung hemmt das Wachstum von Bakterien im Filter und im Filterhalter, der ebenfalls mit Silber impr\u00e4gniert ist.<\/p>\n<p>Dies ist von entscheidender Bedeutung, da das Bakterienwachstum die Mikroporen der Kohle schnell verstopfen kann, wodurch ihre Wirksamkeit stark beeintr\u00e4chtigt wird. Durch die Kontrolle dieses Ph\u00e4nomens beh\u00e4lt das System eine hohe und \u00fcber lange Zeit konstante Filterleistung.<\/p>\n<p>Von dieser Einschr\u00e4nkung befreit, bleibt Aktivkohle eines der vielseitigsten Materialien, um die verschiedenen chemischen Molek\u00fcle im Wasser aufzufangen und zu binden.<\/p>\n<h2>Eine ausgekl\u00fcgelte Durchflussmenge f\u00fcr optimale Effizienz<\/h2>\n<p>Die Durchflussrate ist kalibriert, um einen ausreichenden Kontakt zwischen Wasser und Aktivkohle zu gew\u00e4hrleisten. Mit ca. 1 Liter, der in 10 Sekunden gefiltert wird, gew\u00e4hrleistet das System eine optimale Aufnahme von Schadstoffen, ohne Ihren Benutzerkomfort zu beeintr\u00e4chtigen.<\/p>\n<h2>Eine Kapazit\u00e4t, die zu Ihrem Haushalt passt<\/h2>\n<p>Dieses Ger\u00e4t eignet sich perfekt f\u00fcr den Gebrauch in Familien mit 1 bis 5 Personen. Es erf\u00fcllt den t\u00e4glichen Bedarf in der K\u00fcche: Trinkwasser, Zubereitung von Mahlzeiten, Waschen von Obst und Gem\u00fcse.<\/p>\n<p>Je nach Ihrem Verbrauch kann er <strong>bis zu 15.000 Liter Wasser pro Jahr aufbereiten<\/strong>, Dies ist eine zuverl\u00e4ssige und dauerhafte L\u00f6sung f\u00fcr Ihr Zuhause.<\/p>\n<h2>Einfache und kosteng\u00fcnstige Pflege<\/h2>\n<p><strong>Um eine optimale Filterqualit\u00e4t zu erhalten, wird empfohlen, die Patrone einmal im Jahr auszutauschen.<\/strong>.<\/p>\n<p>Die Patronen haben keine Begrenzung der Lagerdauer. Sie k\u00f6nnen also mehrere im Voraus bestellen, um Ihre Lieferkosten zu optimieren und Ihren Bedarf in aller Ruhe vorauszusehen.<\/p>","protected":false},"excerpt":{"rendered":"<p>Ersatz-Aktivkohlefilterkartusche f\u00fcr Ihren Amilo Untertischfilter Getr\u00e4nke und K\u00fcche. Geeignet f\u00fcr die Filtermodelle <a href=\"https:\/\/ch.amilo.earth\/de\/product\/vitalisierender-untertischfilter-by-pass\/\" target=\"_blank\" rel=\"noopener\">unter der Sp\u00fcle Bypass<\/a> und <a href=\"https:\/\/ch.amilo.earth\/de\/product\/filter-unter-spule-schwanenhals\/\" target=\"_blank\" rel=\"noopener\">Schwanenhals<\/a>.<\/p>","protected":false},"featured_media":402,"template":"","meta":{"_acf_changed":false},"product_brand":[],"product_cat":[31],"product_tag":[],"class_list":{"0":"post-403","1":"product","2":"type-product","3":"status-publish","4":"has-post-thumbnail","6":"product_cat-cartouches-filtres-sous-evier","7":"product_shipping_class-cartouches","9":"first","10":"instock","11":"taxable","12":"shipping-taxable","13":"purchasable","14":"product-type-simple"},"acf":[],"_links":{"self":[{"href":"https:\/\/ch.amilo.earth\/de\/wp-json\/wp\/v2\/product\/403","targetHints":{"allow":["GET"]}}],"collection":[{"href":"https:\/\/ch.amilo.earth\/de\/wp-json\/wp\/v2\/product"}],"about":[{"href":"https:\/\/ch.amilo.earth\/de\/wp-json\/wp\/v2\/types\/product"}],"wp:featuredmedia":[{"embeddable":true,"href":"https:\/\/ch.amilo.earth\/de\/wp-json\/wp\/v2\/media\/402"}],"wp:attachment":[{"href":"https:\/\/ch.amilo.earth\/de\/wp-json\/wp\/v2\/media?parent=403"}],"wp:term":[{"taxonomy":"product_brand","embeddable":true,"href":"https:\/\/ch.amilo.earth\/de\/wp-json\/wp\/v2\/product_brand?post=403"},{"taxonomy":"product_cat","embeddable":true,"href":"https:\/\/ch.amilo.earth\/de\/wp-json\/wp\/v2\/product_cat?post=403"},{"taxonomy":"product_tag","embeddable":true,"href":"https:\/\/ch.amilo.earth\/de\/wp-json\/wp\/v2\/product_tag?post=403"}],"curies":[{"name":"wp","href":"https:\/\/api.w.org\/{rel}","templated":true}]}}