{"id":377,"date":"2026-05-02T15:13:44","date_gmt":"2026-05-02T15:13:44","guid":{"rendered":"https:\/\/ch.amilo.earth\/?post_type=product&#038;p=377"},"modified":"2026-05-03T16:23:29","modified_gmt":"2026-05-03T16:23:29","slug":"vitalisierender-untertischfilter-by-pass","status":"publish","type":"product","link":"https:\/\/ch.amilo.earth\/de\/produit\/filtre-vitalisant-sous-evier-by-pass\/","title":{"rendered":"Vitalisierende Untersp\u00fclfiltration mit By-Pass"},"content":{"rendered":"<h2>Amilo Untertischfilter by pass: vollst\u00e4ndige Filterung ohne Anbohren des Wasserhahns<\/h2>\n<p>Die <strong>Amilo Untertischfilter by pass<\/strong> ist die ideale L\u00f6sung, um die Vorz\u00fcge von gefiltertem und vitalisiertem Wasser zu entdecken und gleichzeitig eine einfache Installation ohne Ver\u00e4nderungen an Ihrer Sp\u00fcle beizubehalten. Er ist kompakt und leistungsstark und l\u00e4sst sich f\u00fcr den t\u00e4glichen Gebrauch leicht in Ihre K\u00fcche integrieren.<\/p>\n<h2>Vereinfachte Installation ohne zus\u00e4tzlichen Wasserhahn<\/h2>\n<p>Mit einem Format, das einer 1,5-Liter-Flasche entspricht, l\u00e4sst sich dieses System diskret unter Ihrer Sp\u00fcle platzieren. Im Gegensatz zur Version mit Schwanenhalsventil muss bei dieser Konfiguration nicht gebohrt werden: Der Anschluss erfolgt direkt an Ihren Kaltwasseranschluss.<\/p>\n<p>Die <strong>Amilo Untertischfilter by pass<\/strong> wird als variables Produkt mit einer Option angeboten <strong>inkl. Schlauchset<\/strong>, Dies erm\u00f6glicht eine noch schnellere und leichter zug\u00e4ngliche Installation, ohne dass zus\u00e4tzliche Hardware ben\u00f6tigt wird.<\/p>\n<h2>Ein praktisches und vielseitiges Bypass-System<\/h2>\n<p>Dank seiner <strong>Bypass-Schlauch mit einem 3-Wege-Ventil ausgestattet<\/strong>, k\u00f6nnen Sie jederzeit entscheiden, ob das Wasser durch den Filter flie\u00dfen soll oder ob es vor\u00fcbergehend umgeleitet werden soll. Diese Funktion ist besonders n\u00fctzlich f\u00fcr bestimmte Verwendungszwecke oder um die Kartusche zu schonen, wenn die Filterung nicht ben\u00f6tigt wird.<\/p>\n<p>In dieser Konfiguration, <strong>das gesamte kalte Wasser aus Ihrem K\u00fcchenwasserhahn wird gefiltert und vitalisiert<\/strong>, Sie k\u00f6nnen sich in der Schule oder in der Freizeit mit Ihrem Kind besch\u00e4ftigen, um sich t\u00e4glich wohl zu f\u00fchlen.<\/p>\n<h2>Hochleistungsfiltration bis zu 0,3 Mikron<\/h2>\n<p>Die Patrone verwendet einen <strong>gepresste Aktivkohle aus Kokosn\u00fcssen<\/strong>, Das mit Silber angereicherte Filtermaterial bietet eine Filterfeinheit von bis zu 0,3 Mikron.<\/p>\n<p>Die <strong>Amilo Untertischfilter by pass<\/strong> erm\u00f6glicht es somit, effektiv zu behalten :<\/p>\n<ul>\n<li>Pestizide und Herbizide<\/li>\n<li>Arzneimittelr\u00fcckst\u00e4nde<\/li>\n<li>Schwermetalle<\/li>\n<li>Kohlenwasserstoffe<\/li>\n<li>Waschmittel und Kosmetika<\/li>\n<li>Chlor und geschmacks- und geruchsbeeintr\u00e4chtigende Verbindungen<\/li>\n<\/ul>\n<p>Sie profitieren von reinerem, ges\u00fcnderem und deutlich angenehmerem Wasser f\u00fcr den t\u00e4glichen Gebrauch.<\/p>\n<h2>Erhaltung der Mineralien und Vitalisierung des Wassers<\/h2>\n<p>Dieses System denaturiert das Wasser nicht: Die nat\u00fcrlich vorkommenden Mineralien bleiben erhalten und werden durch einen integrierten Vitalisierungsprozess besser assimilierbar gemacht.<\/p>\n<p>Von <strong>aktive Silica-K\u00fcgelchen<\/strong>, Die auf dem Boden des Beh\u00e4lters platzierten Wasserwellen wirken sich auf die Struktur des Wassers aus. Ihre spezifische Frequenz f\u00f6rdert eine bessere molekulare Organisation, was zu einem ausgeglicheneren und dynamisierteren Wasser beitr\u00e4gt.<\/p>\n<h2>Bakteriostatischer Schutz und lange Lebensdauer des Filters<\/h2>\n<p>Die Silberimpr\u00e4gnierung der Aktivkohle und des Filterhalters begrenzt das Bakterienwachstum im Inneren des Systems. Dadurch bleibt die Filterleistung \u00fcber lange Zeit erhalten und die Kartusche wird nicht vorzeitig verstopft.<\/p>\n<p>Diese Behandlung erh\u00f6ht die Zuverl\u00e4ssigkeit des <strong>Amilo Untertischfilter by pass<\/strong> und garantiert eine sichere Nutzung.<\/p>\n<h2>Optimierter Durchsatz f\u00fcr maximale Effizienz<\/h2>\n<p>Bei einem Durchfluss von ca. 1 Liter in 10 Sekunden erh\u00e4lt das Wasser eine optimale Kontaktzeit mit der Aktivkohle. Dies maximiert die F\u00e4higkeit, unerw\u00fcnschte Stoffe aus dem Leitungswasser zur\u00fcckzuhalten.<\/p>\n<h2>Eine L\u00f6sung f\u00fcr Ihren Alltag<\/h2>\n<p>Dieses System eignet sich perfekt f\u00fcr einen Haushalt mit 1 bis 5 Personen f\u00fcr den t\u00e4glichen Gebrauch: Trinkwasser, Zubereitung von Mahlzeiten, Waschen von Lebensmitteln. Seine Kapazit\u00e4t kann bis zu 15.000 Liter gefiltertes Wasser pro Jahr betragen, je nach Ihrem Verbrauch.<\/p>\n<p>Um die optimale Leistung zu erhalten, sollten Sie die Patrone einmal im Jahr austauschen.<\/p>\n<h2>Sofort revitalisiertes Wasser<\/h2>\n<p>Nach dem Filtern wird das Wasser sofort dynamisiert, wenn es mit den Kugeln aus aktivem Siliziumdioxid in Ber\u00fchrung kommt. Dieses Ph\u00e4nomen wirkt auf molekularer Ebene und gibt dem Wasser seine nat\u00fcrlichen Eigenschaften zur\u00fcck.<\/p>\n<p>Am Ausgang erhalten Sie ein lebendigeres, angenehmeres Wasser, das von Ihrem K\u00f6rper besser aufgenommen wird.<\/p>","protected":false},"excerpt":{"rendered":"<p>Der Amilo Untertisch-Vitalisierungsfilter mit Schwanenhals liefert Ihnen gefiltertes und vitalisiertes Wasser f\u00fcr Ihre Sp\u00fcle zum Trinken und Zubereiten von Speisen. Er ist mit einem Schwanenhalsventil ausgestattet, das f\u00fcr das gefilterte und vitalisierte Wasser bestimmt ist. Die Kartusche mit komprimierter antibakterieller Aktivkohle hat eine Filterkapazit\u00e4t von 15.000 l. Sie muss jedes Jahr ausgetauscht werden. Die Vitalisierung des Wassers erfolgt durch Kiesels\u00e4urekugeln, die durch hochenergetische Meereskalkfrequenzen informiert werden.<\/p>","protected":false},"featured_media":378,"template":"","meta":{"_acf_changed":false},"product_brand":[],"product_cat":[18],"product_tag":[],"class_list":{"0":"post-377","1":"product","2":"type-product","3":"status-publish","4":"has-post-thumbnail","6":"product_cat-filtration-boisson-et-cuisine","7":"product_shipping_class-sev","9":"first","10":"instock","11":"taxable","12":"shipping-taxable","13":"purchasable","14":"product-type-variable","15":"has-default-attributes"},"acf":[],"_links":{"self":[{"href":"https:\/\/ch.amilo.earth\/de\/wp-json\/wp\/v2\/product\/377","targetHints":{"allow":["GET"]}}],"collection":[{"href":"https:\/\/ch.amilo.earth\/de\/wp-json\/wp\/v2\/product"}],"about":[{"href":"https:\/\/ch.amilo.earth\/de\/wp-json\/wp\/v2\/types\/product"}],"wp:featuredmedia":[{"embeddable":true,"href":"https:\/\/ch.amilo.earth\/de\/wp-json\/wp\/v2\/media\/378"}],"wp:attachment":[{"href":"https:\/\/ch.amilo.earth\/de\/wp-json\/wp\/v2\/media?parent=377"}],"wp:term":[{"taxonomy":"product_brand","embeddable":true,"href":"https:\/\/ch.amilo.earth\/de\/wp-json\/wp\/v2\/product_brand?post=377"},{"taxonomy":"product_cat","embeddable":true,"href":"https:\/\/ch.amilo.earth\/de\/wp-json\/wp\/v2\/product_cat?post=377"},{"taxonomy":"product_tag","embeddable":true,"href":"https:\/\/ch.amilo.earth\/de\/wp-json\/wp\/v2\/product_tag?post=377"}],"curies":[{"name":"wp","href":"https:\/\/api.w.org\/{rel}","templated":true}]}}