{"id":372,"date":"2026-05-02T14:50:07","date_gmt":"2026-05-02T14:50:07","guid":{"rendered":"https:\/\/ch.amilo.earth\/?post_type=product&#038;p=372"},"modified":"2026-05-03T16:23:06","modified_gmt":"2026-05-03T16:23:06","slug":"filter-unter-spule-schwanenhals","status":"publish","type":"product","link":"https:\/\/ch.amilo.earth\/de\/produit\/filtre-sous-evier-col-de-cygne\/","title":{"rendered":"Vitalisierender Untertischfilter mit Schwanenhals"},"content":{"rendered":"<h2>Amilo Untertischfilter Schwanenhalsarmatur: eine einfache L\u00f6sung f\u00fcr gesundes und angenehmes Wasser<\/h2>\n<p>Die <strong>Amilo Untertischfilter Schwanenhals Wasserhahn<\/strong> ist ein hervorragender Einstieg, um die Vorteile der Wasserfilterung und -vitalisierung im Alltag zu entdecken. Das System ist kompakt und unauff\u00e4llig, l\u00e4sst sich leicht unter Ihrer K\u00fcchensp\u00fcle installieren und bietet gleichzeitig eine hohe Filterleistung.<\/p>\n<h2>Eine praktische Installation mit dediziertem Schwanenhalsventil<\/h2>\n<p>Mit einem Format, das einer 1,5-Liter-Flasche \u00e4hnelt, passt dieses Ger\u00e4t problemlos in Ihren Sp\u00fclenunterschrank. Er funktioniert mit einem <strong>Schwanenhalswasserhahn<\/strong> unabh\u00e4ngig, sodass nur das kalte Wasser gefiltert wird, das zum Trinken bestimmt ist. Diese Konfiguration optimiert die Lebensdauer der Kartusche und vermeidet unn\u00f6tigen Verbrauch.<\/p>\n<p>Das Set enth\u00e4lt alle notwendigen Elemente f\u00fcr einen schnellen und problemlosen Anschluss, selbst f\u00fcr eine Standard-Haushaltsinstallation.<\/p>\n<h2>Hochpr\u00e4zise Filtration bis zu 0,3 Mikron<\/h2>\n<p>Das Herzst\u00fcck des Systems ist eine Patrone aus <strong>gepresste Aktivkohle aus Kokosnuss<\/strong>, mit Silber angereichert. Diese Technologie gew\u00e4hrleistet eine Filterfeinheit von bis zu 0,3 Mikron, wodurch ein breites Spektrum an Verunreinigungen effektiv zur\u00fcckgehalten werden kann.<\/p>\n<p>Die <strong>Amilo Untertischfilter Schwanenhals Wasserhahn<\/strong> eliminiert insbesondere :<\/p>\n<ul>\n<li>Pestizide und Herbizide<\/li>\n<li>R\u00fcckst\u00e4nde von Medikamenten<\/li>\n<li>Schwermetalle<\/li>\n<li>Kohlenwasserstoffe<\/li>\n<li>Waschmittel und Kosmetika<\/li>\n<li>Chlor und Stoffe, die f\u00fcr schlechten Geschmack und Geruch verantwortlich sind<\/li>\n<\/ul>\n<p>So erhalten Sie reineres Wasser, das Sie gerne trinken und das Ihren K\u00f6rper schont.<\/p>\n<h2>Gefiltertes Wasser, aber immer noch reich an Mineralien<\/h2>\n<p>Im Gegensatz zu manchen anderen L\u00f6sungen bleiben bei diesem System die nat\u00fcrlich im Wasser vorhandenen Mineralien erhalten. Noch besser ist, dass sie durch die integrierte Vitalisierungswirkung leichter aufnehmbar werden.<\/p>\n<p>In der Tat <strong>aktive Silica-K\u00fcgelchen<\/strong> werden am Boden des Beh\u00e4lters platziert. Ihre spezifische Frequenz f\u00f6rdert eine nat\u00fcrliche Umstrukturierung des Wassers, verbessert seine Gesamtqualit\u00e4t und tr\u00e4gt zum Gleichgewicht des Lebens bei.<\/p>\n<h2>Bakteriostatischer Schutz und nachhaltige Leistung<\/h2>\n<p>Die Silberimpr\u00e4gnierung der Aktivkohle und des Filterhalters schr\u00e4nkt das Bakterienwachstum innerhalb des Systems ein. Dadurch bleibt die Filterleistung dauerhaft erhalten und die Poren der Kohle werden nicht vorzeitig verstopft.<\/p>\n<p>Dieses Verfahren garantiert eine \u00fcber lange Zeit gleichbleibende Leistung und erh\u00f6ht die gesundheitliche Sicherheit Ihres gefilterten Wassers.<\/p>\n<h2>Optimierter Durchsatz f\u00fcr maximale Effizienz<\/h2>\n<p>Die <strong>Amilo Untertischfilter Schwanenhals Wasserhahn<\/strong> bietet eine Durchflussrate von etwa 1 Liter alle 10 Sekunden. Dieser Rhythmus erm\u00f6glicht eine ideale Kontaktzeit zwischen dem Wasser und der Aktivkohle und sorgt daf\u00fcr, dass unerw\u00fcnschte Stoffe optimal zur\u00fcckgehalten werden.<\/p>\n<h2>Eine passende L\u00f6sung f\u00fcr die ganze Familie<\/h2>\n<p>Dieses System eignet sich perfekt f\u00fcr einen Haushalt mit 1 bis 5 Personen f\u00fcr den t\u00e4glichen Gebrauch in der K\u00fcche: Trinkwasser, Kochen, Waschen von Lebensmitteln. Seine Kapazit\u00e4t kann bis zu 15.000 Liter gefiltertes Wasser pro Jahr betragen, je nach Ihrem Verbrauch.<\/p>\n<p>Um eine gleichbleibende Effizienz zu gew\u00e4hrleisten, sollten Sie die Patrone einmal im Jahr austauschen.<\/p>\n<h2>T\u00e4glich belebtes Wasser<\/h2>\n<p>Nach dem Filtern kommt das Wasser mit den Kugeln aus aktivem Siliziumdioxid in Ber\u00fchrung. Dieser Prozess wirkt sich sofort auf die Struktur des Wassers aus und gibt ihm seine wichtigen Mineralien zur\u00fcck. So erhalten Sie ein dynamisiertes Wasser, das angenehmer im Mund ist und vom K\u00f6rper besser aufgenommen werden kann.<\/p>\n<p>Mit dem <strong>Amilo Untertischfilter Schwanenhals Wasserhahn<\/strong>, Mit dem Wasserkocher verwandeln Sie Ihr Leitungswasser in hochwertiges Wasser, das Sie direkt von Ihrer K\u00fcche aus trinken k\u00f6nnen.<\/p>","protected":false},"excerpt":{"rendered":"<p>Der Amilo Untertisch-Vitalisierungsfilter mit Schwanenhals liefert Ihnen gefiltertes und vitalisiertes Wasser f\u00fcr Ihre Sp\u00fcle zum Trinken und Zubereiten von Speisen. Er ist mit einem Schwanenhalsventil ausgestattet, das f\u00fcr das gefilterte und vitalisierte Wasser bestimmt ist. Die Kartusche mit komprimierter antibakterieller Aktivkohle hat eine Filterkapazit\u00e4t von 15.000 l. Sie muss jedes Jahr ausgetauscht werden. Die Vitalisierung des Wassers erfolgt durch Kiesels\u00e4urekugeln, die durch hochenergetische Meereskalkfrequenzen informiert werden.<\/p>","protected":false},"featured_media":373,"template":"","meta":{"_acf_changed":false},"product_brand":[],"product_cat":[18],"product_tag":[],"class_list":{"0":"post-372","1":"product","2":"type-product","3":"status-publish","4":"has-post-thumbnail","6":"product_cat-filtration-boisson-et-cuisine","7":"product_shipping_class-sev","9":"first","10":"instock","11":"taxable","12":"shipping-taxable","13":"purchasable","14":"product-type-simple"},"acf":[],"_links":{"self":[{"href":"https:\/\/ch.amilo.earth\/de\/wp-json\/wp\/v2\/product\/372","targetHints":{"allow":["GET"]}}],"collection":[{"href":"https:\/\/ch.amilo.earth\/de\/wp-json\/wp\/v2\/product"}],"about":[{"href":"https:\/\/ch.amilo.earth\/de\/wp-json\/wp\/v2\/types\/product"}],"wp:featuredmedia":[{"embeddable":true,"href":"https:\/\/ch.amilo.earth\/de\/wp-json\/wp\/v2\/media\/373"}],"wp:attachment":[{"href":"https:\/\/ch.amilo.earth\/de\/wp-json\/wp\/v2\/media?parent=372"}],"wp:term":[{"taxonomy":"product_brand","embeddable":true,"href":"https:\/\/ch.amilo.earth\/de\/wp-json\/wp\/v2\/product_brand?post=372"},{"taxonomy":"product_cat","embeddable":true,"href":"https:\/\/ch.amilo.earth\/de\/wp-json\/wp\/v2\/product_cat?post=372"},{"taxonomy":"product_tag","embeddable":true,"href":"https:\/\/ch.amilo.earth\/de\/wp-json\/wp\/v2\/product_tag?post=372"}],"curies":[{"name":"wp","href":"https:\/\/api.w.org\/{rel}","templated":true}]}}