{"id":359,"date":"2026-05-02T09:44:44","date_gmt":"2026-05-02T09:44:44","guid":{"rendered":"https:\/\/ch.amilo.earth\/?post_type=product&#038;p=359"},"modified":"2026-05-03T15:16:05","modified_gmt":"2026-05-03T15:16:05","slug":"vitalisierender-filter-fur-die-wohnung","status":"publish","type":"product","link":"https:\/\/ch.amilo.earth\/de\/produit\/filtre-vitalisant-pour-appartement\/","title":{"rendered":"Vitalisierender Filter f\u00fcr Wohnungen"},"content":{"rendered":"<h2>Amilo Vitalisierungsfilter f\u00fcr die Wohnung: gefiltertes und vitalisiertes Wasser<\/h2>\n<p>Der vitalisierende Filter f\u00fcr die Wohnung hat die gleichen Filterqualit\u00e4ten wie der <a href=\"https:\/\/ch.amilo.earth\/de\/product\/vitalisierungsfilter-wohnung-standard\/\" target=\"_blank\" rel=\"noopener\">vitalisierend Wohnen Standard<\/a>, Die Vorfilterpatrone wurde jedoch entfernt. Seine geringen Abmessungen machen ihn zum perfekten Filter f\u00fcr eine Wohnung oder ein kleines Haus mit einem Bewohner.<\/p>\n<p>Die Hauptfilterkartusche mit gepresster Aktivkohle wird j\u00e4hrlich oder alle 100 m3 ausgetauscht.<\/p>\n<p>Die <strong>Amilo Filter f\u00fcr die Wohnung<\/strong> wurde entwickelt, um die Wasserqualit\u00e4t am Hauptwasseranschluss Ihrer Wohnung zu verbessern. Er wird vor dem Hauswasserwerk installiert und sorgt f\u00fcr gefiltertes Wasser, das angenehmer zu trinken, zu kochen, zu duschen, f\u00fcr die W\u00e4sche, die Pflanzen und f\u00fcr alle t\u00e4glichen Zwecke in der Wohnung zu verwenden ist.<\/p>\n<p>Diese L\u00f6sung richtet sich an Haushalte, die ihre Exposition gegen\u00fcber unerw\u00fcnschten Molek\u00fclen im Leitungswasser reduzieren und gleichzeitig ein lebendiges, flie\u00dfendes und nat\u00fcrlich angenehmes Wasser erhalten m\u00f6chten. Mit Amilo soll das Wasser nicht nur gefiltert werden, sondern auch eine Dynamik erhalten, die der des Wassers in der Natur \u00e4hnelt.<\/p>\n<h3>Eine komplette Filterung f\u00fcr die gesamte Wohnung<\/h3>\n<p>Das Amilo appartement-System beruht auf einer Filtration durch eine Mikrofiltrationskartusche mit gepresster Aktivkohle. Sie soll zahlreiche unerw\u00fcnschte Substanzen wie Chlor, Chlorderivate, bestimmte Pestizide, Medikamentenr\u00fcckst\u00e4nde, Hormone, Schwermetalle, Kohlenwasserstoffe, Reinigungsmittel oder chemische Molek\u00fcle, die die Wasserqualit\u00e4t und den Geschmack beeintr\u00e4chtigen k\u00f6nnen, reduzieren.<\/p>\n<p>Dank dieser Feinfilterung wird das Wasser neutraler, angenehmer im Mund und besser f\u00fcr den t\u00e4glichen Gebrauch geeignet. So k\u00f6nnen Sie Leitungswasser mit mehr Genuss trinken, mit ges\u00fcnderem Wasser kochen und die Verwendung von Plastikflaschen stark einschr\u00e4nken.<\/p>\n<h3>Angenehmeres Wasser zum Trinken, Kochen und Duschen<\/h3>\n<p>Mit einem Filter, der am allgemeinen Wasserzulauf installiert ist, ist nicht nur das Trinkwasser betroffen. Das gesamte Wasser in der Wohnung profitiert von der Amilo-Behandlung: K\u00fcche, Bad, Dusche, Armaturen, Maschinen, W\u00e4sche und Hausgebrauch.<\/p>\n<p>Viele Benutzer stellen fest, dass das Wasser weicher auf der Haut ist, sich beim Duschen besser anf\u00fchlt, der Chlorgeschmack deutlich reduziert ist und das Wasser im Alltag angenehmer zu trinken ist. F\u00fcr Familien ist dies eine einfache L\u00f6sung, um das Wasser im ganzen Haus zu verbessern, ohne an jeder Wasserstelle mehrere Filter zu installieren.<\/p>\n<h3>Eine nat\u00fcrliche Wirkung auf Kalkstein<\/h3>\n<p>Der Amilo Vitalisierende Filter Wohnung funktioniert nicht wie ein herk\u00f6mmlicher Wasserenth\u00e4rter. Er entzieht dem Wasser keine Mineralien und ersetzt Kalzium und Magnesium nicht durch Natrium. Er wirkt vielmehr auf die Struktur des Kalksteins ein, um seine Verkrustungskraft zu verringern: Calcit wird auf nat\u00fcrliche Weise in Aragonit umgewandelt.<\/p>\n<p>Auf diese Weise beh\u00e4lt das Wasser seine nat\u00fcrlich vorhandenen Mineralien und wird gleichzeitig angenehmer zu benutzen. Dieser Ansatz kann dazu beitragen, Kalkablagerungen einzud\u00e4mmen, die Verwendung von Reinigungsmitteln zu reduzieren und den Komfort bei der Wassernutzung im Haushalt zu erh\u00f6hen.<\/p>\n<h3>Amilo-Vitalisierung: Wasser wieder in Bewegung bringen<\/h3>\n<p>Nach der Filterung durchl\u00e4uft das Wasser ein Modul zur Dynamisierung und Vitalisierung. Dieser Schritt ist das Herzst\u00fcck der Amilo-Philosophie: Ein Wasser muss nicht nur von unerw\u00fcnschten Molek\u00fclen befreit werden, es muss auch eine Qualit\u00e4t der Bewegung und Koh\u00e4renz wiedererlangen, die von nat\u00fcrlichem Wasser inspiriert ist.<\/p>\n<p>Das System vereint verschiedene aktive Elemente, darunter Keramik, Siliziumdioxid und einen einzigartigen implosiven Vortexer. Dieser Vortexer erzeugt beim Durchflie\u00dfen des Wassers eine wirbelartige Dynamik, die an die nat\u00fcrliche Bewegung erinnert, die das Wasser in Fl\u00fcssen, Quellen und unterirdischen G\u00e4ngen antrifft.<\/p>\n<p>Diese Vitalisierung zielt darauf ab, ein feineres, leichteres Wasser zu erhalten, das angenehmer zu trinken ist und vom K\u00f6rper, von Tieren und Pflanzen besser wahrgenommen wird. Die nat\u00fcrlich im Wasser vorhandenen Mineralien werden dynamisiert, biologisch abbaubar und vom Nierensystem viel besser vertragen.<\/p>\n<h3>Eine geeignete Installation f\u00fcr H\u00e4user und gro\u00dfe Wohnungen<\/h3>\n<p>Der Amilo Wohnungsfilter wird in der Regel am Eingang des Kaltwassernetzes, nach dem Z\u00e4hler oder an einer anderen Stelle, die je nach technischer Ausstattung der Wohnung am besten geeignet ist, angebracht.<\/p>\n<p>Die Installation kann von einem Klempner oder einer Person, die sich mit Klempnerei auskennt, durchgef\u00fchrt werden. Amilo stellt alle notwendigen Anweisungen f\u00fcr eine ordnungsgem\u00e4\u00dfe Montage zur Verf\u00fcgung.<\/p>\n<p>Andere Amilo-Filter sind je nach Ihrer Konfiguration erh\u00e4ltlich :<\/p>\n<ul>\n<li><a href=\"https:\/\/ch.amilo.earth\/de\/product\/vitalisierungsfilter-wohnung-standard\/\">Amilo Vitalisierendes Filter Standard<\/a> bei H\u00e4usern mit einem 80 x 80 cm gro\u00dfen Raum im Wassereinlaufraum<\/li>\n<li><a href=\"https:\/\/ch.amilo.earth\/de\/product\/vitalisierungsfilter-wohnung-standard\/\">Vitalisierender Filter Amilo kompakt<\/a> bei H\u00e4usern, die nicht \u00fcber einen 80 x 80 cm gro\u00dfen Raum im Wassereinlaufraum verf\u00fcgen<\/li>\n<li><a href=\"https:\/\/ch.amilo.earth\/de\/product-category\/grosvolumenfiltration\/\" target=\"_blank\" rel=\"noopener\">Filtration gro\u00dfer Wassermengen<\/a> (sehr gro\u00dfe H\u00e4user mit bis zu 12 Badezimmern, Ferienwohnungen, kleine Hotels, Gewerbetreibende...)<\/li>\n<\/ul>\n<h3>Einfache und kosteng\u00fcnstige Wartung<\/h3>\n<p>Das Amilo-System ist auf Langlebigkeit und Wartungsfreundlichkeit ausgelegt. Die Hauptkartusche mit Aktivkohle hat eine Nutzungsdauer von 100 m3 oder 1 Jahr, abh\u00e4ngig vom Wasserverbrauch und der Qualit\u00e4t des einlaufenden Wassers.<\/p>\n<p>Die Wartung erfordert keine Regeneration mit Salz, keinen Strom und keine Wasserableitung. Es ist eine n\u00fcchterne, praktische L\u00f6sung, die f\u00fcr Haushalte geeignet ist, die ihr Wasser ohne schwere technische Einschr\u00e4nkungen verbessern m\u00f6chten.<\/p>\n<h3>Warum sollte man sich f\u00fcr einen Wohnraumfilter entscheiden?<\/h3>\n<ul>\n<li>Um gefiltertes Wasser an allen Wasserh\u00e4hnen in Ihrer Wohnung zu erhalten.<\/li>\n<li>Um den Geschmack und Geruch von Chlor zu reduzieren.<\/li>\n<li>Um die Exposition gegen\u00fcber unerw\u00fcnschten chemischen Molek\u00fclen zu begrenzen.<\/li>\n<li>Um die nat\u00fcrlich vorkommenden Mineralien im Wasser zu erhalten.<\/li>\n<li>Um unter der Dusche und in der K\u00fcche ein angenehmeres Wasser zu genie\u00dfen.<\/li>\n<li>Um den Kauf von Wasser in Flaschen und Plastikm\u00fcll zu reduzieren.<\/li>\n<li>Zur Kombination von Feinfilterung, Kalkbek\u00e4mpfung und Wasservitalisierung.<\/li>\n<\/ul>\n<h3>Eine ideale L\u00f6sung, um Ihr Wasser t\u00e4glich zu verbessern<\/h3>\n<p>Die <strong>filter appartement Amilo<\/strong>\u00a0ist eine Komplettl\u00f6sung f\u00fcr alle, die sich ges\u00fcnderes, lebendigeres und angenehmeres Wasser in ihrer gesamten Wohnung w\u00fcnschen. Es erf\u00fcllt die Grundbed\u00fcrfnisse eines modernen Haushalts: besseres Wasser trinken, selbstbewusst kochen, die Haut pflegen, die Ger\u00e4te schonen und die Umweltbelastung reduzieren.<\/p>\n<p>Wenn Sie sich f\u00fcr Amilo entscheiden, w\u00e4hlen Sie einen ganzheitlichen Ansatz f\u00fcr Wasser: Filtration, Komfort, Vitalisierung und Respekt vor dem Leben.<\/p>","protected":false},"excerpt":{"rendered":"<p>Der Amilo appartement Vitalisierungsfilter wird von einem Fachmann in den Wasserzulauf Ihrer Wohnung eingebaut. Er reinigt und vitalisiert das gesamte Wasser, das in Ihrer Wohnung zirkuliert: Getr\u00e4nke, K\u00fcche, Bad... und verschafft Ihnen Wasser von sehr hoher Qualit\u00e4t ohne Chlor, Pestizide, PFAS, Medikamenten- und Chemier\u00fcckst\u00e4nde, Schwermetalle...<\/p>\n<p>Minimale Wartung, ben\u00f6tigt keinen Strom. Langlebige Patronen, wird mit 2 Jahren Patronen inklusive geliefert.<\/p>","protected":false},"featured_media":360,"template":"","meta":{"_acf_changed":false},"product_brand":[],"product_cat":[17],"product_tag":[],"class_list":{"0":"post-359","1":"product","2":"type-product","3":"status-publish","4":"has-post-thumbnail","6":"product_cat-filtration-globale-habitation","8":"first","9":"instock","10":"taxable","11":"shipping-taxable","12":"purchasable","13":"product-type-simple"},"acf":[],"_links":{"self":[{"href":"https:\/\/ch.amilo.earth\/de\/wp-json\/wp\/v2\/product\/359","targetHints":{"allow":["GET"]}}],"collection":[{"href":"https:\/\/ch.amilo.earth\/de\/wp-json\/wp\/v2\/product"}],"about":[{"href":"https:\/\/ch.amilo.earth\/de\/wp-json\/wp\/v2\/types\/product"}],"wp:featuredmedia":[{"embeddable":true,"href":"https:\/\/ch.amilo.earth\/de\/wp-json\/wp\/v2\/media\/360"}],"wp:attachment":[{"href":"https:\/\/ch.amilo.earth\/de\/wp-json\/wp\/v2\/media?parent=359"}],"wp:term":[{"taxonomy":"product_brand","embeddable":true,"href":"https:\/\/ch.amilo.earth\/de\/wp-json\/wp\/v2\/product_brand?post=359"},{"taxonomy":"product_cat","embeddable":true,"href":"https:\/\/ch.amilo.earth\/de\/wp-json\/wp\/v2\/product_cat?post=359"},{"taxonomy":"product_tag","embeddable":true,"href":"https:\/\/ch.amilo.earth\/de\/wp-json\/wp\/v2\/product_tag?post=359"}],"curies":[{"name":"wp","href":"https:\/\/api.w.org\/{rel}","templated":true}]}}