{"id":171,"date":"2026-05-01T14:49:36","date_gmt":"2026-05-01T14:49:36","guid":{"rendered":"https:\/\/ch.amilo.earth\/?post_type=product&#038;p=171"},"modified":"2026-05-03T15:12:12","modified_gmt":"2026-05-03T15:12:12","slug":"vitalisierungsfilter-wohnung-standard","status":"publish","type":"product","link":"https:\/\/ch.amilo.earth\/de\/produit\/filtre-vitalisation-habitation-standard\/","title":{"rendered":"Vitalfilter f\u00fcr Standardwohnungen"},"content":{"rendered":"<h2>Amilo Standard-Wohnungsvitalisierungsfilter: gefiltertes und vitalisiertes Wasser im ganzen Haus<\/h2>\n<p>Die <strong>Standardwohnungsfilter Amilo<\/strong> wurde entwickelt, um die Wasserqualit\u00e4t am Hauptwasseranschluss Ihrer Wohnung zu verbessern. Er wird vor dem Hauswasserwerk installiert und sorgt f\u00fcr gefiltertes Wasser, das angenehmer zu trinken, zu kochen, zu duschen, f\u00fcr die W\u00e4sche, die Pflanzen und den t\u00e4glichen Gebrauch im Haus ist.<\/p>\n<p>Diese L\u00f6sung richtet sich an Haushalte, die ihre Exposition gegen\u00fcber unerw\u00fcnschten Molek\u00fclen im Leitungswasser reduzieren und gleichzeitig ein lebendiges, flie\u00dfendes und nat\u00fcrlich angenehmes Wasser erhalten m\u00f6chten. Mit Amilo soll das Wasser nicht nur gefiltert werden, sondern auch eine Dynamik erhalten, die der des Wassers in der Natur \u00e4hnelt.<\/p>\n<h3>Eine komplette Filterung f\u00fcr die gesamte Wohnung<\/h3>\n<p>Das Amilo-Standard-Wohnsystem basiert auf einer mehrstufigen Filtration. Das Wasser flie\u00dft zun\u00e4chst durch eine Vorfilterpatrone, die Partikel und Sedimente zur\u00fcckh\u00e4lt, die im Leitungsnetz vorhanden sein k\u00f6nnen. Diese erste Stufe sch\u00fctzt die Hauptfilterpatrone und tr\u00e4gt dazu bei, einen guten Durchfluss in der gesamten Wohnung aufrechtzuerhalten.<\/p>\n<p>Die zweite Stufe wird durch eine Mikrofiltrationskartusche mit gepresster Aktivkohle gew\u00e4hrleistet. Sie soll zahlreiche unerw\u00fcnschte Stoffe wie Chlor, Chlorderivate, bestimmte Pestizide, Medikamentenr\u00fcckst\u00e4nde, Hormone, Schwermetalle, Kohlenwasserstoffe, Reinigungsmittel oder chemische Molek\u00fcle, die die Wasserqualit\u00e4t und den Geschmack beeintr\u00e4chtigen k\u00f6nnen, reduzieren.<\/p>\n<p>Dank dieser Feinfilterung wird das Wasser neutraler, angenehmer im Mund und besser f\u00fcr den t\u00e4glichen Gebrauch geeignet. So k\u00f6nnen Sie Leitungswasser mit mehr Genuss trinken, mit ges\u00fcnderem Wasser kochen und die Verwendung von Plastikflaschen stark einschr\u00e4nken.<\/p>\n<h3>Angenehmeres Wasser zum Trinken, Kochen und Duschen<\/h3>\n<p>Mit einem Filter, der am allgemeinen Zulauf installiert wird, ist nicht nur das Trinkwasser betroffen. Das gesamte Wasser im Haushalt profitiert von der Amilo-Behandlung: K\u00fcche, Bad, Dusche, Armaturen, Maschinen, W\u00e4sche und Hausgebrauch.<\/p>\n<p>Viele Benutzer stellen fest, dass das Wasser weicher auf der Haut ist, sich beim Duschen besser anf\u00fchlt, der Chlorgeschmack deutlich reduziert ist und das Wasser im Alltag angenehmer zu trinken ist. F\u00fcr Familien ist dies eine einfache L\u00f6sung, um das Wasser im ganzen Haus zu verbessern, ohne an jeder Wasserstelle mehrere Filter zu installieren.<\/p>\n<h3>Eine nat\u00fcrliche Wirkung auf Kalkstein<\/h3>\n<p>Der Amilo-Standard-Wohnungsfilter funktioniert nicht wie ein herk\u00f6mmlicher Wasserenth\u00e4rter. Er entzieht dem Wasser keine Mineralien und ersetzt Kalzium und Magnesium nicht durch Natrium. Er wirkt vielmehr auf die Struktur des Kalksteins ein, um seine Verkrustungskraft zu verringern: Calcit wird auf nat\u00fcrliche Weise in Aragonit umgewandelt.<\/p>\n<p>Auf diese Weise beh\u00e4lt das Wasser seine nat\u00fcrlich vorhandenen Mineralien und wird gleichzeitig angenehmer zu benutzen. Dieser Ansatz kann dazu beitragen, Kalkablagerungen einzud\u00e4mmen, die Verwendung von Reinigungsmitteln zu reduzieren und den Komfort bei der Wassernutzung im Haushalt zu erh\u00f6hen.<\/p>\n<h3>Amilo-Vitalisierung: Wasser wieder in Bewegung bringen<\/h3>\n<p>Nach der Filterung durchl\u00e4uft das Wasser ein Modul zur Dynamisierung und Vitalisierung. Dieser Schritt ist das Herzst\u00fcck der Amilo-Philosophie: Ein Wasser muss nicht nur von unerw\u00fcnschten Molek\u00fclen befreit werden, es muss auch eine Qualit\u00e4t der Bewegung und Koh\u00e4renz wiedererlangen, die von nat\u00fcrlichem Wasser inspiriert ist.<\/p>\n<p>Das System vereint verschiedene aktive Elemente, darunter Keramik, Siliziumdioxid und einen einzigartigen implosiven Vortexer. Dieser Vortexer erzeugt beim Durchflie\u00dfen des Wassers eine wirbelartige Dynamik, die an die nat\u00fcrliche Bewegung erinnert, die das Wasser in Fl\u00fcssen, Quellen und unterirdischen G\u00e4ngen antrifft.<\/p>\n<p>Diese Vitalisierung zielt darauf ab, ein feineres, leichteres Wasser zu erhalten, das angenehmer zu trinken ist und vom K\u00f6rper, von Tieren und Pflanzen besser wahrgenommen wird. Die nat\u00fcrlich im Wasser vorhandenen Mineralien werden dynamisiert, biologisch abbaubar und vom Nierensystem viel besser vertragen.<\/p>\n<h3>Eine geeignete Installation f\u00fcr H\u00e4user und gro\u00dfe Wohnungen<\/h3>\n<p>Der Amilo-Standard-Wohnungsfilter kann in einem Einfamilienhaus, einer gro\u00dfen Wohnung, einem Chalet oder einer Wohnanlage mit einem zug\u00e4nglichen Wasseranschluss installiert werden. Er wird in der Regel am Eingang des Kaltwassernetzes, nach dem Wasserz\u00e4hler oder an einer anderen Stelle, die je nach technischer Konfiguration der Wohnung am besten geeignet ist, installiert.<\/p>\n<p>Die Installation kann von einem Klempner oder einer Person, die sich mit Klempnerei auskennt, durchgef\u00fchrt werden. Amilo stellt alle notwendigen Anweisungen f\u00fcr eine ordnungsgem\u00e4\u00dfe Montage zur Verf\u00fcgung.<\/p>\n<p>Andere Amilo-Filter sind je nach Ihrer Konfiguration erh\u00e4ltlich :<\/p>\n<ul>\n<li>Amilo Vitalisier-Filter kompakt f\u00fcr Wohnungen, die nicht \u00fcber einen 80 x 80 cm gro\u00dfen Raum im Wassereinlauf verf\u00fcgen.<\/li>\n<li>Amilo vitalisierende Filter f\u00fcr Wohnungen<\/li>\n<li><a href=\"https:\/\/ch.amilo.earth\/de\/product-category\/grosvolumenfiltration\/\" target=\"_blank\" rel=\"noopener\">Filtration gro\u00dfer Wassermengen<\/a> (sehr gro\u00dfe H\u00e4user mit bis zu 12 Badezimmern, Ferienwohnungen, kleine Hotels, Gewerbetreibende...)<\/li>\n<\/ul>\n<h3>Einfache und kosteng\u00fcnstige Wartung<\/h3>\n<p>Das Amilo-System ist so konzipiert, dass es langlebig und pflegeleicht ist. Die Vorfilterkartusche wird in der Regel einmal pro Jahr ausgetauscht. Die Hauptkartusche mit Aktivkohle hat eine Nutzungsdauer von 200 m3, was dem durchschnittlichen Wasserverbrauch einer vierk\u00f6pfigen Familie von 2 Jahren entspricht, je nach Wasserverbrauch und Qualit\u00e4t des einlaufenden Wassers.<\/p>\n<p>Die Wartung erfordert keine Regeneration mit Salz, keinen Strom und keine Wasserableitung. Es ist eine n\u00fcchterne, praktische L\u00f6sung, die f\u00fcr Haushalte geeignet ist, die ihr Wasser ohne schwere technische Einschr\u00e4nkungen verbessern m\u00f6chten.<\/p>\n<h3>Warum sollte man sich f\u00fcr einen Amilo Wohnfilter entscheiden?<\/h3>\n<ul>\n<li>Um gefiltertes Wasser an allen Wasserh\u00e4hnen in Ihrer Wohnung zu erhalten.<\/li>\n<li>Um den Geschmack und Geruch von Chlor zu reduzieren.<\/li>\n<li>Um die Exposition gegen\u00fcber unerw\u00fcnschten chemischen Molek\u00fclen zu begrenzen.<\/li>\n<li>Um die nat\u00fcrlich vorkommenden Mineralien im Wasser zu erhalten.<\/li>\n<li>Um unter der Dusche und in der K\u00fcche ein angenehmeres Wasser zu genie\u00dfen.<\/li>\n<li>Um den Kauf von Wasser in Flaschen und Plastikm\u00fcll zu reduzieren.<\/li>\n<li>Zur Kombination von Feinfilterung, Kalkbek\u00e4mpfung und Wasservitalisierung.<\/li>\n<\/ul>\n<h3>Eine ideale L\u00f6sung, um Ihr Wasser t\u00e4glich zu verbessern<\/h3>\n<p>Die <strong>Standardwohnungsfilter Amilo<\/strong>\u00a0ist eine Komplettl\u00f6sung f\u00fcr alle, die sich ges\u00fcnderes, lebendigeres und angenehmeres Wasser in ihrer gesamten Wohnung w\u00fcnschen. Es erf\u00fcllt die Grundbed\u00fcrfnisse eines modernen Haushalts: besseres Wasser trinken, selbstbewusst kochen, die Haut pflegen, die Ger\u00e4te schonen und die Umweltbelastung reduzieren.<\/p>\n<p>Wenn Sie sich f\u00fcr Amilo entscheiden, w\u00e4hlen Sie einen ganzheitlichen Ansatz f\u00fcr Wasser: Filtration, Komfort, Vitalisierung und Respekt vor dem Leben.<\/p>","protected":false},"excerpt":{"rendered":"<p>Der Amilo Standard-Wohnungsvitalisierungsfilter wird von einem Fachmann in den Wasseranschluss Ihrer Wohnung eingebaut. Er reinigt und vitalisiert das gesamte Wasser, das bei Ihnen zu Hause zirkuliert: Trinken und Kochen, Badezimmer, Gartenbew\u00e4sserung... und verschafft Ihnen eine sehr hohe Wasserqualit\u00e4t ohne Chlor, Pestizide, PFAS, Medikamenten- und Chemier\u00fcckst\u00e4nde, Schwermetalle...<\/p>\n<p>Minimale Wartung, ben\u00f6tigt keinen Strom. Langlebige Patronen, wird mit 2 Jahren Patronen inklusive geliefert.<\/p>","protected":false},"featured_media":172,"template":"","meta":{"_acf_changed":false},"product_brand":[],"product_cat":[17],"product_tag":[],"class_list":{"0":"post-171","1":"product","2":"type-product","3":"status-publish","4":"has-post-thumbnail","6":"product_cat-filtration-globale-habitation","8":"first","9":"instock","10":"taxable","11":"shipping-taxable","12":"purchasable","13":"product-type-simple"},"acf":[],"_links":{"self":[{"href":"https:\/\/ch.amilo.earth\/de\/wp-json\/wp\/v2\/product\/171","targetHints":{"allow":["GET"]}}],"collection":[{"href":"https:\/\/ch.amilo.earth\/de\/wp-json\/wp\/v2\/product"}],"about":[{"href":"https:\/\/ch.amilo.earth\/de\/wp-json\/wp\/v2\/types\/product"}],"wp:featuredmedia":[{"embeddable":true,"href":"https:\/\/ch.amilo.earth\/de\/wp-json\/wp\/v2\/media\/172"}],"wp:attachment":[{"href":"https:\/\/ch.amilo.earth\/de\/wp-json\/wp\/v2\/media?parent=171"}],"wp:term":[{"taxonomy":"product_brand","embeddable":true,"href":"https:\/\/ch.amilo.earth\/de\/wp-json\/wp\/v2\/product_brand?post=171"},{"taxonomy":"product_cat","embeddable":true,"href":"https:\/\/ch.amilo.earth\/de\/wp-json\/wp\/v2\/product_cat?post=171"},{"taxonomy":"product_tag","embeddable":true,"href":"https:\/\/ch.amilo.earth\/de\/wp-json\/wp\/v2\/product_tag?post=171"}],"curies":[{"name":"wp","href":"https:\/\/api.w.org\/{rel}","templated":true}]}}