{"id":756,"date":"2026-05-04T01:59:10","date_gmt":"2026-05-04T01:59:10","guid":{"rendered":"https:\/\/ch.amilo.earth\/?page_id=756"},"modified":"2026-05-04T02:25:46","modified_gmt":"2026-05-04T02:25:46","slug":"einkaufsfuhrer-fur-amilo-filter","status":"publish","type":"page","link":"https:\/\/ch.amilo.earth\/de\/guide-dachat-des-filtres-amilo\/","title":{"rendered":"Kaufratgeber f\u00fcr Amilo-Filter"},"content":{"rendered":"<div data-elementor-type=\"wp-page\" data-elementor-id=\"756\" class=\"elementor elementor-756\" data-elementor-post-type=\"page\">\n\t\t\t\t<div class=\"elementor-element elementor-element-2336117 e-flex e-con-boxed e-con e-parent\" data-id=\"2336117\" data-element_type=\"container\" data-e-type=\"container\">\n\t\t\t\t\t<div class=\"e-con-inner\">\n\t\t<div class=\"elementor-element elementor-element-01e0b5b e-con-full e-flex e-con e-child\" data-id=\"01e0b5b\" data-element_type=\"container\" data-e-type=\"container\">\n\t\t\t\t<div class=\"elementor-element elementor-element-72891a5 elementor-widget elementor-widget-text-editor\" data-id=\"72891a5\" data-element_type=\"widget\" data-e-type=\"widget\" data-widget_type=\"text-editor.default\">\n\t\t\t\t\t\t\t\t\t<p>Die Wahl Ihres Amilo-Wohnungsfilters wird von der Anzahl der Bewohner und der Anzahl der Wasserstellen abh\u00e4ngen. Es ist wichtig, dass Sie einen Amilo-Wohnungsfilter w\u00e4hlen, der f\u00fcr Ihre Zwecke ausreichend dimensioniert ist, um einen ausreichenden Wasserfluss zu allen Wasserstellen in Ihrer Wohnung zu gew\u00e4hrleisten.<\/p><p>Sehen Sie sich die untenstehende \u00dcbersichtstabelle an. Wenn Sie sich nicht sicher sind, fragen Sie Ihren <a href=\"https:\/\/ch.amilo.earth\/de\/ihre-kostenlose-personalisierte-studie\/\">kostenlose Studie<\/a> an Amilo Schweiz ist unverbindlich.<\/p>\t\t\t\t\t\t\t\t<\/div>\n\t\t\t\t<\/div>\n\t\t<div class=\"elementor-element elementor-element-6f52a0d e-con-full e-flex e-con e-child\" data-id=\"6f52a0d\" data-element_type=\"container\" data-e-type=\"container\">\n\t\t\t\t<div class=\"elementor-element elementor-element-ad01d83 elementor-widget elementor-widget-image\" data-id=\"ad01d83\" data-element_type=\"widget\" data-e-type=\"widget\" data-widget_type=\"image.default\">\n\t\t\t\t\t\t\t\t\t\t\t\t\t\t\t<img fetchpriority=\"high\" decoding=\"async\" width=\"800\" height=\"463\" src=\"https:\/\/ch.amilo.earth\/wp-content\/uploads\/2026\/05\/bien_choisir-1024x592.webp\" class=\"attachment-large size-large wp-image-759\" alt=\"Die richtige Wahl des Amilo-Wohnungsfilters\" srcset=\"https:\/\/ch.amilo.earth\/wp-content\/uploads\/2026\/05\/bien_choisir-1024x592.webp 1024w, https:\/\/ch.amilo.earth\/wp-content\/uploads\/2026\/05\/bien_choisir-300x173.webp 300w, https:\/\/ch.amilo.earth\/wp-content\/uploads\/2026\/05\/bien_choisir-768x444.webp 768w, https:\/\/ch.amilo.earth\/wp-content\/uploads\/2026\/05\/bien_choisir-1536x888.webp 1536w, https:\/\/ch.amilo.earth\/wp-content\/uploads\/2026\/05\/bien_choisir-18x10.webp 18w, https:\/\/ch.amilo.earth\/wp-content\/uploads\/2026\/05\/bien_choisir-600x347.webp 600w, https:\/\/ch.amilo.earth\/wp-content\/uploads\/2026\/05\/bien_choisir.webp 1600w\" sizes=\"(max-width: 800px) 100vw, 800px\" \/>\t\t\t\t\t\t\t\t\t\t\t\t\t\t\t<\/div>\n\t\t\t\t<\/div>\n\t\t\t\t\t<\/div>\n\t\t\t\t<\/div>\n\t\t<div class=\"elementor-element elementor-element-02ae9a0 e-flex e-con-boxed e-con e-parent\" data-id=\"02ae9a0\" data-element_type=\"container\" data-e-type=\"container\">\n\t\t\t\t\t<div class=\"e-con-inner\">\n\t\t\t\t<div class=\"elementor-element elementor-element-492f920 elementor-widget elementor-widget-shortcode\" data-id=\"492f920\" data-element_type=\"widget\" data-e-type=\"widget\" data-widget_type=\"shortcode.default\">\n\t\t\t\t\t\t\t<div class=\"elementor-shortcode\">\n<table id=\"tablepress-1\" class=\"tablepress tablepress-id-1\">\n<thead>\n<tr class=\"row-1\">\n\t<th class=\"column-1\"><img decoding=\"async\" src=\"https:\/\/ch.amilo.earth\/wp-content\/uploads\/2026\/05\/persons.png\" alt=\"\" width=\"32\" height=\"32\"  \/><\/th><th class=\"column-2\"><img decoding=\"async\" src=\"https:\/\/ch.amilo.earth\/wp-content\/uploads\/2026\/05\/robinet.png\" alt=\"\" width=\"32\" height=\"32\"  \/><\/th><th class=\"column-3\">Art des Lebensraums<\/th><th class=\"column-4\">Platzbedarf<\/th><th class=\"column-5\">Amilo Filter empfohlen<\/th>\n<\/tr>\n<\/thead>\n<tbody class=\"row-striping row-hover\">\n<tr class=\"row-2\">\n\t<td class=\"column-1\">1<\/td><td class=\"column-2\">2<\/td><td class=\"column-3\">Wohnung \/ kleines Haus<\/td><td class=\"column-4\">50 (L) x 50 (H) cm<\/td><td class=\"column-5\"><a href=\"https:\/\/ch.amilo.earth\/de\/product\/vitalisierender-filter-fur-die-wohnung\/\" target=\"_blank\">Filter Wohnung<\/a><\/td>\n<\/tr>\n<tr class=\"row-3\">\n\t<td class=\"column-1\">3<\/td><td class=\"column-2\">3<\/td><td class=\"column-3\">Kleines Haus<\/td><td class=\"column-4\">80 (L) x 50 (H) cm<\/td><td class=\"column-5\"><a href=\"https:\/\/ch.amilo.earth\/de\/product\/vitalisierender-filter-wohnen-kompakt\/\" target=\"_blank\">Kompakter Wohnraumfilter<\/a><\/td>\n<\/tr>\n<tr class=\"row-4\">\n\t<td class=\"column-1\">4<\/td><td class=\"column-2\">4<\/td><td class=\"column-3\">Standardhaus<\/td><td class=\"column-4\">80 (L) x 80 (H) cm<\/td><td class=\"column-5\"><a href=\"https:\/\/ch.amilo.earth\/de\/product\/vitalisierungsfilter-wohnung-standard\/\" target=\"_blank\">Standard-Wohnungsfilter<\/a><\/td>\n<\/tr>\n<tr class=\"row-5\">\n\t<td class=\"column-1\">8<\/td><td class=\"column-2\">10<\/td><td class=\"column-3\">Gro\u00dfes Haus \/ Pro-Lokal<\/td><td class=\"column-4\">30 (L) x 175 (H) cm<\/td><td class=\"column-5\"><a href=\"https:\/\/ch.amilo.earth\/de\/product\/amilo-pro-mini-25-filter\/\" target=\"_blank\">Mini Pro 25<\/a><\/td>\n<\/tr>\n<tr class=\"row-6\">\n\t<td class=\"column-1\">10<\/td><td class=\"column-2\">12<\/td><td class=\"column-3\">Gemeinschaft \/ Pro-Lokal<\/td><td class=\"column-4\">35 (L) x 175 (H) cm<\/td><td class=\"column-5\"><a href=\"https:\/\/ch.amilo.earth\/de\/product\/amilo-pro-mini-50-filter\/\" target=\"_blank\">Mini Pro 50<\/a><\/td>\n<\/tr>\n<\/tbody>\n<\/table>\n<!-- #tablepress-1 from cache --><\/div>\n\t\t\t\t\t\t<\/div>\n\t\t\t\t\t<\/div>\n\t\t\t\t<\/div>\n\t\t\t\t<\/div>","protected":false},"excerpt":{"rendered":"<p>Le choix de votre filtre Amilo habitation va d\u00e9pendre du nombre d&rsquo;occupants et du nombre de points d&rsquo;eau. Il est important de choisir un filtre Amilo habitation bien dimensionn\u00e9 pour votre usage, afin de conserver un d\u00e9bit d&rsquo;eau suffisant \u00e0 tous les points d&rsquo;eau de votre logement. Consultez le tableau de synth\u00e8se ci-dessous. En cas [&hellip;]<\/p>\n","protected":false},"author":1,"featured_media":0,"parent":0,"menu_order":0,"comment_status":"closed","ping_status":"closed","template":"","meta":{"_acf_changed":false,"footnotes":""},"class_list":["post-756","page","type-page","status-publish","hentry"],"acf":[],"_links":{"self":[{"href":"https:\/\/ch.amilo.earth\/de\/wp-json\/wp\/v2\/pages\/756","targetHints":{"allow":["GET"]}}],"collection":[{"href":"https:\/\/ch.amilo.earth\/de\/wp-json\/wp\/v2\/pages"}],"about":[{"href":"https:\/\/ch.amilo.earth\/de\/wp-json\/wp\/v2\/types\/page"}],"author":[{"embeddable":true,"href":"https:\/\/ch.amilo.earth\/de\/wp-json\/wp\/v2\/users\/1"}],"replies":[{"embeddable":true,"href":"https:\/\/ch.amilo.earth\/de\/wp-json\/wp\/v2\/comments?post=756"}],"version-history":[{"count":13,"href":"https:\/\/ch.amilo.earth\/de\/wp-json\/wp\/v2\/pages\/756\/revisions"}],"predecessor-version":[{"id":779,"href":"https:\/\/ch.amilo.earth\/de\/wp-json\/wp\/v2\/pages\/756\/revisions\/779"}],"wp:attachment":[{"href":"https:\/\/ch.amilo.earth\/de\/wp-json\/wp\/v2\/media?parent=756"}],"curies":[{"name":"wp","href":"https:\/\/api.w.org\/{rel}","templated":true}]}}