{"id":700,"date":"2026-05-03T15:48:47","date_gmt":"2026-05-03T15:48:47","guid":{"rendered":"https:\/\/ch.amilo.earth\/?page_id=700"},"modified":"2026-05-03T16:18:53","modified_gmt":"2026-05-03T16:18:53","slug":"die-firma-amilo","status":"publish","type":"page","link":"https:\/\/ch.amilo.earth\/de\/la-societe-amilo\/","title":{"rendered":"Die Gesellschaft Amilo"},"content":{"rendered":"<div data-elementor-type=\"wp-page\" data-elementor-id=\"700\" class=\"elementor elementor-700\" data-elementor-post-type=\"page\">\n\t\t\t\t<div class=\"elementor-element elementor-element-ca6f7c3 e-flex e-con-boxed e-con e-parent\" data-id=\"ca6f7c3\" data-element_type=\"container\" data-e-type=\"container\">\n\t\t\t\t\t<div class=\"e-con-inner\">\n\t\t\t\t<div class=\"elementor-element elementor-element-7c26a25 elementor-widget elementor-widget-heading\" data-id=\"7c26a25\" data-element_type=\"widget\" data-e-type=\"widget\" data-widget_type=\"heading.default\">\n\t\t\t\t\t<h1 class=\"elementor-heading-title elementor-size-default\">Die Gesellschaft Amilo<\/h1>\t\t\t\t<\/div>\n\t\t\t\t\t<\/div>\n\t\t\t\t<\/div>\n\t\t<div class=\"elementor-element elementor-element-1663174 e-flex e-con-boxed e-con e-parent\" data-id=\"1663174\" data-element_type=\"container\" data-e-type=\"container\">\n\t\t\t\t\t<div class=\"e-con-inner\">\n\t\t\t\t<div class=\"elementor-element elementor-element-25d0c92 elementor-widget elementor-widget-text-editor\" data-id=\"25d0c92\" data-element_type=\"widget\" data-e-type=\"widget\" data-widget_type=\"text-editor.default\">\n\t\t\t\t\t\t\t\t\t<h2>Amilo: Ein menschliches Abenteuer im Dienste der Wasserqualit\u00e4t<\/h2><p><strong>Amilo<\/strong> wurde 2017 aus einer einfachen \u00dcberzeugung heraus gegr\u00fcndet: jeder sollte im Alltag Zugang zu reinerem, lebendigerem und gesundheitsfreundlicherem Wasser haben. Das Unternehmen entwickelt Filter- und Vitalisierungsl\u00f6sungen f\u00fcr Einzelpersonen, Familien, Fachleute und alle, die die Qualit\u00e4t ihres Wassers nachhaltig verbessern m\u00f6chten.<\/p><p>\u00a0<\/p>\t\t\t\t\t\t\t\t<\/div>\n\t\t\t\t\t<\/div>\n\t\t\t\t<\/div>\n\t\t<div class=\"elementor-element elementor-element-be9a182 e-flex e-con-boxed e-con e-parent\" data-id=\"be9a182\" data-element_type=\"container\" data-e-type=\"container\">\n\t\t\t\t\t<div class=\"e-con-inner\">\n\t\t<div class=\"elementor-element elementor-element-70cc55c e-con-full e-flex e-con e-child\" data-id=\"70cc55c\" data-element_type=\"container\" data-e-type=\"container\">\n\t\t\t\t<div class=\"elementor-element elementor-element-a6732b1 elementor-widget elementor-widget-text-editor\" data-id=\"a6732b1\" data-element_type=\"widget\" data-e-type=\"widget\" data-widget_type=\"text-editor.default\">\n\t\t\t\t\t\t\t\t\t<h2>Lo\u00efc Sallet, Gr\u00fcnder von Amilo und leidenschaftlicher Anh\u00e4nger von lebendigem Wasser<\/h2><p>Die Geschichte von\u2019<strong>Amilo<\/strong> ist untrennbar mit dem Weg von <strong>Lo\u00efc Sallet<\/strong>, Entwickler der Amilo-Systeme. Seit vielen Jahren widmet er seine Forschung dem Verst\u00e4ndnis von Wasser, seiner Qualit\u00e4t, seiner Struktur und seinem Einfluss auf das Leben.<\/p><p>Sein Weg f\u00fchrte ihn dazu, die Arbeiten bedeutender Forscher rund um das Thema Wasser, nat\u00fcrliche Gesundheit, Vitalisierung und Dynamisierung zu erforschen. Dieser ganzheitliche Ansatz f\u00fchrte zu einer starken Vision: konkrete L\u00f6sungen anzubieten, die es erm\u00f6glichen, das Wasser wieder n\u00e4her an seine nat\u00fcrlichen Qualit\u00e4ten heranzuf\u00fchren.<\/p><p>Lo\u00efc Sallet ist au\u00dferdem Videok\u00fcnstler und Dozent.\u00a0<\/p><p>Seit fast zehn Jahren hat sich Lo\u00efc eine Mission gesetzt: qualitativ hochwertiges, gereinigtes und vitalisiertes Wasser f\u00fcr alle.<\/p><p>Die Amilo-Filterpalette ist sehr umfangreich und deckt alle Bed\u00fcrfnisse ab:<\/p><ul><li><a href=\"https:\/\/ch.amilo.earth\/de\/product-category\/filterflaschen\/\">Filternde Trinkflaschen<\/a><\/li><li><a href=\"https:\/\/ch.amilo.earth\/de\/product-category\/filtration-und-vitalisierung\/filtration-getranke-und-kuche\/\">Filtration 1 Wasserstelle<\/a><\/li><li><a href=\"https:\/\/ch.amilo.earth\/de\/product-category\/filtration-und-vitalisierung\/globale-wohnraumfiltration\/\">Globale Wohnraumfiltration<\/a><\/li><li><a href=\"https:\/\/ch.amilo.earth\/de\/product-category\/filtration-und-vitalisierung\/grosvolumenfiltration\/\">Filtration gro\u00dfer Wassermengen<\/a><\/li><li><a href=\"https:\/\/ch.amilo.earth\/de\/behandlung-von-wasser-auserhalb-des-netzes\/\">Trinkwasseraufbereitung au\u00dferhalb des Netzes<\/a><\/li><\/ul>\t\t\t\t\t\t\t\t<\/div>\n\t\t\t\t<\/div>\n\t\t<div class=\"elementor-element elementor-element-4773d30 e-con-full e-flex e-con e-child\" data-id=\"4773d30\" data-element_type=\"container\" data-e-type=\"container\">\n\t\t\t\t<div class=\"elementor-element elementor-element-bfd4739 elementor-widget elementor-widget-image\" data-id=\"bfd4739\" data-element_type=\"widget\" data-e-type=\"widget\" data-widget_type=\"image.default\">\n\t\t\t\t\t\t\t\t\t\t\t\t\t\t\t<img fetchpriority=\"high\" decoding=\"async\" width=\"800\" height=\"898\" src=\"https:\/\/ch.amilo.earth\/wp-content\/uploads\/2026\/05\/loicSallet2.webp\" class=\"attachment-large size-large wp-image-707\" alt=\"Lo\u00efc Sallet, Forscher und Gr\u00fcnder des Unternehmens Amilo\" srcset=\"https:\/\/ch.amilo.earth\/wp-content\/uploads\/2026\/05\/loicSallet2.webp 800w, https:\/\/ch.amilo.earth\/wp-content\/uploads\/2026\/05\/loicSallet2-267x300.webp 267w, https:\/\/ch.amilo.earth\/wp-content\/uploads\/2026\/05\/loicSallet2-768x862.webp 768w, https:\/\/ch.amilo.earth\/wp-content\/uploads\/2026\/05\/loicSallet2-11x12.webp 11w, https:\/\/ch.amilo.earth\/wp-content\/uploads\/2026\/05\/loicSallet2-600x674.webp 600w\" sizes=\"(max-width: 800px) 100vw, 800px\" \/>\t\t\t\t\t\t\t\t\t\t\t\t\t\t\t<\/div>\n\t\t\t\t<\/div>\n\t\t\t\t\t<\/div>\n\t\t\t\t<\/div>\n\t\t<div class=\"elementor-element elementor-element-5d6e036 e-flex e-con-boxed e-con e-parent\" data-id=\"5d6e036\" data-element_type=\"container\" data-e-type=\"container\">\n\t\t\t\t\t<div class=\"e-con-inner\">\n\t\t\t\t<div class=\"elementor-element elementor-element-4b9c790 elementor-widget elementor-widget-text-editor\" data-id=\"4b9c790\" data-element_type=\"widget\" data-e-type=\"widget\" data-widget_type=\"text-editor.default\">\n\t\t\t\t\t\t\t\t\t<h2>Jahrelange Forschung, Experimente und Feldarbeit<\/h2><p>Bevor sie zu einer Produktreihe wurde, <strong>Amilo<\/strong> ist in erster Linie das Ergebnis einer langen Arbeit der Beobachtung, Begegnung und des Experimentierens. Konferenzen, Austausch mit Fachleuten, Feldversuche, h\u00e4usliche und berufliche Nutzung: Jede Etappe hat dazu beigetragen, die heute angebotenen Systeme zu verfeinern.<\/p><p>Dank dieser Erfahrung konnten L\u00f6sungen entwickelt werden, die den unterschiedlichen Bed\u00fcrfnissen gerecht werden: Trinkwasser, Duschwasser, globale Filtration der Wohnung, Kalkbehandlung, Trinkwasseraufbereitung au\u00dferhalb des Leitungsnetzes oder auch Filtration f\u00fcr den professionellen Gebrauch.<\/p><h2>Amilos Mission: Filtern, vitalisieren und weitergeben<\/h2><p>Die Mission von\u2019<strong>Amilo<\/strong> beschr\u00e4nkt sich nicht auf den Verkauf von Filtersystemen. Das Unternehmen m\u00f6chte auch ein besseres Verst\u00e4ndnis f\u00fcr Wasser und seine Bedeutung f\u00fcr das Gleichgewicht des Lebens vermitteln.<\/p><p>Die L\u00f6sungen von Amilo verbinden die <strong>Filtration<\/strong>, um unerw\u00fcnschte Stoffe im Wasser zu reduzieren, und die <strong>Vitalisierung<\/strong>, Die Wasserqualit\u00e4t soll nat\u00fcrlicher, dynamischer und angenehmer f\u00fcr den t\u00e4glichen Gebrauch werden.<\/p><h2>Amilo in der Schweiz: Qualit\u00e4tswasser f\u00fcr Ihren Alltag<\/h2><p>Mit der Seite <strong>Amilo Suisse<\/strong>, Sie haben Zugang zu einer Auswahl an L\u00f6sungen, die auf die Bed\u00fcrfnisse von Schweizer Haushalten zugeschnitten sind: Untertischfiltration, Wohnraumfiltration, Trinkflaschenfilter, Systeme f\u00fcr gro\u00dfe Volumen oder auch netzunabh\u00e4ngige Wasseraufbereitung. <strong>Nicole Calame, die Leiterin des Amilo-Netzwerks<\/strong> Suisse ist auf die besonderen Bed\u00fcrfnisse dieses Landes geschult, das sie gut kennt, da sie geb\u00fcrtige Schweizerin ist.<\/p><p>Ob Sie in einem Haus, einer Wohnung oder einem Ferienhaus leben oder eine L\u00f6sung f\u00fcr den professionellen Gebrauch suchen, Amilo unterst\u00fctzt Sie bei der Auswahl des Systems, das am besten zu Ihrer Anlage und Ihren Verbrauchsgewohnheiten passt.<\/p><h2>Ein umweltfreundlicher, nachhaltiger und zug\u00e4nglicher Ansatz<\/h2><p>W\u00e4hlen Sie <strong>Amilo<\/strong>, Wenn Sie Ihr Wasser in Flaschen kaufen, reduzieren Sie Ihre Abh\u00e4ngigkeit von abgef\u00fclltem Wasser, vermeiden Plastikm\u00fcll und bevorzugen eine nachhaltige L\u00f6sung, die direkt bei Ihnen zu Hause installiert wird.<\/p><p>Die Amilo-Systeme sind so konzipiert, dass sie sich leicht in Ihren Alltag integrieren lassen, mit langlebigen Verbrauchsmaterialien, kontrollierter Wartung und einem st\u00e4ndigen Streben nach Leistung.<\/p><h2>Ein menschliches und engagiertes Netzwerk<\/h2><p>Rund um <strong>Lo\u00efc Sallet<\/strong> und der Gesellschaft <strong>Amilo<\/strong>, Ein Netzwerk von Partnern hat sich entwickelt, um die Nutzer zu informieren, zu beraten und zu begleiten. Diese menschliche Dimension bleibt das Herzst\u00fcck des Projekts: Ihnen helfen, Ihr Wasser zu verstehen, die richtige L\u00f6sung zu w\u00e4hlen und es unter optimalen Bedingungen zu nutzen.<\/p><p>Amilo setzt somit seine Entwicklung mit einer klaren Ambition fort: gefiltertes, vitalisiertes und lebensvertr\u00e4glicheres Wasser f\u00fcr m\u00f6glichst viele Menschen zug\u00e4nglich zu machen.<\/p>\t\t\t\t\t\t\t\t<\/div>\n\t\t\t\t\t<\/div>\n\t\t\t\t<\/div>\n\t\t\t\t<\/div>","protected":false},"excerpt":{"rendered":"<p>Amilo : une aventure humaine au service de la qualit\u00e9 de l\u2019eau Amilo est n\u00e9e en 2017 d\u2019une conviction simple : chacun devrait pouvoir acc\u00e9der, au quotidien, \u00e0 une eau plus pure, plus vivante et plus respectueuse de la sant\u00e9. L\u2019entreprise d\u00e9veloppe des solutions de filtration et de vitalisation destin\u00e9es aux particuliers, aux familles, aux [&hellip;]<\/p>\n","protected":false},"author":1,"featured_media":0,"parent":0,"menu_order":0,"comment_status":"closed","ping_status":"closed","template":"","meta":{"_acf_changed":false,"footnotes":""},"class_list":["post-700","page","type-page","status-publish","hentry"],"acf":[],"_links":{"self":[{"href":"https:\/\/ch.amilo.earth\/de\/wp-json\/wp\/v2\/pages\/700","targetHints":{"allow":["GET"]}}],"collection":[{"href":"https:\/\/ch.amilo.earth\/de\/wp-json\/wp\/v2\/pages"}],"about":[{"href":"https:\/\/ch.amilo.earth\/de\/wp-json\/wp\/v2\/types\/page"}],"author":[{"embeddable":true,"href":"https:\/\/ch.amilo.earth\/de\/wp-json\/wp\/v2\/users\/1"}],"replies":[{"embeddable":true,"href":"https:\/\/ch.amilo.earth\/de\/wp-json\/wp\/v2\/comments?post=700"}],"version-history":[{"count":19,"href":"https:\/\/ch.amilo.earth\/de\/wp-json\/wp\/v2\/pages\/700\/revisions"}],"predecessor-version":[{"id":729,"href":"https:\/\/ch.amilo.earth\/de\/wp-json\/wp\/v2\/pages\/700\/revisions\/729"}],"wp:attachment":[{"href":"https:\/\/ch.amilo.earth\/de\/wp-json\/wp\/v2\/media?parent=700"}],"curies":[{"name":"wp","href":"https:\/\/api.w.org\/{rel}","templated":true}]}}