{"id":329,"date":"2026-05-02T07:51:18","date_gmt":"2026-05-02T07:51:18","guid":{"rendered":"https:\/\/ch.amilo.earth\/?page_id=329"},"modified":"2026-05-02T07:56:23","modified_gmt":"2026-05-02T07:56:23","slug":"rechtliche-hinweise","status":"publish","type":"page","link":"https:\/\/ch.amilo.earth\/de\/mentions-legales\/","title":{"rendered":"Impressum"},"content":{"rendered":"<div data-elementor-type=\"wp-page\" data-elementor-id=\"329\" class=\"elementor elementor-329\" data-elementor-post-type=\"page\">\n\t\t\t\t<div class=\"elementor-element elementor-element-09f5afb e-flex e-con-boxed e-con e-parent\" data-id=\"09f5afb\" data-element_type=\"container\" data-e-type=\"container\">\n\t\t\t\t\t<div class=\"e-con-inner\">\n\t\t\t\t<div class=\"elementor-element elementor-element-e2e40d3 elementor-widget elementor-widget-heading\" data-id=\"e2e40d3\" data-element_type=\"widget\" data-e-type=\"widget\" data-widget_type=\"heading.default\">\n\t\t\t\t\t<h1 class=\"elementor-heading-title elementor-size-default\">Impressum<\/h1>\t\t\t\t<\/div>\n\t\t\t\t\t<\/div>\n\t\t\t\t<\/div>\n\t\t<div class=\"elementor-element elementor-element-243e90c e-flex e-con-boxed e-con e-parent\" data-id=\"243e90c\" data-element_type=\"container\" data-e-type=\"container\">\n\t\t\t\t\t<div class=\"e-con-inner\">\n\t\t\t\t<div class=\"elementor-element elementor-element-8f9f43d elementor-widget elementor-widget-text-editor\" data-id=\"8f9f43d\" data-element_type=\"widget\" data-e-type=\"widget\" data-widget_type=\"text-editor.default\">\n\t\t\t\t\t\t\t\t\t<h3>Eigentum<\/h3><p>Die Seite\u00a0<a href=\"http:\/\/ch.amilo.earth\/de\/\">Amilo Suisse<\/a>\u00a0\u00a0wird herausgegeben von der\u00a0<strong>AMILO<\/strong>\u00a0mit Sitz in La Jonch\u00e8re 23230 GOUZON und eingetragen im Handels- und Gesellschaftsregister von Gu\u00e9ret.<\/p><p>SAS mit einem Kapital von 55555,50 \u20ac.<br \/>Siret: 832 233 035 000 19<br \/>T\u00e4tigkeitscode: APE 4669 B<br \/>Intra-kommunale Umsatzsteuer-Nr.: FR 15 832 233 035<\/p><p>Tel.:\u00a0<a href=\"tel:+33532603217\">+335 32 60 32 17<\/a><\/p><p>Um uns zu kontaktieren,\u00a0<a href=\"https:\/\/ch.amilo.earth\/de\/kontaktieren-sie-amilo-schweiz\/\">f\u00fcllen Sie dieses Formular aus<\/a>.<\/p><p>Die Verantwortliche f\u00fcr Amilo Schweiz ist: Nicole Calame, Hauptstrasse 186, 4496 Wenslingen, Switzerland. <b>+41 79 756 85 32<\/b>\u00a0<b>E-Mail: eaulixirdevie@gmail.com<\/b><\/p><h3>Gesetzliche Dokumente<\/h3><p>Allgemeine Nutzungsbedingungen<\/p><p>Zugriff auf die Seite<\/p><p>Die Amilo-Website erm\u00f6glicht den kostenlosen Zugriff auf die folgenden Dienste:<\/p><ul><li>Informationen zur Wasserfilterung.<\/li><li>Formular f\u00fcr eine Informationsanfrage.<\/li><li>Zugang zum Amilo-Shop<\/li><\/ul><p>Die Website ist f\u00fcr jeden Nutzer mit einem Internetzugang von \u00fcberall aus kostenlos zug\u00e4nglich. Alle Kosten, die f\u00fcr den Zugang zu den Diensten erforderlich sind (Computerhardware, Internetverbindung...), gehen zu Lasten des Nutzers.<\/p><p>Der Zugriff auf die den Mitgliedern gewidmeten Dienste erfolgt mithilfe eines Benutzernamens und eines Passworts.<\/p><p>Aus Wartungs- oder anderen Gr\u00fcnden kann der Zugang zur Website vom Herausgeber ohne Vorank\u00fcndigung oder Begr\u00fcndung unterbrochen oder ausgesetzt werden.<\/p><h3>Unterkunft<\/h3><p>Die Unterbringung von\u00a0<a href=\"http:\/\/ch.amilo.earth\/de\/\">ch.amilo.earth<\/a>\u00a0wird von INFOMANIAK (<a href=\"https:\/\/www.infomaniak.com\/fr\" target=\"_blank\" rel=\"noopener\">https:\/\/www.infomaniak.com\/fr<\/a>).<\/p><p>Firmensitz: Les Acacias, Genf, Schweiz<\/p><p>Infomaniak Network SA<\/p><p>Stra\u00dfe Eug\u00e8ne Marziano 25<\/p><p>1227 Les Acacias (GE)<\/p><h3>Rechte an geistigem Eigentum<\/h3><p>Die Website, ihre allgemeine Struktur sowie Texte, Bilder, Grafiken und jedes andere Element, aus dem die Website besteht, sind das ausschlie\u00dfliche Eigentum der Firma\u00a0<strong>AMILO<\/strong>\u00a0oder der Anspruchsberechtigten.<\/p><p>Die gesamte Website unterliegt den franz\u00f6sischen und internationalen Gesetzen zum Urheberrecht und zum geistigen Eigentum. Die auf dieser Website erw\u00e4hnten Namen, Marken und Aush\u00e4ngeschilder sind Eigentum ihrer jeweiligen Inhaber.<\/p><p>Jede vollst\u00e4ndige oder teilweise Nutzung oder Vervielf\u00e4ltigung der Website, der Elemente, aus denen sie sich zusammensetzt, und\/oder der Informationen, die darin enthalten sind, durch welches Verfahren auch immer, stellt eine F\u00e4lschung dar, die durch das Gesetz zum Schutz des geistigen Eigentums geahndet wird.<\/p><h3>Redaktionelle Inhalte<\/h3><p>Alle redaktionellen Inhalte und Informationen auf dieser Website unterliegen der redaktionellen Verantwortung von\u2019<strong>AMILO<\/strong>.<\/p><p>Die Marken, Logos sowie die Inhalte der Amilo-Website (grafische Illustrationen, Texte...) sind durch das Gesetz \u00fcber geistiges Eigentum und durch das Urheberrecht gesch\u00fctzt.<\/p><p>Die Vervielf\u00e4ltigung und das Kopieren von Inhalten durch den Nutzer bed\u00fcrfen der vorherigen Genehmigung der Website. In diesem Fall ist jegliche Nutzung zu kommerziellen Zwecken oder zu Werbezwecken untersagt.<\/p><p>Die Abbildungen von Personen auf der Website sind unverbindliche Fotos.<\/p><p>Entwicklung und Integration<\/p><p>Die Seite\u00a0<strong>AMILO<\/strong>\u00a0funktioniert dank der Software WordPress, die von der Firma AMILO parametrisiert und integriert wurde.<\/p>\t\t\t\t\t\t\t\t<\/div>\n\t\t\t\t\t<\/div>\n\t\t\t\t<\/div>\n\t\t\t\t<\/div>","protected":false},"excerpt":{"rendered":"<p>Propri\u00e9t\u00e9 Le site\u00a0Amilo Suisse\u00a0\u00a0est \u00e9dit\u00e9 par la soci\u00e9t\u00e9\u00a0AMILO\u00a0dont le si\u00e8ge social est situ\u00e9 \u00e0 La Jonch\u00e8re 23230 GOUZON et immatricul\u00e9e aupr\u00e8s du Registre du Commerce et des Soci\u00e9t\u00e9s de Gu\u00e9ret. SAS au capital de 55555,50 \u20acSiret : 832\u00a0233\u00a0035\u00a0000 19Code activit\u00e9 : APE 4669 BN\u00b0 de TVA Intra-communautaire : FR 15 832\u00a0233\u00a0035 Tel. :\u00a0+335 32 60 [&hellip;]<\/p>\n","protected":false},"author":1,"featured_media":0,"parent":0,"menu_order":0,"comment_status":"closed","ping_status":"closed","template":"","meta":{"_acf_changed":false,"footnotes":""},"class_list":["post-329","page","type-page","status-publish","hentry"],"acf":[],"_links":{"self":[{"href":"https:\/\/ch.amilo.earth\/de\/wp-json\/wp\/v2\/pages\/329","targetHints":{"allow":["GET"]}}],"collection":[{"href":"https:\/\/ch.amilo.earth\/de\/wp-json\/wp\/v2\/pages"}],"about":[{"href":"https:\/\/ch.amilo.earth\/de\/wp-json\/wp\/v2\/types\/page"}],"author":[{"embeddable":true,"href":"https:\/\/ch.amilo.earth\/de\/wp-json\/wp\/v2\/users\/1"}],"replies":[{"embeddable":true,"href":"https:\/\/ch.amilo.earth\/de\/wp-json\/wp\/v2\/comments?post=329"}],"version-history":[{"count":4,"href":"https:\/\/ch.amilo.earth\/de\/wp-json\/wp\/v2\/pages\/329\/revisions"}],"predecessor-version":[{"id":334,"href":"https:\/\/ch.amilo.earth\/de\/wp-json\/wp\/v2\/pages\/329\/revisions\/334"}],"wp:attachment":[{"href":"https:\/\/ch.amilo.earth\/de\/wp-json\/wp\/v2\/media?parent=329"}],"curies":[{"name":"wp","href":"https:\/\/api.w.org\/{rel}","templated":true}]}}