{"id":324,"date":"2026-05-02T07:37:22","date_gmt":"2026-05-02T07:37:22","guid":{"rendered":"https:\/\/ch.amilo.earth\/?page_id=324"},"modified":"2026-05-02T08:08:01","modified_gmt":"2026-05-02T08:08:01","slug":"allgemeine-geschaftsbedingungen","status":"publish","type":"page","link":"https:\/\/ch.amilo.earth\/de\/conditions-generales-de-vente\/","title":{"rendered":"Allgemeine Verkaufsbedingungen"},"content":{"rendered":"<div data-elementor-type=\"wp-page\" data-elementor-id=\"324\" class=\"elementor elementor-324\" data-elementor-post-type=\"page\">\n\t\t\t\t<div class=\"elementor-element elementor-element-bc0a16e e-flex e-con-boxed e-con e-parent\" data-id=\"bc0a16e\" data-element_type=\"container\" data-e-type=\"container\">\n\t\t\t\t\t<div class=\"e-con-inner\">\n\t\t\t\t<div class=\"elementor-element elementor-element-681dfa8 elementor-widget elementor-widget-heading\" data-id=\"681dfa8\" data-element_type=\"widget\" data-e-type=\"widget\" data-widget_type=\"heading.default\">\n\t\t\t\t\t<h1 class=\"elementor-heading-title elementor-size-default\">Allgemeine Verkaufsbedingungen<\/h1>\t\t\t\t<\/div>\n\t\t\t\t\t<\/div>\n\t\t\t\t<\/div>\n\t\t<div class=\"elementor-element elementor-element-0108371 e-flex e-con-boxed e-con e-parent\" data-id=\"0108371\" data-element_type=\"container\" data-e-type=\"container\">\n\t\t\t\t\t<div class=\"e-con-inner\">\n\t\t\t\t<div class=\"elementor-element elementor-element-c3a2018 elementor-widget elementor-widget-text-editor\" data-id=\"c3a2018\" data-element_type=\"widget\" data-e-type=\"widget\" data-widget_type=\"text-editor.default\">\n\t\t\t\t\t\t\t\t\t<p><strong>Pr\u00e4ambel: Eink\u00e4ufe auf der Website von Amilo Schweiz sind nur f\u00fcr Einwohner der Schweiz m\u00f6glich. F\u00fcr alle anderen europ\u00e4ischen Einwohner konsultieren Sie bitte die Website <a href=\"https:\/\/www.amilo.earth\" target=\"_blank\" rel=\"noopener\">Amilo Frankreich<\/a>.<\/strong><\/p>\t\t\t\t\t\t\t\t<\/div>\n\t\t\t\t\t<\/div>\n\t\t\t\t<\/div>\n\t\t<div class=\"elementor-element elementor-element-3f6b130 e-flex e-con-boxed e-con e-parent\" data-id=\"3f6b130\" data-element_type=\"container\" data-e-type=\"container\">\n\t\t\t\t\t<div class=\"e-con-inner\">\n\t\t\t\t<div class=\"elementor-element elementor-element-7d97e86 elementor-widget elementor-widget-text-editor\" data-id=\"7d97e86\" data-element_type=\"widget\" data-e-type=\"widget\" data-widget_type=\"text-editor.default\">\n\t\t\t\t\t\t\t\t\t<p>Die vorliegenden Bedingungen werden zwischen der Firma AMILO, eingetragen im Handelsregister von Gu\u00e9ret unter der Nummer 832 233 035, mit Sitz in La Jonch\u00e8re 23230 Gouzon, Frankreich, einerseits und andererseits den Personen, die einen Kauf \u00fcber die Internetseite t\u00e4tigen m\u00f6chten, abgeschlossen. <a href=\"https:\/\/ch.amilo.earth\/de\/\">AMILO SCHWEIZ<\/a>. AMILO dankt ihnen daf\u00fcr. Die Parteien vereinbaren, dass ihre Beziehungen ausschlie\u00dflich durch den vorliegenden Vertrag geregelt werden, unter Ausschluss jeglicher Bedingungen, die zuvor auf der Website verf\u00fcgbar waren. Sollte eine Bedingung fehlen, wird davon ausgegangen, dass sie durch die geltenden Gepflogenheiten im Bereich des Fernabsatzes geregelt wird, dessen Gesellschaften ihren Sitz in Frankreich haben. Das Unternehmen AMILO verpflichtet sich, alle Bestimmungen des Verbrauchergesetzbuches \u00fcber den Fernabsatz und insbesondere die Artikel L111-1 ff. und L121-17 und L121-18 des Verbrauchergesetzbuches \u00fcber den Schutz des Verbrauchers einzuhalten. Und auch daf\u00fcr zu sorgen, dass der Verbraucher in seinen Entscheidungen sowie in seiner Freiheit, die gew\u00fcnschten Produkte bewusst zu erwerben oder nicht, begleitet und respektiert wird.<\/p><h2>1 - DAS ANGEBOT<\/h2><p class=\"Default\">G\u00fcltigkeitsdauer: Da es keine genauen Daten gibt, die die G\u00fcltigkeit des Angebots angeben, sind die Angebote auf der Website zum Zeitpunkt ihres Erscheinens auf der Website g\u00fcltig.<br \/>R\u00e4umlicher Geltungsbereich: Die Angebote gelten f\u00fcr jeden Kauf, der innerhalb der Europ\u00e4ischen Union versandt wird. Au\u00dferhalb dieser Zone muss der Kunde einen schriftlichen Antrag auf einen Kostenvoranschlag stellen, indem er das Kontaktformular der Website benutzt.<br \/>Preise und Mehrwertsteuer: Die Preise sind in Euro angegeben und beinhalten alle Steuern. Sie ber\u00fccksichtigen die am Tag der Bestellung \u00f6rtlich geltende Mehrwertsteuer. F\u00fcr den erm\u00e4\u00dfigten Mehrwertsteuersatz (verkaufte Systeme inklusive Montage) wird eine vereinfachte Bescheinigung der Mehrwertsteuer verlangt.<\/p><h2>2 - PRODUKTKONFORMIT\u00c4T<\/h2><p>Die Kunden werden darauf hingewiesen, dass AMILO-Produkte in einem Wasserkreislauf f\u00fcr den menschlichen Gebrauch (EDCH) installiert werden und dass \u00fcber die in der Gebrauchsanweisung und auf der Website angegebene maximale Nutzungsdauer oder die f\u00fcr die Kartuschen empfohlene maximale Wassermenge hinaus\u00a0<a href=\"https:\/\/www.amilo.earth\/\">ch.<\/a><a href=\"https:\/\/ch.amilo.earth\/de\/\">amilo<\/a><a href=\"https:\/\/www.amilo.earth\/\">.earth<\/a>, Wenn die Patronen nicht korrekt ausgetauscht werden, sind die Eigenschaften der Ger\u00e4te nicht mehr garantiert.<br \/>Bei Anlagen, die mit netzfremdem Entnahmewasser (EDCH) arbeiten, muss die Situation spezifisch untersucht werden und es m\u00fcssen Wasseranalysen bereitgestellt werden, die es erm\u00f6glichen, die AMILO-Systeme f\u00fcr das Netz (EDCH) mit Verfahren zu erg\u00e4nzen, die der Situation angemessen sind. In jedem Fall bleibt der Kunde verantwortlich f\u00fcr die endg\u00fcltige Entscheidung, dieses Wasser zu konsumieren, dessen Qualit\u00e4tsparameter je nach der \u00e4u\u00dferen Umgebung, der das Wasser ausgesetzt ist, schwanken k\u00f6nnen.<\/p><h2>3 - GARANTIE<\/h2><p>Der Verbraucher verf\u00fcgt \u00fcber eine Frist von zwei Jahren ab der Lieferung der Ware, um bei Auftreten eines Konformit\u00e4tsmangels die Anwendung der gesetzlichen Konformit\u00e4tsgarantie zu erwirken. W\u00e4hrend dieser Frist muss der Verbraucher nur das Vorhandensein der Vertragswidrigkeit nachweisen und nicht den Zeitpunkt ihres Auftretens.\u00a0<br \/>Die gesetzliche Konformit\u00e4tsgarantie bringt f\u00fcr den Gewerbetreibenden gegebenenfalls die Verpflichtung mit sich, alle Aktualisierungen bereitzustellen, die f\u00fcr die Aufrechterhaltung der Konformit\u00e4t des Gutes erforderlich sind. Die gesetzliche Konformit\u00e4tsgarantie gibt dem Verbraucher das Recht, das Gut innerhalb von drei\u00dfig Tagen nach seinem Antrag kostenlos und ohne erhebliche Nachteile f\u00fcr ihn zu reparieren oder zu ersetzen. Wird das Gut im Rahmen der gesetzlichen Konformit\u00e4tsgarantie repariert, hat der Verbraucher Anspruch auf eine Verl\u00e4ngerung der urspr\u00fcnglichen Garantie um sechs Monate. Wenn der Verbraucher die Reparatur des Gutes verlangt, der Verk\u00e4ufer aber den Austausch des Gutes erzwingt, wird die gesetzliche Konformit\u00e4tsgarantie f\u00fcr einen Zeitraum von zwei Jahren ab dem Datum des Austauschs des Gutes verl\u00e4ngert.<br \/>Der Verbraucher kann eine Minderung des Kaufpreises erhalten, indem er die Ware beh\u00e4lt, oder den Vertrag beenden und sich gegen R\u00fcckgabe der Ware den vollen Kaufpreis erstatten lassen, wenn :<br \/>1\u00b0 Der Gewerbetreibende weigert sich, das Gut zu reparieren oder zu ersetzen; ;<br \/>2\u00b0 Die Reparatur oder der Ersatz des Gutes erfolgt nach einer Frist von drei\u00dfig Tagen ;<br \/>3\u00b0 die Nachbesserung oder der Ersatz des Gutes f\u00fcr den Verbraucher mit erheblichen Unannehmlichkeiten verbunden ist, insbesondere wenn der Verbraucher endg\u00fcltig die Kosten f\u00fcr die R\u00fccknahme oder Entfernung des vertragswidrigen Gutes oder die Kosten f\u00fcr den Einbau des nachgebesserten oder ersatzweise gelieferten Gutes tr\u00e4gt ;<br \/>4\u00b0 die Nichtkonformit\u00e4t des Gutes trotz des erfolglos gebliebenen Versuchs des Verk\u00e4ufers, die Konformit\u00e4t herzustellen, fortbesteht.<br \/>Der Verbraucher hat auch das Recht, den Preis des Gutes zu mindern oder den Vertrag aufzul\u00f6sen, wenn die Vertragswidrigkeit so schwerwiegend ist, dass sie die sofortige Minderung des Preises oder die sofortige Aufl\u00f6sung des Vertrags rechtfertigt. Der Verbraucher ist dann nicht verpflichtet, zuvor die Nachbesserung oder den Ersatz des Gutes zu verlangen.<br \/>Der Verbraucher hat kein Recht auf Aufl\u00f6sung des Kaufvertrags, wenn die Vertragswidrigkeit geringf\u00fcgig ist.<br \/>Jede Zeit, in der das Gut zum Zwecke der Reparatur oder des Austauschs stillgelegt wird, setzt die Garantie aus, die bis zur Lieferung des instandgesetzten Gutes noch lief. Die oben genannten Rechte ergeben sich aus der Anwendung der Artikel L. 217-1 bis L. 217-32 des Verbraucherschutzgesetzes. Ein Verk\u00e4ufer, der b\u00f6sgl\u00e4ubig die Inanspruchnahme der gesetzlichen Konformit\u00e4tsgarantie behindert, muss mit einer zivilrechtlichen Geldstrafe von maximal 300 000 EUR rechnen, die auf bis zu 10 % des durchschnittlichen Jahresumsatzes erh\u00f6ht werden kann (Artikel L. 241-5 des Verbrauchergesetzbuchs).<br \/>Der Verbraucher profitiert auch von der gesetzlichen Garantie f\u00fcr versteckte M\u00e4ngel in Anwendung der Artikel 1641 bis 1649 des Zivilgesetzbuches f\u00fcr eine Dauer von zwei Jahren ab der Entdeckung des Mangels. Diese Garantie berechtigt zu einer Preisminderung, wenn die Ware behalten wird, oder zu einer vollst\u00e4ndigen R\u00fcckerstattung gegen R\u00fcckgabe der Ware.<br \/>Kommerzielle Garantie: Die kommerzielle Garantie f\u00fcr die Hardware ist die Garantie der Hersteller. Sie bezieht sich ausschlie\u00dflich auf die Reparatur oder den Austausch von Komponenten der Hardware oder gegebenenfalls des Produkts selbst, die den nominalen Betrieb der Hardware beeintr\u00e4chtigen und von der technischen Abteilung des Herstellers als defekt anerkannt werden.<\/p><h2>4 - BEST\u00c4TIGUNG UND BEST\u00c4TIGUNG DER BESTELLUNG<\/h2><p>Die Bestellung wird auf der Website in dem Moment registriert, in dem sich der Nutzer auf der Website Amilo Suisse identifiziert hat. Jede Bestellung gilt als Annahme der Preise und der Beschreibung der zum Verkauf angebotenen Produkte. Wenn der Kunde seine Bestellung best\u00e4tigt, erkl\u00e4rt er, diese sowie die Integrit\u00e4t der vorliegenden Allgemeinen Gesch\u00e4ftsbedingungen vollst\u00e4ndig und vorbehaltlos zu akzeptieren. Die von Amilo Suisse gespeicherten Daten stellen den Beweis f\u00fcr alle auf der Website get\u00e4tigten Transaktionen dar. <a href=\"https:\/\/ch.amilo.earth\/de\/\">Amilo Suisse<\/a>.<br \/>Die von den verschiedenen Zahlungssystemen gespeicherten Daten stellen den Beweis f\u00fcr die finanziellen Transaktionen dar. Sobald der Kunde die Bestellung best\u00e4tigt hat, wird AMILO ihm die Annahme der Bestellung per E-Mail best\u00e4tigen. Die Verfolgung der laufenden Bestellungen ist im Online-Kundenbereich \u00abMein Konto\u00bb m\u00f6glich oder durch direkte Kontaktaufnahme mit dem Kundenservice am <a href=\"https:\/\/ch.amilo.earth\/de\/kontaktieren-sie-amilo-schweiz\/\">Kontaktformular<\/a> der Website Amilo Schweiz.<br \/>Bei Bestellungen, die nicht aus dem Amilo-Shop stammen, muss der Kunde ein vorvertragliches Informationsdokument (PID) unterzeichnen. Die Unterzeichnung dieses Dokuments dient ausschlie\u00dflich dem Nachweis, dass der Verbraucher die Informationen, die in diesem Dokument vollst\u00e4ndig enthalten sind, auf der Vorder- und R\u00fcckseite zur Kenntnis genommen hat.<br \/>Dieses Dokument verpflichtet den Verbraucher nicht, eine Bestellung aufzugeben.<br \/>Danach kann das Bestellformular mit der Unterschrift beider Parteien best\u00e4tigt werden.<\/p><h2>5 - PREISE<\/h2><p>Die Preise der verkauften Waren sind die am Tag der Bestellung g\u00fcltigen Preise. Sie sind in Euro angegeben und werden inklusive aller Steuern berechnet (zuz\u00fcglich der am Tag der Bestellung anfallenden Transportkosten).<br \/>Die Firma Amilo beh\u00e4lt sich das Recht vor, ihre Preise jederzeit zu \u00e4ndern. Sie verpflichtet sich jedoch, die bestellten Waren zu den Preisen in Rechnung zu stellen, die bei der Registrierung der Bestellung angegeben wurden.<\/p><h2>6 - BEZAHLUNG<\/h2><p>Die Bezahlung der Bestellungen erfolgt in voller H\u00f6he bei der Bestellung :<\/p><ul><li>Entweder per Scheck; ausgestellt auf Amilo SAS - La Jonch\u00e8re - 23230 Gouzon<\/li><li>Entweder per PayPal \/ Kreditkarte; direkter Zahlungslink, wenn es sich um einen direkten Kauf auf der Website handelt <a href=\"https:\/\/ch.amilo.earth\/de\/\">Amilo Suisse<\/a>.<\/li><li>Entweder mit einer externen Finanzierungsorganisation in 4 bis 12 Raten geb\u00fchrenfrei oder nach Aktenlage.<\/li><li>Entweder per Bank\u00fcberweisung<\/li><\/ul><p>Nur f\u00fcr Wohnmodelle, die per Scheck oder \u00dcberweisung bezahlt werden: mit 50% des Gesamtbetrages der Bestellung bei Unterzeichnung der Bestellung und 50% bei Erhalt des Materials.<\/p><h2>7 - VERF\u00dcGBARKEIT<\/h2><p>Unsere Lagerbest\u00e4nde sind ausreichend, um die \u00fcblicherweise festgestellte Nachfrage zu befriedigen. Gelegentlich kann es vorkommen, dass wir ein Produkt nicht vorr\u00e4tig haben, in diesem Fall ist es nicht mehr verf\u00fcgbar.<\/p><h2>8 - VERSAND &amp; FRISTEN<\/h2><p>Jede Bestellung wird so schnell wie m\u00f6glich von unserer Logistikabteilung in einem unserer Lager bearbeitet, und zwar von Montag bis Freitag einschlie\u00dflich. Ber\u00fccksichtigung der Bestellungen: 48 Arbeitsstunden nach Eingang der Bestellung und ihrer Bezahlung.<br \/>Zusammenbau und Vorbereitung: 2 bis 7 Werktage, dann \u00dcbergabe an den Spediteur. Sonder- und Mehrfachbestellungen, spezielles Material f\u00fcr Fachleute oder Lieferung auf Paletten: bis zu 15 Werktage. Lieferung nach Hause: per Spedition oder Colissimo je nach Gewicht, in der Regel 24 bis 48 Arbeitsstunden nach der Vorbereitung der Bestellung, je nach Gr\u00f6\u00dfe und Gewicht des Pakets.<br \/><strong>Ab einem Bestellwert von 500\u20ac ist der Versand kostenlos.<\/strong>, F\u00fcr Frankreich und einige angrenzende L\u00e4nder (auf Anfrage).<br \/>Bei Erhalt der Ware verpflichtet sich der Kunde, den Inhalt zu \u00fcberpr\u00fcfen und gegebenenfalls Vorbehalte zu \u00e4u\u00dfern. Die Firma Amilo kann nicht f\u00fcr Lieferverz\u00f6gerungen durch den Spediteur oder f\u00fcr die Besch\u00e4digung des Inhalts des Pakets w\u00e4hrend des Transports haftbar gemacht werden.<\/p><h2>9 - \u00dcBERTRAGUNG DES SORGERECHTS<\/h2><p>Unsere Materialien werden dem Spediteur anvertraut, der mit der Lieferung an den vom Kunden angegebenen Ort beauftragt ist, auch wenn sie franko versandt werden. Amilo verpflichtet sich zum Zeitpunkt der Best\u00e4tigung der Bestellung, den Gegenstand rechtzeitig und in gutem Zustand liefern zu lassen. Erfolgt keine Lieferung, wird der Verkauf storniert und Sie erhalten Ihr Geld innerhalb von 14 Tagen ab dem Tag, an dem Sie das Unternehmen \u00fcber Ihre Absicht informieren, zur\u00fcckerstattet.<\/p><h2>10 - SERVICE NACH DEM VERKAUF<\/h2><p>Bei Vorf\u00e4llen im Zusammenhang mit dem Erhalt der Artikel oder bei anderen Meldungen bez\u00fcglich eines Produkts, seiner Installation oder Inbetriebnahme muss der Kunde Amilo Schweiz \u00fcber den Link von kontaktieren.\u00a0 <a href=\"https:\/\/ch.amilo.earth\/de\/kontaktieren-sie-amilo-schweiz\/\">Seitenkontakt<\/a>\u00a0oder unseren Kundendienst unter 04 15 45 88 55.<br \/>AMILO wird alles tun, um sicherzustellen, dass seine Produkte und Dienstleistungen zur vollen Zufriedenheit der Kunden eingesetzt werden. Unsere Netzwerkpartner sowie der technische Dienst stehen dem Kunden bei der Installation und Inbetriebnahme der Ger\u00e4te zur Seite und freuen sich, wenn sie ihm bei Bedarf weiterhelfen k\u00f6nnen.<\/p><h2>11. SICHERUNG UND VERTRAULICHKEIT<\/h2><h3>A. Sicherung<\/h3><p>AMILO hat sich f\u00fcr die sichere Zahlungsl\u00f6sung entschieden, die von Cr\u00e9dit Coop\u00e9ratif vermarktet wird. Die \u00dcbermittlung der Kreditkartennummer erfolgt \u00fcber die gesicherte Website der Bank. AMILO hat zu keinem Zeitpunkt Kenntnis von dieser Nummer. Der Kunde wird am Tag der Zahlung belastet.<\/p><h3>B. Vertraulichkeit der pers\u00f6nlichen Daten<\/h3><p>Die E-Mail-Adressen sind nur f\u00fcr die Abteilungen von AMILO bestimmt, die die Standards f\u00fcr die Verarbeitung personenbezogener Daten wie unten angegeben einhalten.<br \/>Verarbeitung personenbezogener Daten (CNIL-Erkl\u00e4rungsnummer: 1224120) : Die gesammelten personenbezogenen Daten sind Gegenstand von zwei Verarbeitungen, f\u00fcr die jeweils AMILO und der AMILO-Beratungspartner verantwortlich sind. Die computergest\u00fctzte Verarbeitung der gesammelten personenbezogenen Daten dient der Verwaltung von Bestellungen, der \u00dcbermittlung von Informationen \u00fcber AMILO-Produkte und AMILO-Events. Diese Daten werden zur Erf\u00fcllung des Vertrags und im Rahmen der berechtigten Interessen der Parteien verarbeitet. Die mit einem Sternchen gekennzeichneten Informationen (Name, Vorname, vollst\u00e4ndige Adresse) sind obligatorisch, da die Nichtbeantwortung eines dieser Felder die ordnungsgem\u00e4\u00dfe Bearbeitung der Bestellung und des Versands verhindern kann. Die Daten sind f\u00fcr die Verwaltung sowie f\u00fcr externe Dienstleister bestimmt, die AMILO mit der Lieferung der Bestellung beauftragt. Die \u00fcbrigen Angaben sind nicht obligatorisch. Es steht dem Verbraucher frei, diese Informationen auszuf\u00fcllen. Wenn er seine Daten \u00fcbermittelt, wird er dar\u00fcber informiert, dass sie dazu dienen, ihn anrufen zu k\u00f6nnen\/ihm Informationen von der Firma zu senden. Diese Daten werden nicht \u00fcbertragen. Gem\u00e4\u00df dem Gesetz hat der Verbraucher ein Recht auf Zugang, Berichtigung, Widerspruch, Einschr\u00e4nkung der Verarbeitung, L\u00f6schung und \u00dcbertragbarkeit der ihn betreffenden Daten, das er bei den f\u00fcr die Verarbeitung Verantwortlichen schriftlich unter Angabe seines Namens, Vornamens und seiner Anschrift sowie unter Beif\u00fcgung einer Kopie der Vorder- und R\u00fcckseite seines Personalausweises an die Anschrift des Firmensitzes von AMILO geltend machen kann. Bei Schwierigkeiten im Zusammenhang mit der Verwaltung personenbezogener Daten kann der Verbraucher eine Beschwerde an den Datenschutzbeauftragten \u00fcber den Link in <a href=\"https:\/\/ch.amilo.earth\/de\/kontaktieren-sie-amilo-schweiz\/\">Seitenkontakt<\/a>\u00a0oder bei der CNIL oder einer anderen zust\u00e4ndigen Beh\u00f6rde. Diese Daten werden f\u00fcr maximal drei Jahre ab dem Ende der Gesch\u00e4ftsbeziehung oder dem Erl\u00f6schen der Garantie und der letzten Kommunikation mit dem Verbraucher aufbewahrt.<\/p><h3>C. Telefonwerbung<\/h3><p>Wenn der Verbraucher es w\u00fcnscht, hat er die M\u00f6glichkeit, sich kostenlos in die in Artikel L223-1 vorgesehene Liste zur Verhinderung von Telefonwerbung einzutragen, wenn er nicht auf diesem Weg beworben werden m\u00f6chte.<\/p><h2>12- ANWENDBARES RECHT<\/h2><p>Im Falle von Streitigkeiten kann sich der Verbraucher zun\u00e4chst an den Gesch\u00e4ftsf\u00fchrer des Unternehmens unter \u00fcber den Link von wenden.\u00a0 <a href=\"https:\/\/ch.amilo.earth\/de\/kontaktieren-sie-amilo-schweiz\/\">Seitenkontakt<\/a>. Amilo wird alles tun, um eine f\u00fcr beide Seiten g\u00fcnstige L\u00f6sung zu finden, damit ein harmonisches Gleichgewicht f\u00fcr alle Beteiligten gefunden wird. Sollte keine L\u00f6sung gefunden werden (was sehr unwahrscheinlich ist), kann der Verbraucher den Schlichtungsdienst kontaktieren: CPMVD\u00a0<a href=\"https:\/\/mediation-vente-directe.fr\/index.php\/homepage\/comment-saisir-la-cpmvd\/\">mediation-vente-directe.fr\/index.php\/homepage\/wie-ergreife-ich-die-cpmvd<\/a><\/p><h2>13- EIGENTUMSVORBEHALT<\/h2><p>AMILO beh\u00e4lt sich ausdr\u00fccklich das Eigentum an den gelieferten Waren vor, bis der Preis f\u00fcr seine Waren vollst\u00e4ndig eingezogen ist. Sollte es bei der Bezahlung der Bestellung zu Problemen kommen, informieren Sie uns bitte so schnell wie m\u00f6glich, damit dies von unseren Abteilungen bestm\u00f6glich gehandhabt werden kann und wir ein Verfahren einleiten k\u00f6nnen, das es uns erm\u00f6glicht, unsere Bestellvereinbarung ordnungsgem\u00e4\u00df abzuschlie\u00dfen.<\/p><h2>14- WIDERRUFSBEDINGUNGEN<\/h2><p>Wenn Sie Ihre Meinung \u00e4ndern (Artikel L.221-18 ff. des Verbraucherschutzgesetzes), haben Sie innerhalb von 14 Kalendertagen ab dem Tag des Erhalts der Ware das Recht, Ihren Kauf kostenlos zu widerrufen, sofern Sie das Unternehmen per Einschreiben an Entreprise Amilo SAS oder durch R\u00fccksendung des Widerrufsformulars davon in Kenntnis setzen. Amilo wird den Erhalt des Widerrufs auf einem dauerhaften Datentr\u00e4ger best\u00e4tigen, der an den Kunden zur\u00fcckgeschickt wird. Falls bereits Produkte geliefert wurden, m\u00fcssen diese innerhalb von 14 Tagen nach dem Widerruf auf Kosten des Kunden zur\u00fcckgesandt werden. Die R\u00fcckerstattung erfolgt innerhalb von 14 Tagen nach Erhalt der Produkte in einwandfreiem und unbenutztem Zustand.<br \/>Jede Stornierung, Aussetzung oder K\u00fcndigung einer Bestellung, die nach der gesetzlichen Frist von 14 Tagen erfolgt, hat zur Folge, dass 30% der Bestellungen bezahlt werden muss, um die Transportkosten und die geleistete Arbeit zu entsch\u00e4digen.<br \/>Alle Produkte, die ver\u00e4ndert oder eingebaut wurden, k\u00f6nnen nicht zur\u00fcckgenommen werden.<\/p>\t\t\t\t\t\t\t\t<\/div>\n\t\t\t\t\t<\/div>\n\t\t\t\t<\/div>\n\t\t\t\t<\/div>","protected":false},"excerpt":{"rendered":"<p>Pr\u00e9ambule : les achats sur le site Amilo Suisse ne sont possibles que pour les r\u00e9sidents Suisses. Pour tous les autres habitants Europ\u00e9ens, merci de consulter le site Amilo France. Les pr\u00e9sentes conditions sont conclues entre La soci\u00e9t\u00e9 AMILO, inscrite au RCS de Gu\u00e9ret sous le num\u00e9ro 832 233 035, sise \u00e0 La Jonch\u00e8re 23230 [&hellip;]<\/p>\n","protected":false},"author":1,"featured_media":0,"parent":0,"menu_order":0,"comment_status":"closed","ping_status":"closed","template":"","meta":{"_acf_changed":false,"footnotes":""},"class_list":["post-324","page","type-page","status-publish","hentry"],"acf":[],"_links":{"self":[{"href":"https:\/\/ch.amilo.earth\/de\/wp-json\/wp\/v2\/pages\/324","targetHints":{"allow":["GET"]}}],"collection":[{"href":"https:\/\/ch.amilo.earth\/de\/wp-json\/wp\/v2\/pages"}],"about":[{"href":"https:\/\/ch.amilo.earth\/de\/wp-json\/wp\/v2\/types\/page"}],"author":[{"embeddable":true,"href":"https:\/\/ch.amilo.earth\/de\/wp-json\/wp\/v2\/users\/1"}],"replies":[{"embeddable":true,"href":"https:\/\/ch.amilo.earth\/de\/wp-json\/wp\/v2\/comments?post=324"}],"version-history":[{"count":7,"href":"https:\/\/ch.amilo.earth\/de\/wp-json\/wp\/v2\/pages\/324\/revisions"}],"predecessor-version":[{"id":343,"href":"https:\/\/ch.amilo.earth\/de\/wp-json\/wp\/v2\/pages\/324\/revisions\/343"}],"wp:attachment":[{"href":"https:\/\/ch.amilo.earth\/de\/wp-json\/wp\/v2\/media?parent=324"}],"curies":[{"name":"wp","href":"https:\/\/api.w.org\/{rel}","templated":true}]}}