{"id":3,"date":"2026-05-01T03:27:12","date_gmt":"2026-05-01T03:27:12","guid":{"rendered":"https:\/\/ch.amilo.earth\/?page_id=3"},"modified":"2026-05-02T07:31:50","modified_gmt":"2026-05-02T07:31:50","slug":"datenschutzrichtlinie","status":"publish","type":"page","link":"https:\/\/ch.amilo.earth\/de\/politique-confidentialite\/","title":{"rendered":"Datenschutzrichtlinie"},"content":{"rendered":"<div data-elementor-type=\"wp-page\" data-elementor-id=\"3\" class=\"elementor elementor-3\" data-elementor-post-type=\"page\">\n\t\t\t\t<div class=\"elementor-element elementor-element-704daf9 e-flex e-con-boxed e-con e-parent\" data-id=\"704daf9\" data-element_type=\"container\" data-e-type=\"container\">\n\t\t\t\t\t<div class=\"e-con-inner\">\n\t\t\t\t<div class=\"elementor-element elementor-element-3d4c2ae elementor-widget elementor-widget-heading\" data-id=\"3d4c2ae\" data-element_type=\"widget\" data-e-type=\"widget\" data-widget_type=\"heading.default\">\n\t\t\t\t\t<h1 class=\"elementor-heading-title elementor-size-default\">Datenschutzrichtlinie<\/h1>\t\t\t\t<\/div>\n\t\t\t\t\t<\/div>\n\t\t\t\t<\/div>\n\t\t<div class=\"elementor-element elementor-element-4103b926 e-flex e-con-boxed e-con e-parent\" data-id=\"4103b926\" data-element_type=\"container\" data-e-type=\"container\">\n\t\t\t\t\t<div class=\"e-con-inner\">\n\t\t\t\t<div class=\"elementor-element elementor-element-1337a0df elementor-widget elementor-widget-text-editor\" data-id=\"1337a0df\" data-element_type=\"widget\" data-e-type=\"widget\" data-widget_type=\"text-editor.default\">\n\t\t\t\t\t\t\t\t\t<h2 class=\"wp-block-heading\">Wer sind wir?<\/h2>\n<p>Die Adresse unserer Website ist: https:\/\/ch.amilo.earth.<\/p>\n<h2 class=\"wp-block-heading\">Kommentare<\/h2>\n<p>Wenn Sie einen Kommentar auf unserer Website hinterlassen, werden die in das Kommentarformular eingetragenen Daten sowie Ihre IP-Adresse und der User Agent Ihres Browsers gesammelt, um uns bei der Erkennung unerw\u00fcnschter Kommentare zu helfen.<\/p>\n<p>Eine aus Ihrer E-Mail-Adresse erstellte anonymisierte Zeichenfolge (auch Hash genannt) kann an den Gravatar-Dienst gesendet werden, um zu \u00fcberpr\u00fcfen, ob Sie den Dienst nutzen. Die Datenschutzbestimmungen des Gravatar-Dienstes finden Sie hier: https:\/\/automattic.com\/privacy\/. Nachdem Sie Ihren Kommentar freigeschaltet haben, wird Ihr Profilbild neben Ihrem Kommentar \u00f6ffentlich sichtbar sein.<\/p>\n<h2 class=\"wp-block-heading\">Medien<\/h2>\n<p>Wenn Sie Bilder auf die Website hochladen, empfehlen wir Ihnen, keine Bilder hochzuladen, die EXIF-Daten von GPS-Koordinaten enthalten. Personen, die Ihre Website besuchen, k\u00f6nnen aus diesen Bildern Standortdaten herunterladen und extrahieren.<\/p>\n<h2 class=\"wp-block-heading\">Cookies<\/h2>\n<p>Wenn Sie einen Kommentar auf unserer Website abgeben, wird Ihnen angeboten, Ihren Namen, Ihre E-Mail-Adresse und Ihre Website in Cookies zu speichern. Dies dient lediglich Ihrer Bequemlichkeit, damit Sie diese Informationen nicht eingeben m\u00fcssen, wenn Sie sp\u00e4ter einen weiteren Kommentar abgeben. Diese Cookies laufen nach einem Jahr ab.<\/p>\n<p>Wenn Sie die Anmeldeseite aufrufen, wird ein tempor\u00e4res Cookie erstellt, um festzustellen, ob Ihr Browser Cookies akzeptiert. Es enth\u00e4lt keine personenbezogenen Daten und wird automatisch gel\u00f6scht, wenn Sie Ihren Browser schlie\u00dfen.<\/p>\n<p>Wenn Sie sich anmelden, setzen wir eine Reihe von Cookies, um Ihre Anmeldeinformationen und Bildschirmeinstellungen zu speichern. Die Lebensdauer eines Anmelde-Cookies betr\u00e4gt zwei Tage, die eines Cookies f\u00fcr die Bildschirmeinstellungen ein Jahr. Wenn Sie \u00abAn mich erinnern\u00bb ankreuzen, wird Ihr Anmelde-Cookie zwei Wochen lang gespeichert. Wenn Sie sich von Ihrem Konto abmelden, wird das Anmelde-Cookie gel\u00f6scht.<\/p>\n<p>Wenn Sie einen Beitrag bearbeiten oder ver\u00f6ffentlichen, wird ein zus\u00e4tzliches Cookie in Ihrem Browser gespeichert. Dieses Cookie enth\u00e4lt keine pers\u00f6nlichen Daten. Es zeigt lediglich die ID des Beitrags an, den Sie gerade bearbeitet haben. Es l\u00e4uft nach einem Tag ab.<\/p>\n<h2 class=\"wp-block-heading\">Von anderen Seiten eingebettete Inhalte<\/h2>\n<p>Die Artikel auf dieser Website k\u00f6nnen eingebettete Inhalte enthalten (z. B. Videos, Bilder, Artikel ...). Von anderen Websites eingebettete Inhalte verhalten sich genauso, als w\u00fcrde der Besucher diese andere Website besuchen.<\/p>\n<p>Diese Websites k\u00f6nnten Daten \u00fcber Sie sammeln, Cookies verwenden, Tracking-Tools von Drittanbietern einbetten und Ihre Interaktionen mit diesen eingebetteten Inhalten verfolgen, wenn Sie ein angemeldetes Konto auf ihrer Website haben.<\/p>\n<h2 class=\"wp-block-heading\">Verwendung und Weitergabe Ihrer pers\u00f6nlichen Daten<\/h2>\n<p>Wenn du ein Zur\u00fccksetzen deines Passworts anforderst, wird deine IP-Adresse in der E-Mail zum Zur\u00fccksetzen enthalten sein.<\/p>\n<h2 class=\"wp-block-heading\">Speicherfristen f\u00fcr Ihre Daten<\/h2>\n<p>Wenn Sie einen Kommentar hinterlassen, werden der Kommentar und seine Metadaten auf unbestimmte Zeit gespeichert. Dadurch werden nachfolgende Kommentare automatisch erkannt und genehmigt, anstatt sie in der Moderationswarteschlange zu belassen.<\/p>\n<p>F\u00fcr Konten, die sich auf unserer Website registrieren (falls zutreffend), speichern wir auch die in ihrem Profil angegebenen pers\u00f6nlichen Daten. Alle Konten k\u00f6nnen ihre pers\u00f6nlichen Daten jederzeit einsehen, \u00e4ndern oder l\u00f6schen (mit Ausnahme ihres Benutzernamens). Auch die Verwalter der Website k\u00f6nnen diese Informationen einsehen und \u00e4ndern.<\/p>\n<h2 class=\"wp-block-heading\">Die Rechte, die Sie \u00fcber Ihre Daten haben<\/h2>\n<p>Wenn Sie ein Benutzerkonto haben oder Kommentare auf der Website hinterlassen haben, k\u00f6nnen Sie eine Datei anfordern, die alle personenbezogenen Daten enth\u00e4lt, die wir \u00fcber Sie gespeichert haben, einschlie\u00dflich der Daten, die Sie uns zur Verf\u00fcgung gestellt haben. Sie k\u00f6nnen auch verlangen, dass die personenbezogenen Daten \u00fcber Sie gel\u00f6scht werden. Dies gilt nicht f\u00fcr Daten, die zu administrativen, rechtlichen oder Sicherheitszwecken gespeichert werden.<\/p>\n<h2 class=\"wp-block-heading\">Wohin Ihre Daten gesendet werden<\/h2>\n<p>Die Kommentare von Besuchern k\u00f6nnen mithilfe eines automatisierten Dienstes zur Erkennung unerw\u00fcnschter Kommentare \u00fcberpr\u00fcft werden.<\/p>\t\t\t\t\t\t\t\t<\/div>\n\t\t\t\t\t<\/div>\n\t\t\t\t<\/div>\n\t\t<div class=\"elementor-element elementor-element-ddad5b7 e-flex e-con-boxed e-con e-parent\" data-id=\"ddad5b7\" data-element_type=\"container\" data-e-type=\"container\">\n\t\t\t\t\t<div class=\"e-con-inner\">\n\t\t\t\t<div class=\"elementor-element elementor-element-315528a elementor-widget elementor-widget-text-editor\" data-id=\"315528a\" data-element_type=\"widget\" data-e-type=\"widget\" data-widget_type=\"text-editor.default\">\n\t\t\t\t\t\t\t\t\t<p>Wir sammeln Informationen, wenn Sie eine Bestellung in unserem Shop best\u00e4tigen.<\/p>\n<h2>Was wir sammeln und speichern<\/h2>\n<p>W\u00e4hrend Ihres Besuchs auf der Website verfolgen wir :<\/p>\n<ul>\n<li>Produkte, die Sie gesehen haben: Hiermit k\u00f6nnen Sie z. B. Produkte anzeigen lassen, die Sie sich k\u00fcrzlich angesehen haben.<\/li>\n<li>Standort, IP-Adresse und Browsertyp: Wir verwenden sie f\u00fcr die Sch\u00e4tzung von Steuern und Versandkosten.<\/li>\n<li>Lieferadresse: Wir werden Sie bitten, diese einzugeben, damit wir die Versandkosten vor der Bestellung absch\u00e4tzen und Ihnen die Bestellung zusenden k\u00f6nnen!<\/li>\n<\/ul>\n<p>Wir verwenden Cookies, um den Inhalt des Warenkorbs zu verfolgen, w\u00e4hrend Sie auf unserer Seite surfen.<\/p>\n<p>Wenn Sie auf unserer Website einkaufen, bitten wir Sie um die Angabe von Informationen, die Ihren Namen, Rechnungsadresse, Lieferadresse, E-Mail-Adresse, Telefonnummer, Zahlungsdaten\/Kreditkarte und eventuell Kontodaten wie Benutzername und Passwort umfassen. Diese Informationen werden zu folgenden Zwecken verwendet<\/p>\n<ul>\n<li>Senden von Informationen \u00fcber Ihr Konto und Ihre Bestellung<\/li>\n<li>Beantwortung von Anfragen, einschlie\u00dflich Erstattungen und Beschwerden<\/li>\n<li>Zahlungsabwicklung und Betrugspr\u00e4vention<\/li>\n<li>Konfigurieren Sie Ihr Konto f\u00fcr unseren Shop<\/li>\n<li>Einhaltung aller gesetzlichen Verpflichtungen, wie z. B. die Berechnung von Steuern<\/li>\n<li>Verbesserung der Angebote in unserem Shop<\/li>\n<li>Ihnen Marketingnachrichten zu senden, wenn Sie sich daf\u00fcr entscheiden, diese zu erhalten<\/li>\n<\/ul>\n<p>Wenn Sie ein Konto einrichten, speichern wir Ihren Namen, Ihre Adresse, E-Mail-Adresse und Telefonnummer, die zur Vorausf\u00fcllung der Bestellbest\u00e4tigung f\u00fcr zuk\u00fcnftige Bestellungen verwendet werden.<\/p>\n<p>Wir speichern Ihre Informationen in der Regel so lange, wie wir sie f\u00fcr den Zweck ben\u00f6tigen, f\u00fcr den wir sie sammeln und verwenden, und wir sind rechtlich nicht verpflichtet, sie weiterhin aufzubewahren. Beispielsweise speichern wir Bestellinformationen f\u00fcr Steuer- und Buchhaltungszwecke 10 Jahre lang. Dies umfasst Ihren Namen, Ihre E-Mail-Adresse sowie Rechnungs- und Lieferadressen.<\/p>\n<p>Wir speichern auch Kommentare oder Meinungen, wenn Sie sich daf\u00fcr entscheiden, solche zu senden.<\/p>\n<h2>Wer aus unserem Team hat Zugriff auf die Daten<\/h2>\n<p>Unsere Teammitglieder haben Zugriff auf die Informationen, die Sie uns zur Verf\u00fcgung stellen. Beispielsweise haben Shop-Administratoren und -Manager Zugriff :<\/p>\n<ul>\n<li>Bestellinformationen wie z. B. was gekauft wurde, wann und wohin es gesendet werden soll, und<\/li>\n<li>Kundeninformationen wie Ihr Name, Ihre E-Mail-Adresse und Rechnungs- und Lieferinformationen.<\/li>\n<\/ul>\n<p>Unser Team hat Zugang zu diesen Informationen, um Bestellungen zu bearbeiten, R\u00fcckerstattungen vorzunehmen und Ihnen zu helfen.<\/p>\n<h2>Was wir mit anderen teilen<\/h2>\n<p>Wir teilen Daten mit Dritten, die uns helfen, unsere Bestellungen und Shop-Dienstleistungen zu verwalten; zum Beispiel -.<\/p>\n<h3>Zahlungen<\/h3>\n<p>Wir akzeptieren Zahlungen per PayPal. Bei der Verarbeitung von Zahlungen werden bestimmte Daten an PayPal \u00fcbermittelt, darunter Informationen, die f\u00fcr die Ausf\u00fchrung der Zahlung erforderlich sind, wie z. B. der Gesamtbetrag oder Rechnungsinformationen.<\/p>\n<p>Bitte lesen Sie die\u00a0<a href=\"https:\/\/www.paypal.com\/us\/webapps\/mpp\/ua\/privacy-full\" target=\"_blank\" rel=\"noopener\">PayPal-Datenschutzrichtlinie<\/a>\u00a0f\u00fcr weitere Details.<\/p>\t\t\t\t\t\t\t\t<\/div>\n\t\t\t\t\t<\/div>\n\t\t\t\t<\/div>\n\t\t\t\t<\/div>","protected":false},"excerpt":{"rendered":"<p>Qui sommes-nous\u00a0? L\u2019adresse de notre site est\u00a0: https:\/\/ch.amilo.earth. Commentaires Quand vous laissez un commentaire sur notre site, les donn\u00e9es inscrites dans le formulaire de commentaire, ainsi que votre adresse IP et l\u2019agent utilisateur de votre navigateur sont collect\u00e9s pour nous aider \u00e0 la d\u00e9tection des commentaires ind\u00e9sirables. Une cha\u00eene anonymis\u00e9e cr\u00e9\u00e9e \u00e0 partir de votre [&hellip;]<\/p>\n","protected":false},"author":1,"featured_media":0,"parent":0,"menu_order":0,"comment_status":"closed","ping_status":"closed","template":"","meta":{"_acf_changed":false,"footnotes":""},"class_list":["post-3","page","type-page","status-publish","hentry"],"acf":[],"_links":{"self":[{"href":"https:\/\/ch.amilo.earth\/de\/wp-json\/wp\/v2\/pages\/3","targetHints":{"allow":["GET"]}}],"collection":[{"href":"https:\/\/ch.amilo.earth\/de\/wp-json\/wp\/v2\/pages"}],"about":[{"href":"https:\/\/ch.amilo.earth\/de\/wp-json\/wp\/v2\/types\/page"}],"author":[{"embeddable":true,"href":"https:\/\/ch.amilo.earth\/de\/wp-json\/wp\/v2\/users\/1"}],"replies":[{"embeddable":true,"href":"https:\/\/ch.amilo.earth\/de\/wp-json\/wp\/v2\/comments?post=3"}],"version-history":[{"count":4,"href":"https:\/\/ch.amilo.earth\/de\/wp-json\/wp\/v2\/pages\/3\/revisions"}],"predecessor-version":[{"id":321,"href":"https:\/\/ch.amilo.earth\/de\/wp-json\/wp\/v2\/pages\/3\/revisions\/321"}],"wp:attachment":[{"href":"https:\/\/ch.amilo.earth\/de\/wp-json\/wp\/v2\/media?parent=3"}],"curies":[{"name":"wp","href":"https:\/\/api.w.org\/{rel}","templated":true}]}}